{"id":652,"date":"2025-10-12T12:54:42","date_gmt":"2025-10-12T12:54:42","guid":{"rendered":"http:\/\/adopteuncrane.fr\/?page_id=652"},"modified":"2026-03-27T17:04:32","modified_gmt":"2026-03-27T17:04:32","slug":"accueil","status":"publish","type":"page","link":"https:\/\/adopteuncrane.fr\/","title":{"rendered":"Accueil"},"content":{"rendered":"\n<figure class=\"wp-block-image aligncenter size-full is-resized\"><img loading=\"lazy\" decoding=\"async\" width=\"800\" height=\"120\" src=\"http:\/\/adopteuncrane.fr\/wp-content\/uploads\/2025\/11\/accueil.png\" alt=\"\" class=\"wp-image-2438\" style=\"width:1096px;height:auto\" srcset=\"https:\/\/adopteuncrane.fr\/wp-content\/uploads\/2025\/11\/accueil.png 800w, https:\/\/adopteuncrane.fr\/wp-content\/uploads\/2025\/11\/accueil-300x45.png 300w, https:\/\/adopteuncrane.fr\/wp-content\/uploads\/2025\/11\/accueil-768x115.png 768w, https:\/\/adopteuncrane.fr\/wp-content\/uploads\/2025\/11\/accueil-100x15.png 100w\" sizes=\"auto, (max-width: 800px) 100vw, 800px\" \/><\/figure>\n\n\n\n<div style=\"height:10px\" aria-hidden=\"true\" class=\"wp-block-spacer\"><\/div>\n\n\n\n<div class=\"wp-block-columns is-layout-flex wp-container-core-columns-is-layout-28f84493 wp-block-columns-is-layout-flex\">\n<div class=\"wp-block-column has-custom-color-2-background-color has-background is-layout-flow wp-block-column-is-layout-flow\">\n<h2 class=\"wp-block-heading has-text-align-center has-large-font-size\"><a href=\"http:\/\/adopteuncrane.fr\/?page_id=117\" data-type=\"page\" data-id=\"117\">\ud835\udd09\ud835\udd1e\ud835\udd2b\ud835\udd31\ud835\udd1e\ud835\udd30\ud835\udd2a\ud835\udd1e\ud835\udd24\ud835\udd2c\ud835\udd2f\ud835\udd26\ud835\udd28<\/a><\/h2>\n\n\n\n<figure class=\"wp-block-image size-full hvr-grow-shadow wp-duotone-unset-1\"><a href=\"http:\/\/adopteuncrane.fr\/?page_id=117\"><img loading=\"lazy\" decoding=\"async\" width=\"500\" height=\"500\" src=\"http:\/\/adopteuncrane.fr\/wp-content\/uploads\/2025\/10\/foxbox_square-1.png\" alt=\"\" class=\"wp-image-1586\" style=\"aspect-ratio:1;object-fit:cover\" srcset=\"https:\/\/adopteuncrane.fr\/wp-content\/uploads\/2025\/10\/foxbox_square-1.png 500w, https:\/\/adopteuncrane.fr\/wp-content\/uploads\/2025\/10\/foxbox_square-1-300x300.png 300w, https:\/\/adopteuncrane.fr\/wp-content\/uploads\/2025\/10\/foxbox_square-1-150x150.png 150w, https:\/\/adopteuncrane.fr\/wp-content\/uploads\/2025\/10\/foxbox_square-1-100x100.png 100w\" sizes=\"auto, (max-width: 500px) 100vw, 500px\" \/><\/a><\/figure>\n\n\n\n<p class=\"has-text-align-left has-small-font-size\" style=\"padding-top:var(--wp--preset--spacing--20);padding-right:var(--wp--preset--spacing--20);padding-bottom:var(--wp--preset--spacing--20);padding-left:var(--wp--preset--spacing--20)\">Des cr\u00e2nes r\u00e9invent\u00e9s dans un univers gothique et chim\u00e9rique.<br>Entre beaut\u00e9 et myst\u00e8re, chaque pi\u00e8ce c\u00e9l\u00e8bre la m\u00e9tamorphose du vivant en \u0153uvre d\u2019art \u2014 o\u00f9 l\u2019ombre se fait lumi\u00e8re et la mort, po\u00e9sie.<\/p>\n\n\n\n<div class=\"wp-block-buttons is-content-justification-center is-layout-flex wp-container-core-buttons-is-layout-adf4db63 wp-block-buttons-is-layout-flex\" style=\"border-style:none;border-width:0px;padding-top:0;padding-bottom:0\">\n<div class=\"wp-block-button hvr-grow-shadow hvr-glow\"><a class=\"wp-block-button__link has-custom-color-3-color has-text-color has-link-color wp-element-button\" href=\"http:\/\/adopteuncrane.fr\/?page_id=117\">VOIR<\/a><\/div>\n<\/div>\n\n\n\n<div style=\"height:10px\" aria-hidden=\"true\" class=\"wp-block-spacer\"><\/div>\n<\/div>\n\n\n\n<div class=\"wp-block-column has-custom-color-2-background-color has-background is-layout-flow wp-block-column-is-layout-flow\" style=\"padding-top:0;padding-right:0;padding-bottom:0;padding-left:0\">\n<h2 class=\"wp-block-heading has-text-align-center has-large-font-size\"><a href=\"http:\/\/adopteuncrane.fr\/?page_id=123\" data-type=\"page\" data-id=\"123\">\ud835\udd12\ud835\udd20\ud835\udd20\ud835\udd33\ud835\udd29\ud835\udd31\ud835\udd22 \ud835\udd2b\ud835\udd2c\ud835\udd26\ud835\udd2f<\/a><\/h2>\n\n\n\n<figure class=\"wp-block-image size-full hvr-grow-shadow\"><a href=\"http:\/\/adopteuncrane.fr\/?page_id=123\"><img loading=\"lazy\" decoding=\"async\" width=\"500\" height=\"500\" src=\"http:\/\/adopteuncrane.fr\/wp-content\/uploads\/2025\/10\/leviathan_square.png\" alt=\"\" class=\"wp-image-1589\" style=\"aspect-ratio:1;object-fit:cover\" srcset=\"https:\/\/adopteuncrane.fr\/wp-content\/uploads\/2025\/10\/leviathan_square.png 500w, https:\/\/adopteuncrane.fr\/wp-content\/uploads\/2025\/10\/leviathan_square-300x300.png 300w, https:\/\/adopteuncrane.fr\/wp-content\/uploads\/2025\/10\/leviathan_square-150x150.png 150w, https:\/\/adopteuncrane.fr\/wp-content\/uploads\/2025\/10\/leviathan_square-100x100.png 100w\" sizes=\"auto, (max-width: 500px) 100vw, 500px\" \/><\/a><\/figure>\n\n\n\n<p class=\"has-small-font-size\" style=\"padding-top:var(--wp--preset--spacing--20);padding-right:var(--wp--preset--spacing--20);padding-bottom:var(--wp--preset--spacing--20);padding-left:var(--wp--preset--spacing--20)\">Une immersion dans les arcanes du sacr\u00e9 noir.<br>Chaque cr\u00e2ne devient un talisman, empreint de symboles occultes et de rituels silencieux.<br>Un hommage \u00e0 la puissance du myst\u00e8re et \u00e0 la beaut\u00e9 du sombre.<\/p>\n\n\n\n<div class=\"wp-block-buttons is-content-justification-center is-layout-flex wp-container-core-buttons-is-layout-a89b3969 wp-block-buttons-is-layout-flex\">\n<div class=\"wp-block-button hvr-grow-shadow hvr-glow\"><a class=\"wp-block-button__link has-small-font-size has-custom-font-size wp-element-button\" href=\"http:\/\/adopteuncrane.fr\/?page_id=123\">VOIR<\/a><\/div>\n<\/div>\n<\/div>\n\n\n\n<div class=\"wp-block-column has-custom-color-2-background-color has-background is-layout-flow wp-block-column-is-layout-flow\">\n<h2 class=\"wp-block-heading has-text-align-center has-large-font-size\"><a href=\"http:\/\/adopteuncrane.fr\/?page_id=384\" data-type=\"page\" data-id=\"384\">\u211c\ud835\udd26\ud835\udd31\ud835\udd32\ud835\udd22\ud835\udd29<\/a><\/h2>\n\n\n\n<figure class=\"wp-block-image size-full has-custom-border hvr-grow-shadow hvr-blur\"><a href=\"http:\/\/adopteuncrane.fr\/?page_id=384\"><img loading=\"lazy\" decoding=\"async\" width=\"500\" height=\"500\" src=\"http:\/\/adopteuncrane.fr\/wp-content\/uploads\/2025\/11\/wyrd_square-2.png\" alt=\"\" class=\"wp-image-1643\" style=\"border-style:none;border-width:0px;aspect-ratio:1;object-fit:cover\" srcset=\"https:\/\/adopteuncrane.fr\/wp-content\/uploads\/2025\/11\/wyrd_square-2.png 500w, https:\/\/adopteuncrane.fr\/wp-content\/uploads\/2025\/11\/wyrd_square-2-300x300.png 300w, https:\/\/adopteuncrane.fr\/wp-content\/uploads\/2025\/11\/wyrd_square-2-150x150.png 150w, https:\/\/adopteuncrane.fr\/wp-content\/uploads\/2025\/11\/wyrd_square-2-100x100.png 100w\" sizes=\"auto, (max-width: 500px) 100vw, 500px\" \/><\/a><\/figure>\n\n\n\n<p class=\"has-text-align-left has-small-font-size\" style=\"padding-top:var(--wp--preset--spacing--20);padding-right:var(--wp--preset--spacing--20);padding-bottom:var(--wp--preset--spacing--20);padding-left:var(--wp--preset--spacing--20)\">Ancr\u00e9e dans la terre et les traditions anciennes, cette collection invoque les esprits des peuples pa\u00efens.<br>Chaque cr\u00e2ne, qu&rsquo; il soit naturel, orn\u00e9 de symboles wicca ou  bien d\u2019inspirations nordiques, c\u00e9l\u00e8bre la nature, la magie primitive et la force des origines.<\/p>\n\n\n\n<div class=\"wp-block-buttons is-content-justification-center is-layout-flex wp-container-core-buttons-is-layout-a89b3969 wp-block-buttons-is-layout-flex\">\n<div class=\"wp-block-button hvr-grow-shadow\"><a class=\"wp-block-button__link has-small-font-size has-text-align-left has-custom-font-size wp-element-button\" href=\"http:\/\/adopteuncrane.fr\/?page_id=384\">VOIR<\/a><\/div>\n<\/div>\n<\/div>\n<\/div>\n\n\n\n<figure class=\"wp-block-image aligncenter size-large wp-duotone-rgb000-rgb25400-2\"><img loading=\"lazy\" decoding=\"async\" width=\"1024\" height=\"1\" src=\"http:\/\/adopteuncrane.fr\/wp-content\/uploads\/2025\/10\/ligne-1024x1.png\" alt=\"\" class=\"wp-image-1444\" srcset=\"https:\/\/adopteuncrane.fr\/wp-content\/uploads\/2025\/10\/ligne-1024x1.png 1024w, https:\/\/adopteuncrane.fr\/wp-content\/uploads\/2025\/10\/ligne-300x1.png 300w, https:\/\/adopteuncrane.fr\/wp-content\/uploads\/2025\/10\/ligne-150x2.png 150w, https:\/\/adopteuncrane.fr\/wp-content\/uploads\/2025\/10\/ligne-768x1.png 768w, https:\/\/adopteuncrane.fr\/wp-content\/uploads\/2025\/10\/ligne-600x2.png 600w, https:\/\/adopteuncrane.fr\/wp-content\/uploads\/2025\/10\/ligne-100x1.png 100w, https:\/\/adopteuncrane.fr\/wp-content\/uploads\/2025\/10\/ligne-1536x2.png 1536w, https:\/\/adopteuncrane.fr\/wp-content\/uploads\/2025\/10\/ligne.png 1920w\" sizes=\"auto, (max-width: 1024px) 100vw, 1024px\" \/><\/figure>\n\n\n\n<div class=\"wp-block-columns is-layout-flex wp-container-core-columns-is-layout-28f84493 wp-block-columns-is-layout-flex\">\n<div class=\"wp-block-column is-layout-flow wp-block-column-is-layout-flow\">\n<p class=\"has-text-align-center has-large-font-size\">\u2111\ud835\udd2b\ud835\udd30\ud835\udd31\ud835\udd1e\ud835\udd24\ud835\udd2f\ud835\udd1e\ud835\udd2a<\/p>\n\n\n\n<div id=\"trustindex-feed-container-instagram-6469d3aca42a409\"><\/div>\n<\/div>\n\n\n\n<div class=\"wp-block-column is-layout-flow wp-block-column-is-layout-flow\">\n<p class=\"has-text-align-center has-large-font-size\">\ud835\udd04\ud835\udd2f\ud835\udd31\ud835\udd26\ud835\udd20\ud835\udd29\ud835\udd22\ud835\udd30<\/p>\n\n\n\n<p class=\"has-text-align-center has-small-font-size\">\u2022<a href=\"http:\/\/adopteuncrane.fr\/?p=1977\" data-type=\"link\" data-id=\"http:\/\/adopteuncrane.fr\/?p=1977\"> Mises \u00e0 jour du site (18\/11\/2025)<\/a><br>\u2022 <a href=\"http:\/\/adopteuncrane.fr\/?p=2093\">Les dispos pour commandes personnalis\u00e9es<\/a><br>\u2022<a href=\"http:\/\/adopteuncrane.fr\/?p=1233\" data-type=\"post\" data-id=\"1233\"> Mentions l\u00e9gales et conditions g\u00e9n\u00e9rales de vente<\/a><br>\u2022 <a href=\"http:\/\/adopteuncrane.fr\/?page_id=2318\">Politique de confidentialit\u00e9<\/a><\/p>\n\n\n\n<p class=\"has-text-align-center has-large-font-size\">\ud835\udd07\ud835\udd22\ud835\udd2f\ud835\udd2b\ud835\udd26\ud835\udd22\ud835\udd2f \ud835\udd1e\ud835\udd27\ud835\udd2c\ud835\udd32\ud835\udd31<\/p>\n\n\n\n<figure class=\"wp-block-image aligncenter size-full is-resized hvr-grow-shadow\"><a href=\"https:\/\/adopteuncrane.fr\/?page_id=2880\"><img loading=\"lazy\" decoding=\"async\" width=\"800\" height=\"800\" src=\"http:\/\/adopteuncrane.fr\/wp-content\/uploads\/2026\/03\/sisyphe_square.jpeg\" alt=\"\" class=\"wp-image-2888\" style=\"object-fit:cover;width:250px;height:250px\" srcset=\"https:\/\/adopteuncrane.fr\/wp-content\/uploads\/2026\/03\/sisyphe_square.jpeg 800w, https:\/\/adopteuncrane.fr\/wp-content\/uploads\/2026\/03\/sisyphe_square-300x300.jpeg 300w, https:\/\/adopteuncrane.fr\/wp-content\/uploads\/2026\/03\/sisyphe_square-150x150.jpeg 150w, https:\/\/adopteuncrane.fr\/wp-content\/uploads\/2026\/03\/sisyphe_square-768x768.jpeg 768w\" sizes=\"auto, (max-width: 800px) 100vw, 800px\" \/><\/a><\/figure>\n<\/div>\n<\/div>\n\n\n\n<figure class=\"wp-block-image aligncenter size-large wp-duotone-rgb000-rgb25500-3\"><img loading=\"lazy\" decoding=\"async\" width=\"1024\" height=\"1\" src=\"http:\/\/adopteuncrane.fr\/wp-content\/uploads\/2025\/10\/ligne-1024x1.png\" alt=\"\" class=\"wp-image-1444\" srcset=\"https:\/\/adopteuncrane.fr\/wp-content\/uploads\/2025\/10\/ligne-1024x1.png 1024w, https:\/\/adopteuncrane.fr\/wp-content\/uploads\/2025\/10\/ligne-300x1.png 300w, https:\/\/adopteuncrane.fr\/wp-content\/uploads\/2025\/10\/ligne-150x2.png 150w, https:\/\/adopteuncrane.fr\/wp-content\/uploads\/2025\/10\/ligne-768x1.png 768w, https:\/\/adopteuncrane.fr\/wp-content\/uploads\/2025\/10\/ligne-600x2.png 600w, https:\/\/adopteuncrane.fr\/wp-content\/uploads\/2025\/10\/ligne-100x1.png 100w, https:\/\/adopteuncrane.fr\/wp-content\/uploads\/2025\/10\/ligne-1536x2.png 1536w, https:\/\/adopteuncrane.fr\/wp-content\/uploads\/2025\/10\/ligne.png 1920w\" sizes=\"auto, (max-width: 1024px) 100vw, 1024px\" \/><\/figure>\n\n\n\n<div class=\"wp-block-cover\" style=\"min-height:562px;aspect-ratio:unset;\"><img loading=\"lazy\" decoding=\"async\" width=\"1000\" height=\"500\" class=\"wp-block-cover__image-background wp-image-1524 size-full\" alt=\"\" src=\"http:\/\/adopteuncrane.fr\/wp-content\/uploads\/2025\/10\/banniere_skull.jpg\" data-object-fit=\"cover\" srcset=\"https:\/\/adopteuncrane.fr\/wp-content\/uploads\/2025\/10\/banniere_skull.jpg 1000w, https:\/\/adopteuncrane.fr\/wp-content\/uploads\/2025\/10\/banniere_skull-300x150.jpg 300w, https:\/\/adopteuncrane.fr\/wp-content\/uploads\/2025\/10\/banniere_skull-768x384.jpg 768w, https:\/\/adopteuncrane.fr\/wp-content\/uploads\/2025\/10\/banniere_skull-100x50.jpg 100w\" sizes=\"auto, (max-width: 1000px) 100vw, 1000px\" \/><span aria-hidden=\"true\" class=\"wp-block-cover__background has-background-dim\"><\/span><div class=\"wp-block-cover__inner-container has-global-padding is-layout-constrained wp-container-core-cover-is-layout-da7f0b59 wp-block-cover-is-layout-constrained\">\n<p class=\"has-text-align-center has-large-font-size\">\ud835\udd04 \ud835\udd2d\ud835\udd2f\ud835\udd2c\ud835\udd2d\ud835\udd2c\ud835\udd30<\/p>\n\n\n\n<div class=\"wp-block-columns is-layout-flex wp-container-core-columns-is-layout-28f84493 wp-block-columns-is-layout-flex\">\n<div class=\"wp-block-column is-layout-flow wp-block-column-is-layout-flow\" style=\"flex-basis:33.33%\">\n<figure class=\"wp-block-image size-full\"><img loading=\"lazy\" decoding=\"async\" width=\"500\" height=\"667\" src=\"http:\/\/adopteuncrane.fr\/wp-content\/uploads\/2025\/11\/g.png\" alt=\"\" class=\"wp-image-1690\" srcset=\"https:\/\/adopteuncrane.fr\/wp-content\/uploads\/2025\/11\/g.png 500w, https:\/\/adopteuncrane.fr\/wp-content\/uploads\/2025\/11\/g-225x300.png 225w, https:\/\/adopteuncrane.fr\/wp-content\/uploads\/2025\/11\/g-100x133.png 100w\" sizes=\"auto, (max-width: 500px) 100vw, 500px\" \/><\/figure>\n<\/div>\n\n\n\n<div class=\"wp-block-column is-layout-flow wp-block-column-is-layout-flow\" style=\"flex-basis:66.66%\">\n<p class=\"has-text-align-right is-style-text-subtitle has-contrast-color has-text-color has-link-color has-small-font-size wp-elements-8bd8c40b9b3ed242df8ef61c132b5145 is-style-text-subtitle--4\">\u00ab\u00a0N&rsquo;est pas mort \u00e0 jamais qui dort dans l&rsquo;\u00e9ternel, en d&rsquo;\u00e9tranges \u00e9ons, la mort m\u00eame est mortelle.\u00a0\u00bb<br><br>H.P. Lovecraft &#8211; N\u00e9cronomicon (traduction libre)<\/p>\n\n\n\n<p class=\"is-style-text-subtitle has-contrast-color has-text-color has-link-color has-small-font-size wp-elements-826c5f04e4fe0f854723f3836956ab13 is-style-text-subtitle--5\"><br>Mes cr\u00e9ations naissent l\u00e0 o\u00f9 l\u2019art rencontre le myst\u00e8re.<br><br>Chaque cr\u00e2ne que je fa\u00e7onne devient le r\u00e9ceptacle d\u2019une \u00e2me ancienne, un fragment du vivant m\u00e9tamorphos\u00e9 en \u0153uvre d\u2019art.<br><br>Entre beaut\u00e9 et obscurit\u00e9, mes pi\u00e8ces c\u00e9l\u00e8brent la dualit\u00e9 \u2014 celle de la vie et de la mort, de la lumi\u00e8re et de l\u2019ombre, du visible et de l\u2019invisible.<br><br>Chaque cr\u00e9ation est une relique symbolique, empreinte de po\u00e9sie et de sens. Gravures, peintures et ornements viennent r\u00e9veiller la m\u00e9moire silencieuse de l\u2019animal, lui offrant une seconde vie, sacr\u00e9e et intemporelle.<br>Ces cr\u00e2nes deviennent talismans, porteurs d\u2019\u00e9nergie et de myst\u00e8re, invitations \u00e0 explorer les fronti\u00e8res du r\u00e9el et \u00e0 plonger dans un univers chimerique, pa\u00efen et envo\u00fbtant.<br><br>Je travaille exclusivement \u00e0 partir de v\u00e9ritables cr\u00e2nes d\u2019animaux, trouv\u00e9s ou r\u00e9cup\u00e9r\u00e9s de mani\u00e8re \u00e9thique et responsable. Aucun \u00eatre n\u2019est bless\u00e9 ou sacrifi\u00e9 pour mes cr\u00e9ations.<br>Chaque pi\u00e8ce est nettoy\u00e9e, d\u00e9graiss\u00e9e et purifi\u00e9e avant d\u2019\u00eatre transform\u00e9e en objet de contemplation.<br>Dans une d\u00e9marche respectueuse de la nature, j\u2019utilise autant que possible des mat\u00e9riaux de seconde main ou issus de la r\u00e9cup\u00e9ration, afin que chaque \u0153uvre porte aussi la trace du monde dont elle est n\u00e9e.<br><br>Ici, l\u2019art devient passage \u2014 un rituel de transformation o\u00f9 le vivant, le sacr\u00e9 et l\u2019imaginaire se rejoignent pour donner naissance \u00e0 des pi\u00e8ces uniques, \u00e0 la fois mystiques et profond\u00e9ment humaines.<\/p>\n<\/div>\n<\/div>\n<\/div><\/div>\n\n\n\n<div class=\"alignnormal\"><div id=\"metaslider-id-1091\" style=\"width: 100%; margin: 0 auto;\" class=\"ml-slider-3-105-0 metaslider metaslider-flex metaslider-1091 ml-slider has-dots-nav has-carousel-mode has-loading ms-theme-default-base\" role=\"region\" aria-label=\"Nouveau diaporama\" data-height=\"450\" data-width=\"664\">\n    <div id=\"metaslider_container_1091\">\n        <div id=\"metaslider_1091\">\n            <ul aria-live='off' class='slides'>\n                <li style=\"display: none; width: 100%;\" class=\"slide-1809 ms-image \" aria-roledescription=\"slide\" data-date=\"2025-11-03 18:18:01\" data-filename=\"berzerks-664x450.jpg\" data-slide-type=\"image\"><a href=\"http:\/\/adopteuncrane.fr\/?page_id=384\" target=\"_self\" aria-label=\"Voir les d\u00e9tails de la diapositive\" class=\"metaslider_image_link\"><img loading=\"lazy\" decoding=\"async\" src=\"https:\/\/adopteuncrane.fr\/wp-content\/uploads\/2025\/11\/berzerks-664x450.jpg\" height=\"450\" width=\"664\" alt=\"Berzerks\" class=\"slider-1091 slide-1809 msDefaultImage\" title=\"Berzerks\" \/><\/a><div class=\"caption-wrap\"><div class=\"caption\"><div style=\"text-align:center;\"><a href=\"http:\/\/adopteuncrane.fr\/?page_id=384\"><sub>Berzerks<\/sub><\/a><\/div><\/div><\/div><\/li>\n                <li style=\"display: none; width: 100%;\" class=\"slide-1820 ms-image \" aria-roledescription=\"slide\" data-date=\"2025-11-03 18:37:37\" data-filename=\"trooper-664x450.jpg\" data-slide-type=\"image\"><img loading=\"lazy\" decoding=\"async\" src=\"https:\/\/adopteuncrane.fr\/wp-content\/uploads\/2025\/11\/trooper-664x450.jpg\" height=\"450\" width=\"664\" alt=\"Trooper Of Doom III\" class=\"slider-1091 slide-1820 msDefaultImage\" title=\"Trooper Of Doom III\" \/><div class=\"caption-wrap\"><div class=\"caption\"><div style=\"text-align:center;\"><sub>Trooper Of Doom III<\/sub><\/div><\/div><\/div><\/li>\n                <li style=\"display: none; width: 100%;\" class=\"slide-1807 ms-image \" aria-roledescription=\"slide\" data-date=\"2025-11-03 18:11:28\" data-filename=\"shaun-664x450.jpg\" data-slide-type=\"image\"><img loading=\"lazy\" decoding=\"async\" src=\"https:\/\/adopteuncrane.fr\/wp-content\/uploads\/2025\/11\/shaun-664x450.jpg\" height=\"450\" width=\"664\" alt=\"Shaun(s) Ov The Dead\" class=\"slider-1091 slide-1807 msDefaultImage\" title=\"Shaun(s) Ov The Dead\" \/><div class=\"caption-wrap\"><div class=\"caption\"><div style=\"text-align:center;\"><sub>Shaun(s) ov the Dead - Adopt\u00e9s<\/sub><\/div><\/div><\/div><\/li>\n                <li style=\"display: none; width: 100%;\" class=\"slide-1818 ms-image \" aria-roledescription=\"slide\" data-date=\"2025-11-03 18:34:04\" data-filename=\"corneille-1-664x450.jpg\" data-slide-type=\"image\"><img loading=\"lazy\" decoding=\"async\" src=\"https:\/\/adopteuncrane.fr\/wp-content\/uploads\/2025\/11\/corneille-1-664x450.jpg\" height=\"450\" width=\"664\" alt=\"\" class=\"slider-1091 slide-1818 msDefaultImage\" title=\"corneille\" \/><\/li>\n                <li style=\"display: none; width: 100%;\" class=\"slide-2469 ms-image \" aria-roledescription=\"slide\" data-date=\"2025-11-14 01:02:23\" data-filename=\"roswell-664x450.jpeg\" data-slide-type=\"image\"><img loading=\"lazy\" decoding=\"async\" src=\"https:\/\/adopteuncrane.fr\/wp-content\/uploads\/2025\/11\/roswell-664x450.jpeg\" height=\"450\" width=\"664\" alt=\"\" class=\"slider-1091 slide-2469 msDefaultImage\" title=\"roswell\" \/><div class=\"caption-wrap\"><div class=\"caption\"><div style=\"text-align:center;\"><a href=\"http:\/\/adopteuncrane.fr\/?page_id=2151\">Roswell - A adopter<\/a><\/div><\/div><\/div><\/li>\n                <li style=\"display: none; width: 100%;\" class=\"slide-1813 ms-image \" aria-roledescription=\"slide\" data-date=\"2025-11-03 18:26:57\" data-filename=\"pinky-664x450.jpg\" data-slide-type=\"image\"><img loading=\"lazy\" decoding=\"async\" src=\"https:\/\/adopteuncrane.fr\/wp-content\/uploads\/2025\/11\/pinky-664x450.jpg\" height=\"450\" width=\"664\" alt=\"Pinky\" class=\"slider-1091 slide-1813 msDefaultImage\" title=\"Pinky\" \/><div class=\"caption-wrap\"><div class=\"caption\"><div style=\"text-align:center;\"><sub>PinkY - Adopt\u00e9e<\/sub><\/div><\/div><\/div><\/li>\n                <li style=\"display: none; width: 100%;\" class=\"slide-1816 ms-image \" aria-roledescription=\"slide\" data-date=\"2025-11-03 18:31:28\" data-filename=\"adc-664x450.jpg\" data-slide-type=\"image\"><img loading=\"lazy\" decoding=\"async\" src=\"https:\/\/adopteuncrane.fr\/wp-content\/uploads\/2025\/11\/adc-664x450.jpg\" height=\"450\" width=\"664\" alt=\"ADC\" class=\"slider-1091 slide-1816 msDefaultImage\" \/><\/li>\n                <li style=\"display: none; width: 100%;\" class=\"slide-1811 ms-image \" aria-roledescription=\"slide\" data-date=\"2025-11-03 18:23:43\" data-filename=\"behemoth-664x450.jpg\" data-slide-type=\"image\"><img loading=\"lazy\" decoding=\"async\" src=\"https:\/\/adopteuncrane.fr\/wp-content\/uploads\/2025\/11\/behemoth-664x450.jpg\" height=\"450\" width=\"664\" alt=\"Behemoth\" class=\"slider-1091 slide-1811 msDefaultImage\" title=\"Behemoth\" \/><div class=\"caption-wrap\"><div class=\"caption\"><div style=\"text-align:center;\">Behemoth - Adopt\u00e9<\/div><\/div><\/div><\/li>\n                <li style=\"display: none; width: 100%;\" class=\"slide-1824 ms-image \" aria-roledescription=\"slide\" data-date=\"2025-11-03 19:03:28\" data-filename=\"wyrd-664x450.jpg\" data-slide-type=\"image\"><img loading=\"lazy\" decoding=\"async\" src=\"https:\/\/adopteuncrane.fr\/wp-content\/uploads\/2025\/11\/wyrd-664x450.jpg\" height=\"450\" width=\"664\" alt=\"Wyrd ( Cr\u00e2ne de cerf )\" class=\"slider-1091 slide-1824 msDefaultImage\" title=\"Wyrd ( Cr\u00e2ne de cerf )\" \/><div class=\"caption-wrap\"><div class=\"caption\"><div style=\"text-align:center;\"><sub>Wyrd - Adopt\u00e9<\/sub><\/div><\/div><\/div><\/li>\n            <\/ul>\n        <div class='ms-slider-loading'><img src='https:\/\/adopteuncrane.fr\/wp-admin\/images\/spinner.gif' alt='Chargement\u2026'><\/div>\n        <\/div>\n        \n    <\/div>\n<\/div><\/div>\n\n\n\n<figure class=\"wp-block-image aligncenter size-large wp-duotone-rgb111-rgb25500-6\"><img loading=\"lazy\" decoding=\"async\" width=\"1024\" height=\"1\" src=\"http:\/\/adopteuncrane.fr\/wp-content\/uploads\/2025\/10\/ligne-1024x1.png\" alt=\"\" class=\"wp-image-1444\" srcset=\"https:\/\/adopteuncrane.fr\/wp-content\/uploads\/2025\/10\/ligne-1024x1.png 1024w, https:\/\/adopteuncrane.fr\/wp-content\/uploads\/2025\/10\/ligne-300x1.png 300w, https:\/\/adopteuncrane.fr\/wp-content\/uploads\/2025\/10\/ligne-150x2.png 150w, https:\/\/adopteuncrane.fr\/wp-content\/uploads\/2025\/10\/ligne-768x1.png 768w, https:\/\/adopteuncrane.fr\/wp-content\/uploads\/2025\/10\/ligne-600x2.png 600w, https:\/\/adopteuncrane.fr\/wp-content\/uploads\/2025\/10\/ligne-100x1.png 100w, https:\/\/adopteuncrane.fr\/wp-content\/uploads\/2025\/10\/ligne-1536x2.png 1536w, https:\/\/adopteuncrane.fr\/wp-content\/uploads\/2025\/10\/ligne.png 1920w\" sizes=\"auto, (max-width: 1024px) 100vw, 1024px\" \/><\/figure>\n","protected":false},"excerpt":{"rendered":"<p>\ud835\udd09\ud835\udd1e\ud835\udd2b\ud835\udd31\ud835\udd1e\ud835\udd30\ud835\udd2a\ud835\udd1e\ud835\udd24\ud835\udd2c\ud835\udd2f\ud835\udd26\ud835\udd28 Des cr\u00e2nes r\u00e9invent\u00e9s dans un univers gothique et chim\u00e9rique.Entre beaut\u00e9 et myst\u00e8re, chaque pi\u00e8ce c\u00e9l\u00e8bre la m\u00e9tamorphose du vivant en \u0153uvre d\u2019art \u2014 o\u00f9 l\u2019ombre se fait lumi\u00e8re et la mort, po\u00e9sie. \ud835\udd12\ud835\udd20\ud835\udd20\ud835\udd33\ud835\udd29\ud835\udd31\ud835\udd22 \ud835\udd2b\ud835\udd2c\ud835\udd26\ud835\udd2f Une immersion dans les arcanes du sacr\u00e9 noir.Chaque cr\u00e2ne devient un talisman, empreint de symboles occultes et de rituels silencieux.Un [&hellip;]<\/p>\n","protected":false},"author":1,"featured_media":2465,"parent":0,"menu_order":1,"comment_status":"closed","ping_status":"closed","template":"","meta":{"footnotes":""},"class_list":["post-652","page","type-page","status-publish","has-post-thumbnail","hentry"],"_links":{"self":[{"href":"https:\/\/adopteuncrane.fr\/index.php?rest_route=\/wp\/v2\/pages\/652","targetHints":{"allow":["GET"]}}],"collection":[{"href":"https:\/\/adopteuncrane.fr\/index.php?rest_route=\/wp\/v2\/pages"}],"about":[{"href":"https:\/\/adopteuncrane.fr\/index.php?rest_route=\/wp\/v2\/types\/page"}],"author":[{"embeddable":true,"href":"https:\/\/adopteuncrane.fr\/index.php?rest_route=\/wp\/v2\/users\/1"}],"replies":[{"embeddable":true,"href":"https:\/\/adopteuncrane.fr\/index.php?rest_route=%2Fwp%2Fv2%2Fcomments&post=652"}],"version-history":[{"count":175,"href":"https:\/\/adopteuncrane.fr\/index.php?rest_route=\/wp\/v2\/pages\/652\/revisions"}],"predecessor-version":[{"id":2905,"href":"https:\/\/adopteuncrane.fr\/index.php?rest_route=\/wp\/v2\/pages\/652\/revisions\/2905"}],"wp:featuredmedia":[{"embeddable":true,"href":"https:\/\/adopteuncrane.fr\/index.php?rest_route=\/wp\/v2\/media\/2465"}],"wp:attachment":[{"href":"https:\/\/adopteuncrane.fr\/index.php?rest_route=%2Fwp%2Fv2%2Fmedia&parent=652"}],"curies":[{"name":"wp","href":"https:\/\/api.w.org\/{rel}","templated":true}]}}