{"id":384,"date":"2025-10-14T22:10:27","date_gmt":"2025-10-14T22:10:27","guid":{"rendered":"http:\/\/adopteuncrane.fr\/?page_id=384"},"modified":"2026-03-28T12:05:55","modified_gmt":"2026-03-28T12:05:55","slug":"rituae","status":"publish","type":"page","link":"https:\/\/adopteuncrane.fr\/?page_id=384","title":{"rendered":"Rituae Natura"},"content":{"rendered":"\n<p class=\"has-text-align-right has-small-font-size\"><a href=\"http:\/\/adopteuncrane.fr\/?page_id=111\" data-type=\"page\" data-id=\"111\">&lt;&lt;bestiaire<\/a><\/p>\n\n\n\n<div class=\"wp-block-columns is-layout-flex wp-container-core-columns-is-layout-28f84493 wp-block-columns-is-layout-flex\">\n<div class=\"wp-block-column has-border-color has-custom-color-2-background-color has-background is-layout-flow wp-block-column-is-layout-flow\" style=\"border-color:#111111\">\n<p class=\"has-text-align-center has-medium-font-size\"><a href=\"https:\/\/adopteuncrane.fr\/?page_id=2880\" data-type=\"page\" data-id=\"2880\"><strong>SISYPHE<\/strong><\/a><\/p>\n\n\n\n<figure class=\"wp-block-image aligncenter size-full is-resized hvr-grow-shadow\"><a href=\"https:\/\/adopteuncrane.fr\/?page_id=2880\"><img loading=\"lazy\" decoding=\"async\" width=\"800\" height=\"800\" src=\"https:\/\/adopteuncrane.fr\/wp-content\/uploads\/2026\/03\/sisyphe_square.jpeg\" alt=\"\" class=\"wp-image-2888\" style=\"aspect-ratio:1;object-fit:contain;width:325px\" srcset=\"https:\/\/adopteuncrane.fr\/wp-content\/uploads\/2026\/03\/sisyphe_square.jpeg 800w, https:\/\/adopteuncrane.fr\/wp-content\/uploads\/2026\/03\/sisyphe_square-300x300.jpeg 300w, https:\/\/adopteuncrane.fr\/wp-content\/uploads\/2026\/03\/sisyphe_square-150x150.jpeg 150w, https:\/\/adopteuncrane.fr\/wp-content\/uploads\/2026\/03\/sisyphe_square-768x768.jpeg 768w\" sizes=\"auto, (max-width: 800px) 100vw, 800px\" \/><\/a><\/figure>\n\n\n\n<p class=\"has-text-align-center has-small-font-size\">Authentique cr\u00e2ne de blaireau<\/p>\n\n\n\n<p class=\"has-text-align-center has-small-font-size\">EUR 45.00<\/p>\n\n\n\n<div class=\"wp-block-buttons is-content-justification-center is-layout-flex wp-container-core-buttons-is-layout-a89b3969 wp-block-buttons-is-layout-flex\">\n<div class=\"wp-block-button hvr-grow-shadow\"><a class=\"wp-block-button__link has-border-color has-custom-color-3-border-color has-small-font-size has-custom-font-size wp-element-button\" href=\"https:\/\/adopteuncrane.fr\/?page_id=2880\">VOIR<\/a><\/div>\n<\/div>\n<\/div>\n\n\n\n<div class=\"wp-block-column has-border-color has-custom-color-2-background-color has-background is-layout-flow wp-block-column-is-layout-flow\" style=\"border-color:#111111\">\n<p class=\"has-text-align-center\">KOLOVRAT<\/p>\n\n\n\n<figure class=\"wp-block-image aligncenter size-full is-resized hvr-grow-shadow\"><a href=\"https:\/\/adopteuncrane.fr\/?page_id=2804\"><img loading=\"lazy\" decoding=\"async\" width=\"1000\" height=\"1000\" src=\"https:\/\/adopteuncrane.fr\/wp-content\/uploads\/2026\/03\/kolovrat_square.jpeg\" alt=\"\" class=\"wp-image-2819\" style=\"object-fit:cover;width:325px;height:325px\" srcset=\"https:\/\/adopteuncrane.fr\/wp-content\/uploads\/2026\/03\/kolovrat_square.jpeg 1000w, https:\/\/adopteuncrane.fr\/wp-content\/uploads\/2026\/03\/kolovrat_square-300x300.jpeg 300w, https:\/\/adopteuncrane.fr\/wp-content\/uploads\/2026\/03\/kolovrat_square-150x150.jpeg 150w, https:\/\/adopteuncrane.fr\/wp-content\/uploads\/2026\/03\/kolovrat_square-768x768.jpeg 768w\" sizes=\"auto, (max-width: 1000px) 100vw, 1000px\" \/><\/a><\/figure>\n\n\n\n<p class=\"has-text-align-center has-small-font-size\"><a href=\"https:\/\/adopteuncrane.fr\/?page_id=2804\" data-type=\"link\" data-id=\"https:\/\/adopteuncrane.fr\/?page_id=2804\">Authentique cr\u00e2ne de corneille<\/a><\/p>\n\n\n\n<p class=\"has-text-align-center has-small-font-size\">EUR 80.00<\/p>\n\n\n\n<div class=\"wp-block-buttons is-content-justification-center is-layout-flex wp-container-core-buttons-is-layout-a89b3969 wp-block-buttons-is-layout-flex\">\n<div class=\"wp-block-button hvr-grow-shadow\"><a class=\"wp-block-button__link has-border-color has-custom-color-3-border-color has-small-font-size has-custom-font-size wp-element-button\" href=\"https:\/\/adopteuncrane.fr\/?page_id=2804\" style=\"border-width:1px\">VOIR<\/a><\/div>\n<\/div>\n<\/div>\n\n\n\n<div class=\"wp-block-column has-custom-color-2-background-color has-background is-layout-flow wp-block-column-is-layout-flow\">\n<p class=\"has-text-align-center has-small-font-size\"><\/p>\n\n\n\n<p class=\"has-text-align-center has-small-font-size\"><\/p>\n\n\n\n<p class=\"has-text-align-center has-small-font-size\"><\/p>\n\n\n\n<div class=\"wp-block-buttons is-content-justification-center is-layout-flex wp-container-core-buttons-is-layout-a89b3969 wp-block-buttons-is-layout-flex\"><\/div>\n<\/div>\n<\/div>\n\n\n\n<div class=\"wp-block-columns is-layout-flex wp-container-core-columns-is-layout-28f84493 wp-block-columns-is-layout-flex\">\n<div class=\"wp-block-column has-border-color has-custom-color-2-background-color has-background is-layout-flow wp-block-column-is-layout-flow\" style=\"border-color:#111111\">\n<p class=\"has-text-align-center has-medium-font-size\">\u2c63\u024d\u00f8\u0167\u0247\u023c\u0167\u0247\u1d7e\u024d <a href=\"http:\/\/adopteuncrane.fr\/?page_id=2261\">: \u023a\u0141\u0166\u00dd\u024c<\/a><\/p>\n\n\n\n<figure class=\"wp-block-image aligncenter size-large is-resized hvr-grow-shadow\"><a href=\"http:\/\/adopteuncrane.fr\/?page_id=2261\"><img loading=\"lazy\" decoding=\"async\" width=\"1024\" height=\"1024\" src=\"http:\/\/adopteuncrane.fr\/wp-content\/uploads\/2025\/11\/altyr_square-1024x1024.jpeg\" alt=\"\" class=\"wp-image-2256\" style=\"object-fit:cover;width:325px;height:325px\" srcset=\"https:\/\/adopteuncrane.fr\/wp-content\/uploads\/2025\/11\/altyr_square-1024x1024.jpeg 1024w, https:\/\/adopteuncrane.fr\/wp-content\/uploads\/2025\/11\/altyr_square-300x300.jpeg 300w, https:\/\/adopteuncrane.fr\/wp-content\/uploads\/2025\/11\/altyr_square-150x150.jpeg 150w, https:\/\/adopteuncrane.fr\/wp-content\/uploads\/2025\/11\/altyr_square-768x768.jpeg 768w, https:\/\/adopteuncrane.fr\/wp-content\/uploads\/2025\/11\/altyr_square-100x100.jpeg 100w, https:\/\/adopteuncrane.fr\/wp-content\/uploads\/2025\/11\/altyr_square.jpeg 1500w\" sizes=\"auto, (max-width: 1024px) 100vw, 1024px\" \/><\/a><\/figure>\n\n\n\n<p class=\"has-text-align-center has-small-font-size\">Authentique cr\u00e2ne de chevreuil sur socle<\/p>\n\n\n\n<p class=\"has-text-align-center has-small-font-size\">EUR 45.00<\/p>\n\n\n\n<div class=\"wp-block-buttons is-content-justification-center is-layout-flex wp-container-core-buttons-is-layout-a89b3969 wp-block-buttons-is-layout-flex\">\n<div class=\"wp-block-button hvr-grow-shadow\"><a class=\"wp-block-button__link has-border-color has-custom-color-3-border-color has-small-font-size has-custom-font-size wp-element-button\" href=\"http:\/\/adopteuncrane.fr\/?page_id=2261\">VOIR<\/a><\/div>\n<\/div>\n<\/div>\n\n\n\n<div class=\"wp-block-column has-border-color has-custom-color-2-background-color has-background is-layout-flow wp-block-column-is-layout-flow\" style=\"border-color:#111111\">\n<p class=\"has-text-align-center has-medium-font-size\">\u2c63\u024d\u00f8\u0167\u0247\u023c\u0167\u0247\u1d7e\u024d <a href=\"http:\/\/adopteuncrane.fr\/?page_id=2278\">: S\ua740\u0248\u00d6\u0141\u0110\u024c<\/a><\/p>\n\n\n\n<figure class=\"wp-block-image aligncenter size-large is-resized hvr-grow-shadow\"><a href=\"http:\/\/adopteuncrane.fr\/?page_id=2278\"><img loading=\"lazy\" decoding=\"async\" width=\"1024\" height=\"1024\" src=\"http:\/\/adopteuncrane.fr\/wp-content\/uploads\/2025\/11\/skjoldr_square-1024x1024.jpeg\" alt=\"\" class=\"wp-image-2252\" style=\"object-fit:cover;width:325px;height:325px\" srcset=\"https:\/\/adopteuncrane.fr\/wp-content\/uploads\/2025\/11\/skjoldr_square-1024x1024.jpeg 1024w, https:\/\/adopteuncrane.fr\/wp-content\/uploads\/2025\/11\/skjoldr_square-300x300.jpeg 300w, https:\/\/adopteuncrane.fr\/wp-content\/uploads\/2025\/11\/skjoldr_square-150x150.jpeg 150w, https:\/\/adopteuncrane.fr\/wp-content\/uploads\/2025\/11\/skjoldr_square-768x768.jpeg 768w, https:\/\/adopteuncrane.fr\/wp-content\/uploads\/2025\/11\/skjoldr_square-100x100.jpeg 100w, https:\/\/adopteuncrane.fr\/wp-content\/uploads\/2025\/11\/skjoldr_square.jpeg 1500w\" sizes=\"auto, (max-width: 1024px) 100vw, 1024px\" \/><\/a><\/figure>\n\n\n\n<p class=\"has-text-align-center has-small-font-size\">Authentique cr\u00e2ne de chevreuil sur \u00e9cusson<\/p>\n\n\n\n<p class=\"has-text-align-center has-small-font-size\">EUR 55.00<\/p>\n\n\n\n<div class=\"wp-block-buttons is-content-justification-center is-layout-flex wp-container-core-buttons-is-layout-a89b3969 wp-block-buttons-is-layout-flex\">\n<div class=\"wp-block-button hvr-grow-shadow\"><a class=\"wp-block-button__link has-border-color has-custom-color-3-border-color has-small-font-size has-custom-font-size wp-element-button\" href=\"http:\/\/adopteuncrane.fr\/?page_id=2278\">VOIR<\/a><\/div>\n<\/div>\n<\/div>\n\n\n\n<div class=\"wp-block-column has-border-color has-custom-color-2-background-color has-background is-layout-flow wp-block-column-is-layout-flow\" style=\"border-color:#111111\">\n<p class=\"has-text-align-center has-medium-font-size\"><a href=\"http:\/\/adopteuncrane.fr\/?page_id=1078\" data-type=\"page\" data-id=\"1078\"><strong>Un petit bout de montagne&#8230;<\/strong><\/a><\/p>\n\n\n\n<figure class=\"wp-block-image aligncenter size-full is-resized hvr-grow-shadow\"><a href=\"https:\/\/adopteuncrane.fr\/?page_id=2767\"><img loading=\"lazy\" decoding=\"async\" width=\"550\" height=\"550\" src=\"http:\/\/adopteuncrane.fr\/wp-content\/uploads\/2025\/12\/chamois.jpeg\" alt=\"\" class=\"wp-image-2757\" style=\"object-fit:cover;width:325px;height:325px\" srcset=\"https:\/\/adopteuncrane.fr\/wp-content\/uploads\/2025\/12\/chamois.jpeg 550w, https:\/\/adopteuncrane.fr\/wp-content\/uploads\/2025\/12\/chamois-300x300.jpeg 300w, https:\/\/adopteuncrane.fr\/wp-content\/uploads\/2025\/12\/chamois-150x150.jpeg 150w\" sizes=\"auto, (max-width: 550px) 100vw, 550px\" \/><\/a><\/figure>\n\n\n\n<p class=\"has-text-align-center has-small-font-size\">Authentique cr\u00e2ne de chamois sur socle<\/p>\n\n\n\n<p class=\"has-text-align-center has-small-font-size\">EUR 45.00<\/p>\n\n\n\n<div class=\"wp-block-buttons is-content-justification-center is-layout-flex wp-container-core-buttons-is-layout-a89b3969 wp-block-buttons-is-layout-flex\">\n<div class=\"wp-block-button hvr-grow-shadow\"><a class=\"wp-block-button__link has-border-color has-custom-color-3-border-color has-small-font-size has-custom-font-size wp-element-button\" href=\"http:\/\/adopteuncrane.fr\/?page_id=1078\" style=\"border-width:1px\">VOIR<\/a><\/div>\n<\/div>\n<\/div>\n<\/div>\n\n\n\n<div class=\"wp-block-columns is-layout-flex wp-container-core-columns-is-layout-28f84493 wp-block-columns-is-layout-flex\">\n<div class=\"wp-block-column has-border-color has-custom-color-2-background-color has-background is-layout-flow wp-block-column-is-layout-flow\" style=\"border-color:#111111\">\n<p class=\"has-text-align-center has-medium-font-size\"><strong><a href=\"https:\/\/adopteuncrane.fr\/?page_id=2647\">HANNIBAL<\/a><\/strong><\/p>\n\n\n\n<figure class=\"wp-block-image aligncenter size-full is-resized hvr-grow-shadow\"><a href=\"https:\/\/adopteuncrane.fr\/?page_id=2647\"><img loading=\"lazy\" decoding=\"async\" width=\"640\" height=\"640\" src=\"http:\/\/adopteuncrane.fr\/wp-content\/uploads\/2025\/11\/hannibal_square.jpeg\" alt=\"Hannibal\" class=\"wp-image-2641\" style=\"object-fit:cover;width:325px;height:325px\" srcset=\"https:\/\/adopteuncrane.fr\/wp-content\/uploads\/2025\/11\/hannibal_square.jpeg 640w, https:\/\/adopteuncrane.fr\/wp-content\/uploads\/2025\/11\/hannibal_square-300x300.jpeg 300w, https:\/\/adopteuncrane.fr\/wp-content\/uploads\/2025\/11\/hannibal_square-150x150.jpeg 150w\" sizes=\"auto, (max-width: 640px) 100vw, 640px\" \/><\/a><\/figure>\n\n\n\n<p class=\"has-text-align-center has-small-font-size\">Authentique cr\u00e2ne de chien sur socle<\/p>\n\n\n\n<p class=\"has-text-align-center has-small-font-size\">EUR 70.00<\/p>\n\n\n\n<div class=\"wp-block-buttons is-content-justification-center is-layout-flex wp-container-core-buttons-is-layout-a89b3969 wp-block-buttons-is-layout-flex\">\n<div class=\"wp-block-button hvr-grow-shadow\"><a class=\"wp-block-button__link has-border-color has-custom-color-3-border-color has-small-font-size has-custom-font-size wp-element-button\" href=\"https:\/\/adopteuncrane.fr\/?page_id=2647\">VOIR<\/a><\/div>\n<\/div>\n<\/div>\n\n\n\n<div class=\"wp-block-column has-border-color has-custom-color-2-background-color has-background is-layout-flow wp-block-column-is-layout-flow\" style=\"border-color:#111111\">\n<p class=\"has-text-align-center has-medium-font-size\">MANDIBULE CANINE<\/p>\n\n\n\n<figure class=\"wp-block-image aligncenter size-full is-resized hvr-grow-shadow\"><a href=\"https:\/\/adopteuncrane.fr\/?page_id=2710\"><img loading=\"lazy\" decoding=\"async\" width=\"640\" height=\"640\" src=\"http:\/\/adopteuncrane.fr\/wp-content\/uploads\/2025\/11\/machoire_square.jpeg\" alt=\"\" class=\"wp-image-2706\" style=\"object-fit:cover;width:325px;height:325px\" srcset=\"https:\/\/adopteuncrane.fr\/wp-content\/uploads\/2025\/11\/machoire_square.jpeg 640w, https:\/\/adopteuncrane.fr\/wp-content\/uploads\/2025\/11\/machoire_square-300x300.jpeg 300w, https:\/\/adopteuncrane.fr\/wp-content\/uploads\/2025\/11\/machoire_square-150x150.jpeg 150w\" sizes=\"auto, (max-width: 640px) 100vw, 640px\" \/><\/a><\/figure>\n\n\n\n<p class=\"has-text-align-center has-small-font-size\">Authentique mandibule de chien encadr\u00e9e<\/p>\n\n\n\n<p class=\"has-text-align-center has-small-font-size\">EUR 40.00<\/p>\n\n\n\n<div class=\"wp-block-buttons is-content-justification-center is-layout-flex wp-container-core-buttons-is-layout-a89b3969 wp-block-buttons-is-layout-flex\">\n<div class=\"wp-block-button hvr-grow-shadow\"><a class=\"wp-block-button__link has-border-color has-custom-color-3-border-color has-small-font-size has-custom-font-size wp-element-button\" href=\"https:\/\/adopteuncrane.fr\/?page_id=2710\">VOIR<\/a><\/div>\n<\/div>\n<\/div>\n\n\n\n<div class=\"wp-block-column has-border-color has-custom-color-2-background-color has-background is-layout-flow wp-block-column-is-layout-flow\" style=\"border-color:#111111\">\n<p class=\"has-text-align-center has-medium-font-size\"><a href=\"http:\/\/adopteuncrane.fr\/?page_id=1078\" data-type=\"page\" data-id=\"1078\">\u023b\u024d\u00e2n\u0247 \u0111\u0247 \u023c\u0127\u0247v\u024d\u0247\u1d7e\u0268\u0142 s\u1d7e\u024d s\u00f8\u023c\u0142\u0247<\/a><\/p>\n\n\n\n<figure class=\"wp-block-image aligncenter size-full is-resized hvr-grow-shadow\"><a href=\"http:\/\/adopteuncrane.fr\/?page_id=1078\"><img loading=\"lazy\" decoding=\"async\" width=\"500\" height=\"500\" src=\"http:\/\/adopteuncrane.fr\/wp-content\/uploads\/2025\/11\/chevreuilsursocle_square-1.png\" alt=\"\" class=\"wp-image-1718\" style=\"object-fit:cover;width:325px;height:325px\" srcset=\"https:\/\/adopteuncrane.fr\/wp-content\/uploads\/2025\/11\/chevreuilsursocle_square-1.png 500w, https:\/\/adopteuncrane.fr\/wp-content\/uploads\/2025\/11\/chevreuilsursocle_square-1-300x300.png 300w, https:\/\/adopteuncrane.fr\/wp-content\/uploads\/2025\/11\/chevreuilsursocle_square-1-150x150.png 150w, https:\/\/adopteuncrane.fr\/wp-content\/uploads\/2025\/11\/chevreuilsursocle_square-1-100x100.png 100w\" sizes=\"auto, (max-width: 500px) 100vw, 500px\" \/><\/a><\/figure>\n\n\n\n<p class=\"has-text-align-center has-small-font-size\">Authentique cr\u00e2ne de chevreuil  sur socle<\/p>\n\n\n\n<p class=\"has-text-align-center has-small-font-size\">EUR 40.00<\/p>\n\n\n\n<div class=\"wp-block-buttons is-content-justification-center is-layout-flex wp-container-core-buttons-is-layout-a89b3969 wp-block-buttons-is-layout-flex\">\n<div class=\"wp-block-button hvr-grow-shadow\"><a class=\"wp-block-button__link has-border-color has-custom-color-3-border-color has-small-font-size has-custom-font-size wp-element-button\" href=\"http:\/\/adopteuncrane.fr\/?page_id=1078\" style=\"border-width:1px\">VOIR<\/a><\/div>\n<\/div>\n<\/div>\n<\/div>\n\n\n\n<p class=\"has-text-align-right has-small-font-size\"><a href=\"http:\/\/adopteuncrane.fr\/?page_id=111\" data-type=\"page\" data-id=\"111\">&lt;&lt;bestiaire<\/a><\/p>\n\n\n\n<figure class=\"wp-block-image aligncenter size-large is-resized wp-duotone-rgb255254254-rgb000-1\"><img decoding=\"async\" src=\"http:\/\/adopteuncrane.fr\/wp-content\/uploads\/2025\/10\/ligne.png\" alt=\"\" style=\"width:19200px;height:auto\"\/><\/figure>\n","protected":false},"excerpt":{"rendered":"<p>&lt;&lt;bestiaire SISYPHE Authentique cr\u00e2ne de blaireau EUR 45.00 KOLOVRAT Authentique cr\u00e2ne de corneille EUR 80.00 \u2c63\u024d\u00f8\u0167\u0247\u023c\u0167\u0247\u1d7e\u024d : \u023a\u0141\u0166\u00dd\u024c Authentique cr\u00e2ne de chevreuil sur socle EUR 45.00 \u2c63\u024d\u00f8\u0167\u0247\u023c\u0167\u0247\u1d7e\u024d : S\ua740\u0248\u00d6\u0141\u0110\u024c Authentique cr\u00e2ne de chevreuil sur \u00e9cusson EUR 55.00 Un petit bout de montagne&#8230; Authentique cr\u00e2ne de chamois sur socle EUR 45.00 HANNIBAL Authentique cr\u00e2ne de chien [&hellip;]<\/p>\n","protected":false},"author":1,"featured_media":2794,"parent":111,"menu_order":2,"comment_status":"closed","ping_status":"closed","template":"","meta":{"footnotes":""},"class_list":["post-384","page","type-page","status-publish","has-post-thumbnail","hentry"],"_links":{"self":[{"href":"https:\/\/adopteuncrane.fr\/index.php?rest_route=\/wp\/v2\/pages\/384","targetHints":{"allow":["GET"]}}],"collection":[{"href":"https:\/\/adopteuncrane.fr\/index.php?rest_route=\/wp\/v2\/pages"}],"about":[{"href":"https:\/\/adopteuncrane.fr\/index.php?rest_route=\/wp\/v2\/types\/page"}],"author":[{"embeddable":true,"href":"https:\/\/adopteuncrane.fr\/index.php?rest_route=\/wp\/v2\/users\/1"}],"replies":[{"embeddable":true,"href":"https:\/\/adopteuncrane.fr\/index.php?rest_route=%2Fwp%2Fv2%2Fcomments&post=384"}],"version-history":[{"count":105,"href":"https:\/\/adopteuncrane.fr\/index.php?rest_route=\/wp\/v2\/pages\/384\/revisions"}],"predecessor-version":[{"id":2907,"href":"https:\/\/adopteuncrane.fr\/index.php?rest_route=\/wp\/v2\/pages\/384\/revisions\/2907"}],"up":[{"embeddable":true,"href":"https:\/\/adopteuncrane.fr\/index.php?rest_route=\/wp\/v2\/pages\/111"}],"wp:featuredmedia":[{"embeddable":true,"href":"https:\/\/adopteuncrane.fr\/index.php?rest_route=\/wp\/v2\/media\/2794"}],"wp:attachment":[{"href":"https:\/\/adopteuncrane.fr\/index.php?rest_route=%2Fwp%2Fv2%2Fmedia&parent=384"}],"curies":[{"name":"wp","href":"https:\/\/api.w.org\/{rel}","templated":true}]}}