{"id":2910,"date":"2026-04-07T19:16:58","date_gmt":"2026-04-07T19:16:58","guid":{"rendered":"https:\/\/adopteuncrane.fr\/?page_id=2910"},"modified":"2026-04-07T19:17:32","modified_gmt":"2026-04-07T19:17:32","slug":"2910-2","status":"publish","type":"page","link":"https:\/\/adopteuncrane.fr\/?page_id=2910","title":{"rendered":"VirginBlack"},"content":{"rendered":"\n<p class=\"has-text-align-right has-contrast-color has-text-color has-link-color has-small-font-size wp-elements-c59b612277ef394e245bbc3f69c7296b\"><a href=\"https:\/\/adopteuncrane.fr\/?page_id=123\" data-type=\"link\" data-id=\"https:\/\/adopteuncrane.fr\/?page_id=123\">&lt;&lt;bestiaire&lt;occulte noir<\/a><\/p>\n\n\n\n<div class=\"wp-block-columns is-layout-flex wp-container-core-columns-is-layout-28f84493 wp-block-columns-is-layout-flex\">\n<div class=\"wp-block-column is-layout-flow wp-block-column-is-layout-flow\">\n<p class=\"has-text-align-center has-large-font-size\">VIRGIN BL\u039bCK<\/p>\n\n\n\n<p class=\"has-text-align-left has-small-font-size\">Un cr\u00e2ne de chevrette, peint en noir et dor\u00e9, s\u2019\u00e9l\u00e8ve sur un bougeoir ancien d\u00e9tourn\u00e9 en socle rituel. Couronn\u00e9 d\u2019un soleil, il \u00e9voque les figures des Vierges noires, entre myst\u00e8re, sacr\u00e9 et transformation.<\/p>\n\n\n\n<p class=\"has-text-align-left has-small-font-size\">Entre mati\u00e8re brute et symbole, <em>Virgin Black<\/em> explore la tension entre mort et lumi\u00e8re, dans une pr\u00e9sence \u00e0 la fois silencieuse et habit\u00e9e&#8230;. et presque liturgique.<\/p>\n\n\n\n<p class=\"has-text-align-center has-large-font-size\">\/\/<\/p>\n\n\n\n<p class=\"has-text-align-right has-custom-color-3-color has-text-color has-link-color has-small-font-size wp-elements-7b03c28e003fd5dd5168c6c4a0d3d474\">A roe deer skull, painted black and gold, rises on an old candlestick repurposed as a ritual pedestal. Crowned with a sun, it evokes the figures of the Black Madonnas, between mystery, sacredness, and transformation.<\/p>\n\n\n\n<p class=\"has-text-align-right has-custom-color-3-color has-text-color has-link-color has-small-font-size wp-elements-855548d1d17968528342b77c01db371a\">Between raw material and symbol, Virgin Black explores the tension between death and light, in a presence that is both silent and inhabited\u2026. and almost liturgical..<\/p>\n\n\n\n<p class=\"has-text-align-center has-medium-font-size\">EUR 99.90<\/p>\n<\/div>\n\n\n\n<div class=\"wp-block-column is-layout-flow wp-block-column-is-layout-flow\">\n<figure class=\"wp-block-gallery has-nested-images columns-4 is-cropped wp-block-gallery-1 is-layout-flex wp-block-gallery-is-layout-flex\">\n<figure data-wp-context=\"{&quot;imageId&quot;:&quot;69e33c86157a8&quot;}\" data-wp-interactive=\"core\/image\" data-wp-key=\"69e33c86157a8\" class=\"wp-block-image size-large hvr-grow-shadow wp-lightbox-container\"><img loading=\"lazy\" decoding=\"async\" width=\"819\" height=\"1024\" data-wp-class--hide=\"state.isContentHidden\" data-wp-class--show=\"state.isContentVisible\" data-wp-init=\"callbacks.setButtonStyles\" data-wp-on--click=\"actions.showLightbox\" data-wp-on--load=\"callbacks.setButtonStyles\" data-wp-on-window--resize=\"callbacks.setButtonStyles\" data-id=\"2915\" src=\"https:\/\/adopteuncrane.fr\/wp-content\/uploads\/2026\/04\/madonna1-819x1024.jpeg\" alt=\"\" class=\"wp-image-2915\" srcset=\"https:\/\/adopteuncrane.fr\/wp-content\/uploads\/2026\/04\/madonna1-819x1024.jpeg 819w, https:\/\/adopteuncrane.fr\/wp-content\/uploads\/2026\/04\/madonna1-240x300.jpeg 240w, https:\/\/adopteuncrane.fr\/wp-content\/uploads\/2026\/04\/madonna1-768x960.jpeg 768w, https:\/\/adopteuncrane.fr\/wp-content\/uploads\/2026\/04\/madonna1-1229x1536.jpeg 1229w, https:\/\/adopteuncrane.fr\/wp-content\/uploads\/2026\/04\/madonna1.jpeg 1536w\" sizes=\"auto, (max-width: 819px) 100vw, 819px\" \/><button\n\t\t\tclass=\"lightbox-trigger\"\n\t\t\ttype=\"button\"\n\t\t\taria-haspopup=\"dialog\"\n\t\t\taria-label=\"Agrandir\"\n\t\t\tdata-wp-init=\"callbacks.initTriggerButton\"\n\t\t\tdata-wp-on--click=\"actions.showLightbox\"\n\t\t\tdata-wp-style--right=\"state.imageButtonRight\"\n\t\t\tdata-wp-style--top=\"state.imageButtonTop\"\n\t\t>\n\t\t\t<svg xmlns=\"http:\/\/www.w3.org\/2000\/svg\" width=\"12\" height=\"12\" fill=\"none\" viewBox=\"0 0 12 12\">\n\t\t\t\t<path fill=\"#fff\" d=\"M2 0a2 2 0 0 0-2 2v2h1.5V2a.5.5 0 0 1 .5-.5h2V0H2Zm2 10.5H2a.5.5 0 0 1-.5-.5V8H0v2a2 2 0 0 0 2 2h2v-1.5ZM8 12v-1.5h2a.5.5 0 0 0 .5-.5V8H12v2a2 2 0 0 1-2 2H8Zm2-12a2 2 0 0 1 2 2v2h-1.5V2a.5.5 0 0 0-.5-.5H8V0h2Z\" \/>\n\t\t\t<\/svg>\n\t\t<\/button><\/figure>\n\n\n\n<figure data-wp-context=\"{&quot;imageId&quot;:&quot;69e33c8615dac&quot;}\" data-wp-interactive=\"core\/image\" data-wp-key=\"69e33c8615dac\" class=\"wp-block-image size-large hvr-grow-shadow wp-lightbox-container\"><img loading=\"lazy\" decoding=\"async\" width=\"819\" height=\"1024\" data-wp-class--hide=\"state.isContentHidden\" data-wp-class--show=\"state.isContentVisible\" data-wp-init=\"callbacks.setButtonStyles\" data-wp-on--click=\"actions.showLightbox\" data-wp-on--load=\"callbacks.setButtonStyles\" data-wp-on-window--resize=\"callbacks.setButtonStyles\" data-id=\"2914\" src=\"https:\/\/adopteuncrane.fr\/wp-content\/uploads\/2026\/04\/madonna2-819x1024.jpeg\" alt=\"\" class=\"wp-image-2914\" srcset=\"https:\/\/adopteuncrane.fr\/wp-content\/uploads\/2026\/04\/madonna2-819x1024.jpeg 819w, https:\/\/adopteuncrane.fr\/wp-content\/uploads\/2026\/04\/madonna2-240x300.jpeg 240w, https:\/\/adopteuncrane.fr\/wp-content\/uploads\/2026\/04\/madonna2-768x960.jpeg 768w, https:\/\/adopteuncrane.fr\/wp-content\/uploads\/2026\/04\/madonna2-1229x1536.jpeg 1229w, https:\/\/adopteuncrane.fr\/wp-content\/uploads\/2026\/04\/madonna2.jpeg 1536w\" sizes=\"auto, (max-width: 819px) 100vw, 819px\" \/><button\n\t\t\tclass=\"lightbox-trigger\"\n\t\t\ttype=\"button\"\n\t\t\taria-haspopup=\"dialog\"\n\t\t\taria-label=\"Agrandir\"\n\t\t\tdata-wp-init=\"callbacks.initTriggerButton\"\n\t\t\tdata-wp-on--click=\"actions.showLightbox\"\n\t\t\tdata-wp-style--right=\"state.imageButtonRight\"\n\t\t\tdata-wp-style--top=\"state.imageButtonTop\"\n\t\t>\n\t\t\t<svg xmlns=\"http:\/\/www.w3.org\/2000\/svg\" width=\"12\" height=\"12\" fill=\"none\" viewBox=\"0 0 12 12\">\n\t\t\t\t<path fill=\"#fff\" d=\"M2 0a2 2 0 0 0-2 2v2h1.5V2a.5.5 0 0 1 .5-.5h2V0H2Zm2 10.5H2a.5.5 0 0 1-.5-.5V8H0v2a2 2 0 0 0 2 2h2v-1.5ZM8 12v-1.5h2a.5.5 0 0 0 .5-.5V8H12v2a2 2 0 0 1-2 2H8Zm2-12a2 2 0 0 1 2 2v2h-1.5V2a.5.5 0 0 0-.5-.5H8V0h2Z\" \/>\n\t\t\t<\/svg>\n\t\t<\/button><\/figure>\n\n\n\n<figure data-wp-context=\"{&quot;imageId&quot;:&quot;69e33c8616249&quot;}\" data-wp-interactive=\"core\/image\" data-wp-key=\"69e33c8616249\" class=\"wp-block-image size-large hvr-grow-shadow wp-lightbox-container\"><img loading=\"lazy\" decoding=\"async\" width=\"819\" height=\"1024\" data-wp-class--hide=\"state.isContentHidden\" data-wp-class--show=\"state.isContentVisible\" data-wp-init=\"callbacks.setButtonStyles\" data-wp-on--click=\"actions.showLightbox\" data-wp-on--load=\"callbacks.setButtonStyles\" data-wp-on-window--resize=\"callbacks.setButtonStyles\" data-id=\"2916\" src=\"https:\/\/adopteuncrane.fr\/wp-content\/uploads\/2026\/04\/madonna3-819x1024.jpeg\" alt=\"\" class=\"wp-image-2916\" srcset=\"https:\/\/adopteuncrane.fr\/wp-content\/uploads\/2026\/04\/madonna3-819x1024.jpeg 819w, https:\/\/adopteuncrane.fr\/wp-content\/uploads\/2026\/04\/madonna3-240x300.jpeg 240w, https:\/\/adopteuncrane.fr\/wp-content\/uploads\/2026\/04\/madonna3-768x960.jpeg 768w, https:\/\/adopteuncrane.fr\/wp-content\/uploads\/2026\/04\/madonna3-1229x1536.jpeg 1229w, https:\/\/adopteuncrane.fr\/wp-content\/uploads\/2026\/04\/madonna3.jpeg 1536w\" sizes=\"auto, (max-width: 819px) 100vw, 819px\" \/><button\n\t\t\tclass=\"lightbox-trigger\"\n\t\t\ttype=\"button\"\n\t\t\taria-haspopup=\"dialog\"\n\t\t\taria-label=\"Agrandir\"\n\t\t\tdata-wp-init=\"callbacks.initTriggerButton\"\n\t\t\tdata-wp-on--click=\"actions.showLightbox\"\n\t\t\tdata-wp-style--right=\"state.imageButtonRight\"\n\t\t\tdata-wp-style--top=\"state.imageButtonTop\"\n\t\t>\n\t\t\t<svg xmlns=\"http:\/\/www.w3.org\/2000\/svg\" width=\"12\" height=\"12\" fill=\"none\" viewBox=\"0 0 12 12\">\n\t\t\t\t<path fill=\"#fff\" d=\"M2 0a2 2 0 0 0-2 2v2h1.5V2a.5.5 0 0 1 .5-.5h2V0H2Zm2 10.5H2a.5.5 0 0 1-.5-.5V8H0v2a2 2 0 0 0 2 2h2v-1.5ZM8 12v-1.5h2a.5.5 0 0 0 .5-.5V8H12v2a2 2 0 0 1-2 2H8Zm2-12a2 2 0 0 1 2 2v2h-1.5V2a.5.5 0 0 0-.5-.5H8V0h2Z\" \/>\n\t\t\t<\/svg>\n\t\t<\/button><\/figure>\n\n\n\n<figure data-wp-context=\"{&quot;imageId&quot;:&quot;69e33c861671b&quot;}\" data-wp-interactive=\"core\/image\" data-wp-key=\"69e33c861671b\" class=\"wp-block-image size-large hvr-grow-shadow wp-lightbox-container\"><img loading=\"lazy\" decoding=\"async\" width=\"819\" height=\"1024\" data-wp-class--hide=\"state.isContentHidden\" data-wp-class--show=\"state.isContentVisible\" data-wp-init=\"callbacks.setButtonStyles\" data-wp-on--click=\"actions.showLightbox\" data-wp-on--load=\"callbacks.setButtonStyles\" data-wp-on-window--resize=\"callbacks.setButtonStyles\" data-id=\"2912\" src=\"https:\/\/adopteuncrane.fr\/wp-content\/uploads\/2026\/04\/madonna4-819x1024.jpeg\" alt=\"\" class=\"wp-image-2912\" srcset=\"https:\/\/adopteuncrane.fr\/wp-content\/uploads\/2026\/04\/madonna4-819x1024.jpeg 819w, https:\/\/adopteuncrane.fr\/wp-content\/uploads\/2026\/04\/madonna4-240x300.jpeg 240w, https:\/\/adopteuncrane.fr\/wp-content\/uploads\/2026\/04\/madonna4-768x960.jpeg 768w, https:\/\/adopteuncrane.fr\/wp-content\/uploads\/2026\/04\/madonna4-1229x1536.jpeg 1229w, https:\/\/adopteuncrane.fr\/wp-content\/uploads\/2026\/04\/madonna4.jpeg 1536w\" sizes=\"auto, (max-width: 819px) 100vw, 819px\" \/><button\n\t\t\tclass=\"lightbox-trigger\"\n\t\t\ttype=\"button\"\n\t\t\taria-haspopup=\"dialog\"\n\t\t\taria-label=\"Agrandir\"\n\t\t\tdata-wp-init=\"callbacks.initTriggerButton\"\n\t\t\tdata-wp-on--click=\"actions.showLightbox\"\n\t\t\tdata-wp-style--right=\"state.imageButtonRight\"\n\t\t\tdata-wp-style--top=\"state.imageButtonTop\"\n\t\t>\n\t\t\t<svg xmlns=\"http:\/\/www.w3.org\/2000\/svg\" width=\"12\" height=\"12\" fill=\"none\" viewBox=\"0 0 12 12\">\n\t\t\t\t<path fill=\"#fff\" d=\"M2 0a2 2 0 0 0-2 2v2h1.5V2a.5.5 0 0 1 .5-.5h2V0H2Zm2 10.5H2a.5.5 0 0 1-.5-.5V8H0v2a2 2 0 0 0 2 2h2v-1.5ZM8 12v-1.5h2a.5.5 0 0 0 .5-.5V8H12v2a2 2 0 0 1-2 2H8Zm2-12a2 2 0 0 1 2 2v2h-1.5V2a.5.5 0 0 0-.5-.5H8V0h2Z\" \/>\n\t\t\t<\/svg>\n\t\t<\/button><\/figure>\n\n\n\n<figure data-wp-context=\"{&quot;imageId&quot;:&quot;69e33c8616c63&quot;}\" data-wp-interactive=\"core\/image\" data-wp-key=\"69e33c8616c63\" class=\"wp-block-image size-large hvr-grow-shadow wp-lightbox-container\"><img loading=\"lazy\" decoding=\"async\" width=\"1024\" height=\"640\" data-wp-class--hide=\"state.isContentHidden\" data-wp-class--show=\"state.isContentVisible\" data-wp-init=\"callbacks.setButtonStyles\" data-wp-on--click=\"actions.showLightbox\" data-wp-on--load=\"callbacks.setButtonStyles\" data-wp-on-window--resize=\"callbacks.setButtonStyles\" data-id=\"2913\" src=\"https:\/\/adopteuncrane.fr\/wp-content\/uploads\/2026\/04\/madonna5-1024x640.jpeg\" alt=\"\" class=\"wp-image-2913\" srcset=\"https:\/\/adopteuncrane.fr\/wp-content\/uploads\/2026\/04\/madonna5-1024x640.jpeg 1024w, https:\/\/adopteuncrane.fr\/wp-content\/uploads\/2026\/04\/madonna5-300x188.jpeg 300w, https:\/\/adopteuncrane.fr\/wp-content\/uploads\/2026\/04\/madonna5-768x480.jpeg 768w, https:\/\/adopteuncrane.fr\/wp-content\/uploads\/2026\/04\/madonna5-1536x960.jpeg 1536w, https:\/\/adopteuncrane.fr\/wp-content\/uploads\/2026\/04\/madonna5-2048x1280.jpeg 2048w\" sizes=\"auto, (max-width: 1024px) 100vw, 1024px\" \/><button\n\t\t\tclass=\"lightbox-trigger\"\n\t\t\ttype=\"button\"\n\t\t\taria-haspopup=\"dialog\"\n\t\t\taria-label=\"Agrandir\"\n\t\t\tdata-wp-init=\"callbacks.initTriggerButton\"\n\t\t\tdata-wp-on--click=\"actions.showLightbox\"\n\t\t\tdata-wp-style--right=\"state.imageButtonRight\"\n\t\t\tdata-wp-style--top=\"state.imageButtonTop\"\n\t\t>\n\t\t\t<svg xmlns=\"http:\/\/www.w3.org\/2000\/svg\" width=\"12\" height=\"12\" fill=\"none\" viewBox=\"0 0 12 12\">\n\t\t\t\t<path fill=\"#fff\" d=\"M2 0a2 2 0 0 0-2 2v2h1.5V2a.5.5 0 0 1 .5-.5h2V0H2Zm2 10.5H2a.5.5 0 0 1-.5-.5V8H0v2a2 2 0 0 0 2 2h2v-1.5ZM8 12v-1.5h2a.5.5 0 0 0 .5-.5V8H12v2a2 2 0 0 1-2 2H8Zm2-12a2 2 0 0 1 2 2v2h-1.5V2a.5.5 0 0 0-.5-.5H8V0h2Z\" \/>\n\t\t\t<\/svg>\n\t\t<\/button><\/figure>\n<\/figure>\n<\/div>\n<\/div>\n\n\n\n<p class=\"has-text-align-right has-contrast-color has-text-color has-link-color has-small-font-size wp-elements-c59b612277ef394e245bbc3f69c7296b\"><a href=\"https:\/\/adopteuncrane.fr\/?page_id=123\" data-type=\"link\" data-id=\"https:\/\/adopteuncrane.fr\/?page_id=123\">&lt;&lt;bestiaire&lt;occulte noir<\/a><\/p>\n\n\n\n<figure class=\"wp-block-image aligncenter size-large wp-duotone-rgb000-rgb25500-2\"><img decoding=\"async\" src=\"http:\/\/adopteuncrane.fr\/wp-content\/uploads\/2025\/10\/ligne.png\" alt=\"\"\/><\/figure>\n","protected":false},"excerpt":{"rendered":"<p>&lt;&lt;bestiaire&lt;occulte noir VIRGIN BL\u039bCK Un cr\u00e2ne de chevrette, peint en noir et dor\u00e9, s\u2019\u00e9l\u00e8ve sur un bougeoir ancien d\u00e9tourn\u00e9 en socle rituel. Couronn\u00e9 d\u2019un soleil, il \u00e9voque les figures des Vierges noires, entre myst\u00e8re, sacr\u00e9 et transformation. Entre mati\u00e8re brute et symbole, Virgin Black explore la tension entre mort et lumi\u00e8re, dans une pr\u00e9sence \u00e0 [&hellip;]<\/p>\n","protected":false},"author":1,"featured_media":2441,"parent":123,"menu_order":0,"comment_status":"closed","ping_status":"closed","template":"","meta":{"footnotes":""},"class_list":["post-2910","page","type-page","status-publish","has-post-thumbnail","hentry"],"_links":{"self":[{"href":"https:\/\/adopteuncrane.fr\/index.php?rest_route=\/wp\/v2\/pages\/2910","targetHints":{"allow":["GET"]}}],"collection":[{"href":"https:\/\/adopteuncrane.fr\/index.php?rest_route=\/wp\/v2\/pages"}],"about":[{"href":"https:\/\/adopteuncrane.fr\/index.php?rest_route=\/wp\/v2\/types\/page"}],"author":[{"embeddable":true,"href":"https:\/\/adopteuncrane.fr\/index.php?rest_route=\/wp\/v2\/users\/1"}],"replies":[{"embeddable":true,"href":"https:\/\/adopteuncrane.fr\/index.php?rest_route=%2Fwp%2Fv2%2Fcomments&post=2910"}],"version-history":[{"count":3,"href":"https:\/\/adopteuncrane.fr\/index.php?rest_route=\/wp\/v2\/pages\/2910\/revisions"}],"predecessor-version":[{"id":2919,"href":"https:\/\/adopteuncrane.fr\/index.php?rest_route=\/wp\/v2\/pages\/2910\/revisions\/2919"}],"up":[{"embeddable":true,"href":"https:\/\/adopteuncrane.fr\/index.php?rest_route=\/wp\/v2\/pages\/123"}],"wp:featuredmedia":[{"embeddable":true,"href":"https:\/\/adopteuncrane.fr\/index.php?rest_route=\/wp\/v2\/media\/2441"}],"wp:attachment":[{"href":"https:\/\/adopteuncrane.fr\/index.php?rest_route=%2Fwp%2Fv2%2Fmedia&parent=2910"}],"curies":[{"name":"wp","href":"https:\/\/api.w.org\/{rel}","templated":true}]}}