{"id":278,"date":"2025-10-10T19:33:24","date_gmt":"2025-10-10T19:33:24","guid":{"rendered":"http:\/\/adopteuncrane.fr\/?page_id=278"},"modified":"2025-11-25T17:18:32","modified_gmt":"2025-11-25T17:18:32","slug":"skinned-bunny","status":"publish","type":"page","link":"https:\/\/adopteuncrane.fr\/?page_id=278","title":{"rendered":"Skinned Bunny"},"content":{"rendered":"\n<p class=\"has-text-align-right has-custom-color-4-color has-text-color has-link-color has-small-font-size wp-elements-2476858138be7fef71d72dc689049eb8\"><a href=\"http:\/\/adopteuncrane.fr\/?page_id=117\" data-type=\"page\" data-id=\"117\">&lt;&lt;bestiaire&lt;fantasmagorik<\/a><\/p>\n\n\n\n<div class=\"wp-block-columns are-vertically-aligned-top is-layout-flex wp-container-core-columns-is-layout-28f84493 wp-block-columns-is-layout-flex\" style=\"border-radius:35px\">\n<div class=\"wp-block-column is-vertically-aligned-top is-layout-flow wp-block-column-is-layout-flow\" style=\"flex-basis:50%\">\n<p class=\"has-text-align-center is-style-default has-x-large-font-size\">\ud835\udd16\ud835\udd28\ud835\udd26\ud835\udd2b\ud835\udd2b\ud835\udd22\ud835\udd21 \ud835\udd1f\ud835\udd32\ud835\udd2b\ud835\udd2b\ud835\udd36<\/p>\n\n\n\n<p class=\"has-text-align-right is-style-default\" style=\"font-size:clamp(0.875rem, 0.875rem + ((1vw - 0.2rem) * 0.045), 0.9rem);\">Un v\u00e9ritable cr\u00e2ne de lapin peint \u00e0 la main d\u2019un rouge profond, pr\u00e9sent\u00e9 sous cloche de verre. Inspir\u00e9e par l\u2019univers sombre et tortur\u00e9 du film <em>Hellraiser<\/em> et du groupe industriel <em>Skinny Puppy<\/em>, cette cr\u00e9ation explore la fronti\u00e8re entre la vie et la souffrance, l\u2019art et la transgression.<br>Une \u0153uvre \u00e0 la fois macabre et fascinante, qui invite \u00e0 contempler la beaut\u00e9 dans l\u2019\u00e9trange.<\/p>\n\n\n\n<p class=\"has-text-align-center has-large-font-size\">\/\/<\/p>\n\n\n\n<p class=\"has-text-align-right has-text-color has-link-color has-small-font-size wp-elements-603a0b19a919546646ee44b66867aac2\" style=\"color:#cccccc\">A genuine rabbit skull hand-painted in deep red, displayed under a glass dome. Inspired by the dark and twisted universe of the<em> Hellraiser<\/em>  movie and the industrial band <em>Skinny Puppy<\/em>, this creation explores the boundary between life and suffering, art and transgression. A work that is both macabre and fascinating, inviting contemplation of beauty in the strange.<\/p>\n\n\n\n<p class=\"has-text-align-center has-medium-font-size\">EUR 60.00<\/p>\n<\/div>\n\n\n\n<div class=\"wp-block-column is-vertically-aligned-top has-custom-color-2-background-color has-background is-layout-flow wp-block-column-is-layout-flow\" style=\"padding-top:var(--wp--preset--spacing--20);padding-right:var(--wp--preset--spacing--20);padding-bottom:var(--wp--preset--spacing--20);padding-left:var(--wp--preset--spacing--20);flex-basis:60%\">\n<figure class=\"wp-block-gallery has-nested-images columns-3 is-cropped wp-block-gallery-1 is-layout-flex wp-block-gallery-is-layout-flex\">\n<figure data-wp-context=\"{&quot;imageId&quot;:&quot;69d3d563e09af&quot;}\" data-wp-interactive=\"core\/image\" data-wp-key=\"69d3d563e09af\" class=\"wp-block-image size-large hvr-grow-shadow wp-lightbox-container\"><img loading=\"lazy\" decoding=\"async\" width=\"600\" height=\"800\" data-wp-class--hide=\"state.isContentHidden\" data-wp-class--show=\"state.isContentVisible\" data-wp-init=\"callbacks.setButtonStyles\" data-wp-on--click=\"actions.showLightbox\" data-wp-on--load=\"callbacks.setButtonStyles\" data-wp-on-window--resize=\"callbacks.setButtonStyles\" data-id=\"1865\" src=\"http:\/\/adopteuncrane.fr\/wp-content\/uploads\/2025\/11\/skinnybunny1.png\" alt=\"\" class=\"wp-image-1865\" srcset=\"https:\/\/adopteuncrane.fr\/wp-content\/uploads\/2025\/11\/skinnybunny1.png 600w, https:\/\/adopteuncrane.fr\/wp-content\/uploads\/2025\/11\/skinnybunny1-225x300.png 225w, https:\/\/adopteuncrane.fr\/wp-content\/uploads\/2025\/11\/skinnybunny1-100x133.png 100w\" sizes=\"auto, (max-width: 600px) 100vw, 600px\" \/><button\n\t\t\tclass=\"lightbox-trigger\"\n\t\t\ttype=\"button\"\n\t\t\taria-haspopup=\"dialog\"\n\t\t\taria-label=\"Agrandir\"\n\t\t\tdata-wp-init=\"callbacks.initTriggerButton\"\n\t\t\tdata-wp-on--click=\"actions.showLightbox\"\n\t\t\tdata-wp-style--right=\"state.imageButtonRight\"\n\t\t\tdata-wp-style--top=\"state.imageButtonTop\"\n\t\t>\n\t\t\t<svg xmlns=\"http:\/\/www.w3.org\/2000\/svg\" width=\"12\" height=\"12\" fill=\"none\" viewBox=\"0 0 12 12\">\n\t\t\t\t<path fill=\"#fff\" d=\"M2 0a2 2 0 0 0-2 2v2h1.5V2a.5.5 0 0 1 .5-.5h2V0H2Zm2 10.5H2a.5.5 0 0 1-.5-.5V8H0v2a2 2 0 0 0 2 2h2v-1.5ZM8 12v-1.5h2a.5.5 0 0 0 .5-.5V8H12v2a2 2 0 0 1-2 2H8Zm2-12a2 2 0 0 1 2 2v2h-1.5V2a.5.5 0 0 0-.5-.5H8V0h2Z\" \/>\n\t\t\t<\/svg>\n\t\t<\/button><\/figure>\n\n\n\n<figure data-wp-context=\"{&quot;imageId&quot;:&quot;69d3d563e0ec0&quot;}\" data-wp-interactive=\"core\/image\" data-wp-key=\"69d3d563e0ec0\" class=\"wp-block-image size-large hvr-grow-shadow wp-lightbox-container\"><img loading=\"lazy\" decoding=\"async\" width=\"600\" height=\"800\" data-wp-class--hide=\"state.isContentHidden\" data-wp-class--show=\"state.isContentVisible\" data-wp-init=\"callbacks.setButtonStyles\" data-wp-on--click=\"actions.showLightbox\" data-wp-on--load=\"callbacks.setButtonStyles\" data-wp-on-window--resize=\"callbacks.setButtonStyles\" data-id=\"1867\" src=\"http:\/\/adopteuncrane.fr\/wp-content\/uploads\/2025\/11\/skinnybunny2.png\" alt=\"\" class=\"wp-image-1867\" srcset=\"https:\/\/adopteuncrane.fr\/wp-content\/uploads\/2025\/11\/skinnybunny2.png 600w, https:\/\/adopteuncrane.fr\/wp-content\/uploads\/2025\/11\/skinnybunny2-225x300.png 225w, https:\/\/adopteuncrane.fr\/wp-content\/uploads\/2025\/11\/skinnybunny2-100x133.png 100w\" sizes=\"auto, (max-width: 600px) 100vw, 600px\" \/><button\n\t\t\tclass=\"lightbox-trigger\"\n\t\t\ttype=\"button\"\n\t\t\taria-haspopup=\"dialog\"\n\t\t\taria-label=\"Agrandir\"\n\t\t\tdata-wp-init=\"callbacks.initTriggerButton\"\n\t\t\tdata-wp-on--click=\"actions.showLightbox\"\n\t\t\tdata-wp-style--right=\"state.imageButtonRight\"\n\t\t\tdata-wp-style--top=\"state.imageButtonTop\"\n\t\t>\n\t\t\t<svg xmlns=\"http:\/\/www.w3.org\/2000\/svg\" width=\"12\" height=\"12\" fill=\"none\" viewBox=\"0 0 12 12\">\n\t\t\t\t<path fill=\"#fff\" d=\"M2 0a2 2 0 0 0-2 2v2h1.5V2a.5.5 0 0 1 .5-.5h2V0H2Zm2 10.5H2a.5.5 0 0 1-.5-.5V8H0v2a2 2 0 0 0 2 2h2v-1.5ZM8 12v-1.5h2a.5.5 0 0 0 .5-.5V8H12v2a2 2 0 0 1-2 2H8Zm2-12a2 2 0 0 1 2 2v2h-1.5V2a.5.5 0 0 0-.5-.5H8V0h2Z\" \/>\n\t\t\t<\/svg>\n\t\t<\/button><\/figure>\n\n\n\n<figure data-wp-context=\"{&quot;imageId&quot;:&quot;69d3d563e13a1&quot;}\" data-wp-interactive=\"core\/image\" data-wp-key=\"69d3d563e13a1\" class=\"wp-block-image size-large hvr-grow-shadow wp-lightbox-container\"><img loading=\"lazy\" decoding=\"async\" width=\"600\" height=\"800\" data-wp-class--hide=\"state.isContentHidden\" data-wp-class--show=\"state.isContentVisible\" data-wp-init=\"callbacks.setButtonStyles\" data-wp-on--click=\"actions.showLightbox\" data-wp-on--load=\"callbacks.setButtonStyles\" data-wp-on-window--resize=\"callbacks.setButtonStyles\" data-id=\"1866\" src=\"http:\/\/adopteuncrane.fr\/wp-content\/uploads\/2025\/11\/skinnybunny4.png\" alt=\"\" class=\"wp-image-1866\" srcset=\"https:\/\/adopteuncrane.fr\/wp-content\/uploads\/2025\/11\/skinnybunny4.png 600w, https:\/\/adopteuncrane.fr\/wp-content\/uploads\/2025\/11\/skinnybunny4-225x300.png 225w, https:\/\/adopteuncrane.fr\/wp-content\/uploads\/2025\/11\/skinnybunny4-100x133.png 100w\" sizes=\"auto, (max-width: 600px) 100vw, 600px\" \/><button\n\t\t\tclass=\"lightbox-trigger\"\n\t\t\ttype=\"button\"\n\t\t\taria-haspopup=\"dialog\"\n\t\t\taria-label=\"Agrandir\"\n\t\t\tdata-wp-init=\"callbacks.initTriggerButton\"\n\t\t\tdata-wp-on--click=\"actions.showLightbox\"\n\t\t\tdata-wp-style--right=\"state.imageButtonRight\"\n\t\t\tdata-wp-style--top=\"state.imageButtonTop\"\n\t\t>\n\t\t\t<svg xmlns=\"http:\/\/www.w3.org\/2000\/svg\" width=\"12\" height=\"12\" fill=\"none\" viewBox=\"0 0 12 12\">\n\t\t\t\t<path fill=\"#fff\" d=\"M2 0a2 2 0 0 0-2 2v2h1.5V2a.5.5 0 0 1 .5-.5h2V0H2Zm2 10.5H2a.5.5 0 0 1-.5-.5V8H0v2a2 2 0 0 0 2 2h2v-1.5ZM8 12v-1.5h2a.5.5 0 0 0 .5-.5V8H12v2a2 2 0 0 1-2 2H8Zm2-12a2 2 0 0 1 2 2v2h-1.5V2a.5.5 0 0 0-.5-.5H8V0h2Z\" \/>\n\t\t\t<\/svg>\n\t\t<\/button><\/figure>\n\n\n\n<figure data-wp-context=\"{&quot;imageId&quot;:&quot;69d3d563e17ed&quot;}\" data-wp-interactive=\"core\/image\" data-wp-key=\"69d3d563e17ed\" class=\"wp-block-image size-full hvr-grow-shadow wp-lightbox-container\"><img loading=\"lazy\" decoding=\"async\" width=\"600\" height=\"800\" data-wp-class--hide=\"state.isContentHidden\" data-wp-class--show=\"state.isContentVisible\" data-wp-init=\"callbacks.setButtonStyles\" data-wp-on--click=\"actions.showLightbox\" data-wp-on--load=\"callbacks.setButtonStyles\" data-wp-on-window--resize=\"callbacks.setButtonStyles\" data-id=\"1868\" src=\"http:\/\/adopteuncrane.fr\/wp-content\/uploads\/2025\/11\/skinnybunny3.png\" alt=\"\" class=\"wp-image-1868\" srcset=\"https:\/\/adopteuncrane.fr\/wp-content\/uploads\/2025\/11\/skinnybunny3.png 600w, https:\/\/adopteuncrane.fr\/wp-content\/uploads\/2025\/11\/skinnybunny3-225x300.png 225w, https:\/\/adopteuncrane.fr\/wp-content\/uploads\/2025\/11\/skinnybunny3-100x133.png 100w\" sizes=\"auto, (max-width: 600px) 100vw, 600px\" \/><button\n\t\t\tclass=\"lightbox-trigger\"\n\t\t\ttype=\"button\"\n\t\t\taria-haspopup=\"dialog\"\n\t\t\taria-label=\"Agrandir\"\n\t\t\tdata-wp-init=\"callbacks.initTriggerButton\"\n\t\t\tdata-wp-on--click=\"actions.showLightbox\"\n\t\t\tdata-wp-style--right=\"state.imageButtonRight\"\n\t\t\tdata-wp-style--top=\"state.imageButtonTop\"\n\t\t>\n\t\t\t<svg xmlns=\"http:\/\/www.w3.org\/2000\/svg\" width=\"12\" height=\"12\" fill=\"none\" viewBox=\"0 0 12 12\">\n\t\t\t\t<path fill=\"#fff\" d=\"M2 0a2 2 0 0 0-2 2v2h1.5V2a.5.5 0 0 1 .5-.5h2V0H2Zm2 10.5H2a.5.5 0 0 1-.5-.5V8H0v2a2 2 0 0 0 2 2h2v-1.5ZM8 12v-1.5h2a.5.5 0 0 0 .5-.5V8H12v2a2 2 0 0 1-2 2H8Zm2-12a2 2 0 0 1 2 2v2h-1.5V2a.5.5 0 0 0-.5-.5H8V0h2Z\" \/>\n\t\t\t<\/svg>\n\t\t<\/button><\/figure>\n<\/figure>\n<\/div>\n<\/div>\n\n\n\n<p class=\"has-text-align-right has-custom-color-4-color has-text-color has-link-color has-small-font-size wp-elements-b580de31ef25cde3bd227450820e53c5\"><a href=\"http:\/\/adopteuncrane.fr\/?page_id=117\" data-type=\"page\" data-id=\"117\"><\/a><a href=\"http:\/\/adopteuncrane.fr\/?page_id=117\" data-type=\"page\" data-id=\"117\">&lt;&lt;bestiaire&lt;fantasmagorik<\/a><\/p>\n\n\n\n<figure class=\"wp-block-image aligncenter size-large wp-duotone-rgb000-rgb25500-2\"><img loading=\"lazy\" decoding=\"async\" width=\"1024\" height=\"1\" src=\"http:\/\/adopteuncrane.fr\/wp-content\/uploads\/2025\/10\/ligne-1024x1.png\" alt=\"\" class=\"wp-image-1444\" srcset=\"https:\/\/adopteuncrane.fr\/wp-content\/uploads\/2025\/10\/ligne-1024x1.png 1024w, https:\/\/adopteuncrane.fr\/wp-content\/uploads\/2025\/10\/ligne-300x1.png 300w, https:\/\/adopteuncrane.fr\/wp-content\/uploads\/2025\/10\/ligne-150x2.png 150w, https:\/\/adopteuncrane.fr\/wp-content\/uploads\/2025\/10\/ligne-768x1.png 768w, https:\/\/adopteuncrane.fr\/wp-content\/uploads\/2025\/10\/ligne-600x2.png 600w, https:\/\/adopteuncrane.fr\/wp-content\/uploads\/2025\/10\/ligne-100x1.png 100w, https:\/\/adopteuncrane.fr\/wp-content\/uploads\/2025\/10\/ligne-1536x2.png 1536w, https:\/\/adopteuncrane.fr\/wp-content\/uploads\/2025\/10\/ligne.png 1920w\" sizes=\"auto, (max-width: 1024px) 100vw, 1024px\" \/><\/figure>\n","protected":false},"excerpt":{"rendered":"<p>&lt;&lt;bestiaire&lt;fantasmagorik \ud835\udd16\ud835\udd28\ud835\udd26\ud835\udd2b\ud835\udd2b\ud835\udd22\ud835\udd21 \ud835\udd1f\ud835\udd32\ud835\udd2b\ud835\udd2b\ud835\udd36 Un v\u00e9ritable cr\u00e2ne de lapin peint \u00e0 la main d\u2019un rouge profond, pr\u00e9sent\u00e9 sous cloche de verre. Inspir\u00e9e par l\u2019univers sombre et tortur\u00e9 du film Hellraiser et du groupe industriel Skinny Puppy, cette cr\u00e9ation explore la fronti\u00e8re entre la vie et la souffrance, l\u2019art et la transgression.Une \u0153uvre \u00e0 la fois macabre [&hellip;]<\/p>\n","protected":false},"author":1,"featured_media":2443,"parent":117,"menu_order":3,"comment_status":"closed","ping_status":"closed","template":"","meta":{"footnotes":""},"class_list":["post-278","page","type-page","status-publish","has-post-thumbnail","hentry"],"_links":{"self":[{"href":"https:\/\/adopteuncrane.fr\/index.php?rest_route=\/wp\/v2\/pages\/278","targetHints":{"allow":["GET"]}}],"collection":[{"href":"https:\/\/adopteuncrane.fr\/index.php?rest_route=\/wp\/v2\/pages"}],"about":[{"href":"https:\/\/adopteuncrane.fr\/index.php?rest_route=\/wp\/v2\/types\/page"}],"author":[{"embeddable":true,"href":"https:\/\/adopteuncrane.fr\/index.php?rest_route=\/wp\/v2\/users\/1"}],"replies":[{"embeddable":true,"href":"https:\/\/adopteuncrane.fr\/index.php?rest_route=%2Fwp%2Fv2%2Fcomments&post=278"}],"version-history":[{"count":49,"href":"https:\/\/adopteuncrane.fr\/index.php?rest_route=\/wp\/v2\/pages\/278\/revisions"}],"predecessor-version":[{"id":2583,"href":"https:\/\/adopteuncrane.fr\/index.php?rest_route=\/wp\/v2\/pages\/278\/revisions\/2583"}],"up":[{"embeddable":true,"href":"https:\/\/adopteuncrane.fr\/index.php?rest_route=\/wp\/v2\/pages\/117"}],"wp:featuredmedia":[{"embeddable":true,"href":"https:\/\/adopteuncrane.fr\/index.php?rest_route=\/wp\/v2\/media\/2443"}],"wp:attachment":[{"href":"https:\/\/adopteuncrane.fr\/index.php?rest_route=%2Fwp%2Fv2%2Fmedia&parent=278"}],"curies":[{"name":"wp","href":"https:\/\/api.w.org\/{rel}","templated":true}]}}