{"id":2767,"date":"2025-12-31T15:14:17","date_gmt":"2025-12-31T15:14:17","guid":{"rendered":"https:\/\/adopteuncrane.fr\/?page_id=2767"},"modified":"2026-03-14T13:30:09","modified_gmt":"2026-03-14T13:30:09","slug":"2767-2","status":"publish","type":"page","link":"https:\/\/adopteuncrane.fr\/?page_id=2767","title":{"rendered":"Chamois dor\u00e9"},"content":{"rendered":"\n<p class=\"has-text-align-right has-small-font-size\"><a href=\"http:\/\/adopteuncrane.fr\/?page_id=384\" data-type=\"page\" data-id=\"384\">&lt;&lt;bestiaire&lt;Rituel<\/a><\/p>\n\n\n\n<div class=\"wp-block-columns has-small-font-size is-layout-flex wp-container-core-columns-is-layout-28f84493 wp-block-columns-is-layout-flex\">\n<div class=\"wp-block-column is-vertically-aligned-top is-layout-flow wp-block-column-is-layout-flow\" style=\"flex-basis:50%\">\n<p class=\"has-text-align-center has-medium-font-size\"><strong>Un petit bout de montagne&#8230;<\/strong><\/p>\n\n\n\n<p class=\"has-text-align-left has-text-color has-link-color has-small-font-size wp-elements-4f08c29aee02cfabcfad8be5d960acf5\" style=\"color:#cccccc\">Un fragment de montagne s\u2019est arr\u00eat\u00e9 l\u00e0, fig\u00e9 dans l\u2019os et le silence. Le cr\u00e2ne de chamois dresse ses cornes comme deux cimes, gardant la m\u00e9moire du vent, des rochers et des hauteurs sauvages.<\/p>\n\n\n\n<p class=\"has-text-align-center has-large-font-size\"><strong>\/\/<\/strong><\/p>\n\n\n\n<p class=\"has-text-align-right has-custom-color-3-color has-text-color has-link-color wp-elements-b66e57ef47e235fd08cfdd0b110d408d\">A fragment of mountain has stopped there, frozen in bone and silence. The chamois skull raises its horns like two peaks, keeping the memory of the wind, the rocks, and the wild heights.<\/p>\n\n\n\n<div style=\"height:10px\" aria-hidden=\"true\" class=\"wp-block-spacer\"><\/div>\n\n\n\n<p class=\"has-text-align-center has-medium-font-size\">EUR 45.00<\/p>\n<\/div>\n\n\n\n<div class=\"wp-block-column is-vertically-aligned-center has-small-font-size is-layout-flow wp-block-column-is-layout-flow\" style=\"padding-top:var(--wp--preset--spacing--20);padding-right:var(--wp--preset--spacing--20);padding-bottom:var(--wp--preset--spacing--20);padding-left:var(--wp--preset--spacing--20);flex-basis:60%\">\n<figure class=\"wp-block-gallery has-nested-images columns-3 wp-block-gallery-1 is-layout-flex wp-block-gallery-is-layout-flex\">\n<figure data-wp-context=\"{&quot;imageId&quot;:&quot;69d3eb11564be&quot;}\" data-wp-interactive=\"core\/image\" data-wp-key=\"69d3eb11564be\" class=\"wp-block-image size-large hvr-grow-shadow wp-lightbox-container\"><img loading=\"lazy\" decoding=\"async\" width=\"650\" height=\"867\" data-wp-class--hide=\"state.isContentHidden\" data-wp-class--show=\"state.isContentVisible\" data-wp-init=\"callbacks.setButtonStyles\" data-wp-on--click=\"actions.showLightbox\" data-wp-on--load=\"callbacks.setButtonStyles\" data-wp-on-window--resize=\"callbacks.setButtonStyles\" data-id=\"2772\" src=\"https:\/\/adopteuncrane.fr\/wp-content\/uploads\/2025\/12\/7.jpeg\" alt=\"\" class=\"wp-image-2772\" srcset=\"https:\/\/adopteuncrane.fr\/wp-content\/uploads\/2025\/12\/7.jpeg 650w, https:\/\/adopteuncrane.fr\/wp-content\/uploads\/2025\/12\/7-225x300.jpeg 225w\" sizes=\"auto, (max-width: 650px) 100vw, 650px\" \/><button\n\t\t\tclass=\"lightbox-trigger\"\n\t\t\ttype=\"button\"\n\t\t\taria-haspopup=\"dialog\"\n\t\t\taria-label=\"Agrandir\"\n\t\t\tdata-wp-init=\"callbacks.initTriggerButton\"\n\t\t\tdata-wp-on--click=\"actions.showLightbox\"\n\t\t\tdata-wp-style--right=\"state.imageButtonRight\"\n\t\t\tdata-wp-style--top=\"state.imageButtonTop\"\n\t\t>\n\t\t\t<svg xmlns=\"http:\/\/www.w3.org\/2000\/svg\" width=\"12\" height=\"12\" fill=\"none\" viewBox=\"0 0 12 12\">\n\t\t\t\t<path fill=\"#fff\" d=\"M2 0a2 2 0 0 0-2 2v2h1.5V2a.5.5 0 0 1 .5-.5h2V0H2Zm2 10.5H2a.5.5 0 0 1-.5-.5V8H0v2a2 2 0 0 0 2 2h2v-1.5ZM8 12v-1.5h2a.5.5 0 0 0 .5-.5V8H12v2a2 2 0 0 1-2 2H8Zm2-12a2 2 0 0 1 2 2v2h-1.5V2a.5.5 0 0 0-.5-.5H8V0h2Z\" \/>\n\t\t\t<\/svg>\n\t\t<\/button><\/figure>\n\n\n\n<figure data-wp-context=\"{&quot;imageId&quot;:&quot;69d3eb1155e5c&quot;}\" data-wp-interactive=\"core\/image\" data-wp-key=\"69d3eb1155e5c\" class=\"wp-block-image size-large hvr-grow-shadow wp-lightbox-container\"><img loading=\"lazy\" decoding=\"async\" width=\"650\" height=\"867\" data-wp-class--hide=\"state.isContentHidden\" data-wp-class--show=\"state.isContentVisible\" data-wp-init=\"callbacks.setButtonStyles\" data-wp-on--click=\"actions.showLightbox\" data-wp-on--load=\"callbacks.setButtonStyles\" data-wp-on-window--resize=\"callbacks.setButtonStyles\" data-id=\"2775\" src=\"https:\/\/adopteuncrane.fr\/wp-content\/uploads\/2025\/12\/5.jpeg\" alt=\"\" class=\"wp-image-2775\" srcset=\"https:\/\/adopteuncrane.fr\/wp-content\/uploads\/2025\/12\/5.jpeg 650w, https:\/\/adopteuncrane.fr\/wp-content\/uploads\/2025\/12\/5-225x300.jpeg 225w\" sizes=\"auto, (max-width: 650px) 100vw, 650px\" \/><button\n\t\t\tclass=\"lightbox-trigger\"\n\t\t\ttype=\"button\"\n\t\t\taria-haspopup=\"dialog\"\n\t\t\taria-label=\"Agrandir\"\n\t\t\tdata-wp-init=\"callbacks.initTriggerButton\"\n\t\t\tdata-wp-on--click=\"actions.showLightbox\"\n\t\t\tdata-wp-style--right=\"state.imageButtonRight\"\n\t\t\tdata-wp-style--top=\"state.imageButtonTop\"\n\t\t>\n\t\t\t<svg xmlns=\"http:\/\/www.w3.org\/2000\/svg\" width=\"12\" height=\"12\" fill=\"none\" viewBox=\"0 0 12 12\">\n\t\t\t\t<path fill=\"#fff\" d=\"M2 0a2 2 0 0 0-2 2v2h1.5V2a.5.5 0 0 1 .5-.5h2V0H2Zm2 10.5H2a.5.5 0 0 1-.5-.5V8H0v2a2 2 0 0 0 2 2h2v-1.5ZM8 12v-1.5h2a.5.5 0 0 0 .5-.5V8H12v2a2 2 0 0 1-2 2H8Zm2-12a2 2 0 0 1 2 2v2h-1.5V2a.5.5 0 0 0-.5-.5H8V0h2Z\" \/>\n\t\t\t<\/svg>\n\t\t<\/button><\/figure>\n\n\n\n<figure data-wp-context=\"{&quot;imageId&quot;:&quot;69d3eb1155996&quot;}\" data-wp-interactive=\"core\/image\" data-wp-key=\"69d3eb1155996\" class=\"wp-block-image size-large hvr-grow-shadow wp-lightbox-container\"><img loading=\"lazy\" decoding=\"async\" width=\"1536\" height=\"2048\" data-wp-class--hide=\"state.isContentHidden\" data-wp-class--show=\"state.isContentVisible\" data-wp-init=\"callbacks.setButtonStyles\" data-wp-on--click=\"actions.showLightbox\" data-wp-on--load=\"callbacks.setButtonStyles\" data-wp-on-window--resize=\"callbacks.setButtonStyles\" data-id=\"2774\" src=\"https:\/\/adopteuncrane.fr\/wp-content\/uploads\/2025\/12\/4-768x1024.jpeg\" alt=\"\" class=\"wp-image-2774\" srcset=\"https:\/\/adopteuncrane.fr\/wp-content\/uploads\/2025\/12\/4-768x1024.jpeg 768w, https:\/\/adopteuncrane.fr\/wp-content\/uploads\/2025\/12\/4-225x300.jpeg 225w, https:\/\/adopteuncrane.fr\/wp-content\/uploads\/2025\/12\/4-1152x1536.jpeg 1152w, https:\/\/adopteuncrane.fr\/wp-content\/uploads\/2025\/12\/4.jpeg 1536w\" sizes=\"auto, (max-width: 1536px) 100vw, 1536px\" \/><button\n\t\t\tclass=\"lightbox-trigger\"\n\t\t\ttype=\"button\"\n\t\t\taria-haspopup=\"dialog\"\n\t\t\taria-label=\"Agrandir\"\n\t\t\tdata-wp-init=\"callbacks.initTriggerButton\"\n\t\t\tdata-wp-on--click=\"actions.showLightbox\"\n\t\t\tdata-wp-style--right=\"state.imageButtonRight\"\n\t\t\tdata-wp-style--top=\"state.imageButtonTop\"\n\t\t>\n\t\t\t<svg xmlns=\"http:\/\/www.w3.org\/2000\/svg\" width=\"12\" height=\"12\" fill=\"none\" viewBox=\"0 0 12 12\">\n\t\t\t\t<path fill=\"#fff\" d=\"M2 0a2 2 0 0 0-2 2v2h1.5V2a.5.5 0 0 1 .5-.5h2V0H2Zm2 10.5H2a.5.5 0 0 1-.5-.5V8H0v2a2 2 0 0 0 2 2h2v-1.5ZM8 12v-1.5h2a.5.5 0 0 0 .5-.5V8H12v2a2 2 0 0 1-2 2H8Zm2-12a2 2 0 0 1 2 2v2h-1.5V2a.5.5 0 0 0-.5-.5H8V0h2Z\" \/>\n\t\t\t<\/svg>\n\t\t<\/button><\/figure>\n\n\n\n<figure data-wp-context=\"{&quot;imageId&quot;:&quot;69d3eb1156190&quot;}\" data-wp-interactive=\"core\/image\" data-wp-key=\"69d3eb1156190\" class=\"wp-block-image size-large hvr-grow-shadow wp-lightbox-container\"><img loading=\"lazy\" decoding=\"async\" width=\"768\" height=\"1024\" data-wp-class--hide=\"state.isContentHidden\" data-wp-class--show=\"state.isContentVisible\" data-wp-init=\"callbacks.setButtonStyles\" data-wp-on--click=\"actions.showLightbox\" data-wp-on--load=\"callbacks.setButtonStyles\" data-wp-on-window--resize=\"callbacks.setButtonStyles\" data-id=\"2771\" src=\"https:\/\/adopteuncrane.fr\/wp-content\/uploads\/2025\/12\/6-768x1024.jpeg\" alt=\"\" class=\"wp-image-2771\" srcset=\"https:\/\/adopteuncrane.fr\/wp-content\/uploads\/2025\/12\/6-768x1024.jpeg 768w, https:\/\/adopteuncrane.fr\/wp-content\/uploads\/2025\/12\/6-225x300.jpeg 225w, https:\/\/adopteuncrane.fr\/wp-content\/uploads\/2025\/12\/6-1152x1536.jpeg 1152w, https:\/\/adopteuncrane.fr\/wp-content\/uploads\/2025\/12\/6.jpeg 1536w\" sizes=\"auto, (max-width: 768px) 100vw, 768px\" \/><button\n\t\t\tclass=\"lightbox-trigger\"\n\t\t\ttype=\"button\"\n\t\t\taria-haspopup=\"dialog\"\n\t\t\taria-label=\"Agrandir\"\n\t\t\tdata-wp-init=\"callbacks.initTriggerButton\"\n\t\t\tdata-wp-on--click=\"actions.showLightbox\"\n\t\t\tdata-wp-style--right=\"state.imageButtonRight\"\n\t\t\tdata-wp-style--top=\"state.imageButtonTop\"\n\t\t>\n\t\t\t<svg xmlns=\"http:\/\/www.w3.org\/2000\/svg\" width=\"12\" height=\"12\" fill=\"none\" viewBox=\"0 0 12 12\">\n\t\t\t\t<path fill=\"#fff\" d=\"M2 0a2 2 0 0 0-2 2v2h1.5V2a.5.5 0 0 1 .5-.5h2V0H2Zm2 10.5H2a.5.5 0 0 1-.5-.5V8H0v2a2 2 0 0 0 2 2h2v-1.5ZM8 12v-1.5h2a.5.5 0 0 0 .5-.5V8H12v2a2 2 0 0 1-2 2H8Zm2-12a2 2 0 0 1 2 2v2h-1.5V2a.5.5 0 0 0-.5-.5H8V0h2Z\" \/>\n\t\t\t<\/svg>\n\t\t<\/button><\/figure>\n\n\n\n<figure data-wp-context=\"{&quot;imageId&quot;:&quot;69d3eb115527f&quot;}\" data-wp-interactive=\"core\/image\" data-wp-key=\"69d3eb115527f\" class=\"wp-block-image size-large hvr-grow-shadow wp-lightbox-container\"><img loading=\"lazy\" decoding=\"async\" width=\"650\" height=\"867\" data-wp-class--hide=\"state.isContentHidden\" data-wp-class--show=\"state.isContentVisible\" data-wp-init=\"callbacks.setButtonStyles\" data-wp-on--click=\"actions.showLightbox\" data-wp-on--load=\"callbacks.setButtonStyles\" data-wp-on-window--resize=\"callbacks.setButtonStyles\" data-id=\"2769\" src=\"https:\/\/adopteuncrane.fr\/wp-content\/uploads\/2025\/12\/2.jpeg\" alt=\"\" class=\"wp-image-2769\" srcset=\"https:\/\/adopteuncrane.fr\/wp-content\/uploads\/2025\/12\/2.jpeg 650w, https:\/\/adopteuncrane.fr\/wp-content\/uploads\/2025\/12\/2-225x300.jpeg 225w\" sizes=\"auto, (max-width: 650px) 100vw, 650px\" \/><button\n\t\t\tclass=\"lightbox-trigger\"\n\t\t\ttype=\"button\"\n\t\t\taria-haspopup=\"dialog\"\n\t\t\taria-label=\"Agrandir\"\n\t\t\tdata-wp-init=\"callbacks.initTriggerButton\"\n\t\t\tdata-wp-on--click=\"actions.showLightbox\"\n\t\t\tdata-wp-style--right=\"state.imageButtonRight\"\n\t\t\tdata-wp-style--top=\"state.imageButtonTop\"\n\t\t>\n\t\t\t<svg xmlns=\"http:\/\/www.w3.org\/2000\/svg\" width=\"12\" height=\"12\" fill=\"none\" viewBox=\"0 0 12 12\">\n\t\t\t\t<path fill=\"#fff\" d=\"M2 0a2 2 0 0 0-2 2v2h1.5V2a.5.5 0 0 1 .5-.5h2V0H2Zm2 10.5H2a.5.5 0 0 1-.5-.5V8H0v2a2 2 0 0 0 2 2h2v-1.5ZM8 12v-1.5h2a.5.5 0 0 0 .5-.5V8H12v2a2 2 0 0 1-2 2H8Zm2-12a2 2 0 0 1 2 2v2h-1.5V2a.5.5 0 0 0-.5-.5H8V0h2Z\" \/>\n\t\t\t<\/svg>\n\t\t<\/button><\/figure>\n\n\n\n<figure data-wp-context=\"{&quot;imageId&quot;:&quot;69d3eb1154e09&quot;}\" data-wp-interactive=\"core\/image\" data-wp-key=\"69d3eb1154e09\" class=\"wp-block-image size-large hvr-grow-shadow wp-lightbox-container\"><img loading=\"lazy\" decoding=\"async\" width=\"650\" height=\"867\" data-wp-class--hide=\"state.isContentHidden\" data-wp-class--show=\"state.isContentVisible\" data-wp-init=\"callbacks.setButtonStyles\" data-wp-on--click=\"actions.showLightbox\" data-wp-on--load=\"callbacks.setButtonStyles\" data-wp-on-window--resize=\"callbacks.setButtonStyles\" data-id=\"2770\" src=\"https:\/\/adopteuncrane.fr\/wp-content\/uploads\/2025\/12\/1.jpeg\" alt=\"\" class=\"wp-image-2770\" srcset=\"https:\/\/adopteuncrane.fr\/wp-content\/uploads\/2025\/12\/1.jpeg 650w, https:\/\/adopteuncrane.fr\/wp-content\/uploads\/2025\/12\/1-225x300.jpeg 225w\" sizes=\"auto, (max-width: 650px) 100vw, 650px\" \/><button\n\t\t\tclass=\"lightbox-trigger\"\n\t\t\ttype=\"button\"\n\t\t\taria-haspopup=\"dialog\"\n\t\t\taria-label=\"Agrandir\"\n\t\t\tdata-wp-init=\"callbacks.initTriggerButton\"\n\t\t\tdata-wp-on--click=\"actions.showLightbox\"\n\t\t\tdata-wp-style--right=\"state.imageButtonRight\"\n\t\t\tdata-wp-style--top=\"state.imageButtonTop\"\n\t\t>\n\t\t\t<svg xmlns=\"http:\/\/www.w3.org\/2000\/svg\" width=\"12\" height=\"12\" fill=\"none\" viewBox=\"0 0 12 12\">\n\t\t\t\t<path fill=\"#fff\" d=\"M2 0a2 2 0 0 0-2 2v2h1.5V2a.5.5 0 0 1 .5-.5h2V0H2Zm2 10.5H2a.5.5 0 0 1-.5-.5V8H0v2a2 2 0 0 0 2 2h2v-1.5ZM8 12v-1.5h2a.5.5 0 0 0 .5-.5V8H12v2a2 2 0 0 1-2 2H8Zm2-12a2 2 0 0 1 2 2v2h-1.5V2a.5.5 0 0 0-.5-.5H8V0h2Z\" \/>\n\t\t\t<\/svg>\n\t\t<\/button><\/figure>\n\n\n\n<figure data-wp-context=\"{&quot;imageId&quot;:&quot;69d3eb11555fc&quot;}\" data-wp-interactive=\"core\/image\" data-wp-key=\"69d3eb11555fc\" class=\"wp-block-image size-large hvr-grow-shadow wp-lightbox-container\"><img loading=\"lazy\" decoding=\"async\" width=\"650\" height=\"867\" data-wp-class--hide=\"state.isContentHidden\" data-wp-class--show=\"state.isContentVisible\" data-wp-init=\"callbacks.setButtonStyles\" data-wp-on--click=\"actions.showLightbox\" data-wp-on--load=\"callbacks.setButtonStyles\" data-wp-on-window--resize=\"callbacks.setButtonStyles\" data-id=\"2773\" src=\"https:\/\/adopteuncrane.fr\/wp-content\/uploads\/2025\/12\/3.jpeg\" alt=\"\" class=\"wp-image-2773\" srcset=\"https:\/\/adopteuncrane.fr\/wp-content\/uploads\/2025\/12\/3.jpeg 650w, https:\/\/adopteuncrane.fr\/wp-content\/uploads\/2025\/12\/3-225x300.jpeg 225w\" sizes=\"auto, (max-width: 650px) 100vw, 650px\" \/><button\n\t\t\tclass=\"lightbox-trigger\"\n\t\t\ttype=\"button\"\n\t\t\taria-haspopup=\"dialog\"\n\t\t\taria-label=\"Agrandir\"\n\t\t\tdata-wp-init=\"callbacks.initTriggerButton\"\n\t\t\tdata-wp-on--click=\"actions.showLightbox\"\n\t\t\tdata-wp-style--right=\"state.imageButtonRight\"\n\t\t\tdata-wp-style--top=\"state.imageButtonTop\"\n\t\t>\n\t\t\t<svg xmlns=\"http:\/\/www.w3.org\/2000\/svg\" width=\"12\" height=\"12\" fill=\"none\" viewBox=\"0 0 12 12\">\n\t\t\t\t<path fill=\"#fff\" d=\"M2 0a2 2 0 0 0-2 2v2h1.5V2a.5.5 0 0 1 .5-.5h2V0H2Zm2 10.5H2a.5.5 0 0 1-.5-.5V8H0v2a2 2 0 0 0 2 2h2v-1.5ZM8 12v-1.5h2a.5.5 0 0 0 .5-.5V8H12v2a2 2 0 0 1-2 2H8Zm2-12a2 2 0 0 1 2 2v2h-1.5V2a.5.5 0 0 0-.5-.5H8V0h2Z\" \/>\n\t\t\t<\/svg>\n\t\t<\/button><\/figure>\n<\/figure>\n<\/div>\n<\/div>\n\n\n\n<p class=\"has-text-align-right has-small-font-size\"><a href=\"http:\/\/adopteuncrane.fr\/?page_id=384\" data-type=\"page\" data-id=\"384\"><\/a><a href=\"http:\/\/adopteuncrane.fr\/?page_id=384\" data-type=\"page\" data-id=\"384\">&lt;&lt;bestiaire&lt;Rituel<\/a><\/p>\n\n\n\n<figure class=\"wp-block-image aligncenter size-large wp-duotone-rgb255255255-rgb000-2\"><img loading=\"lazy\" decoding=\"async\" width=\"1024\" height=\"1\" src=\"http:\/\/adopteuncrane.fr\/wp-content\/uploads\/2025\/10\/ligne-1024x1.png\" alt=\"\" class=\"wp-image-1444\" srcset=\"https:\/\/adopteuncrane.fr\/wp-content\/uploads\/2025\/10\/ligne-1024x1.png 1024w, https:\/\/adopteuncrane.fr\/wp-content\/uploads\/2025\/10\/ligne-300x1.png 300w, https:\/\/adopteuncrane.fr\/wp-content\/uploads\/2025\/10\/ligne-150x2.png 150w, https:\/\/adopteuncrane.fr\/wp-content\/uploads\/2025\/10\/ligne-768x1.png 768w, https:\/\/adopteuncrane.fr\/wp-content\/uploads\/2025\/10\/ligne-600x2.png 600w, https:\/\/adopteuncrane.fr\/wp-content\/uploads\/2025\/10\/ligne-100x1.png 100w, https:\/\/adopteuncrane.fr\/wp-content\/uploads\/2025\/10\/ligne-1536x2.png 1536w, https:\/\/adopteuncrane.fr\/wp-content\/uploads\/2025\/10\/ligne.png 1920w\" sizes=\"auto, (max-width: 1024px) 100vw, 1024px\" \/><\/figure>\n","protected":false},"excerpt":{"rendered":"<p>&lt;&lt;bestiaire&lt;Rituel Un petit bout de montagne&#8230; Un fragment de montagne s\u2019est arr\u00eat\u00e9 l\u00e0, fig\u00e9 dans l\u2019os et le silence. Le cr\u00e2ne de chamois dresse ses cornes comme deux cimes, gardant la m\u00e9moire du vent, des rochers et des hauteurs sauvages. \/\/ A fragment of mountain has stopped there, frozen in bone and silence. The chamois [&hellip;]<\/p>\n","protected":false},"author":1,"featured_media":2794,"parent":384,"menu_order":0,"comment_status":"closed","ping_status":"closed","template":"","meta":{"footnotes":""},"class_list":["post-2767","page","type-page","status-publish","has-post-thumbnail","hentry"],"_links":{"self":[{"href":"https:\/\/adopteuncrane.fr\/index.php?rest_route=\/wp\/v2\/pages\/2767","targetHints":{"allow":["GET"]}}],"collection":[{"href":"https:\/\/adopteuncrane.fr\/index.php?rest_route=\/wp\/v2\/pages"}],"about":[{"href":"https:\/\/adopteuncrane.fr\/index.php?rest_route=\/wp\/v2\/types\/page"}],"author":[{"embeddable":true,"href":"https:\/\/adopteuncrane.fr\/index.php?rest_route=\/wp\/v2\/users\/1"}],"replies":[{"embeddable":true,"href":"https:\/\/adopteuncrane.fr\/index.php?rest_route=%2Fwp%2Fv2%2Fcomments&post=2767"}],"version-history":[{"count":9,"href":"https:\/\/adopteuncrane.fr\/index.php?rest_route=\/wp\/v2\/pages\/2767\/revisions"}],"predecessor-version":[{"id":2864,"href":"https:\/\/adopteuncrane.fr\/index.php?rest_route=\/wp\/v2\/pages\/2767\/revisions\/2864"}],"up":[{"embeddable":true,"href":"https:\/\/adopteuncrane.fr\/index.php?rest_route=\/wp\/v2\/pages\/384"}],"wp:featuredmedia":[{"embeddable":true,"href":"https:\/\/adopteuncrane.fr\/index.php?rest_route=\/wp\/v2\/media\/2794"}],"wp:attachment":[{"href":"https:\/\/adopteuncrane.fr\/index.php?rest_route=%2Fwp%2Fv2%2Fmedia&parent=2767"}],"curies":[{"name":"wp","href":"https:\/\/api.w.org\/{rel}","templated":true}]}}