{"id":2693,"date":"2025-11-27T18:37:18","date_gmt":"2025-11-27T18:37:18","guid":{"rendered":"https:\/\/adopteuncrane.fr\/?page_id=2693"},"modified":"2025-11-27T18:45:18","modified_gmt":"2025-11-27T18:45:18","slug":"2693-2","status":"publish","type":"page","link":"https:\/\/adopteuncrane.fr\/?page_id=2693","title":{"rendered":"Maleficar ll"},"content":{"rendered":"\n<p class=\"has-text-align-right has-contrast-color has-text-color has-link-color has-small-font-size wp-elements-c59b612277ef394e245bbc3f69c7296b\"><a href=\"https:\/\/adopteuncrane.fr\/?page_id=123\" data-type=\"link\" data-id=\"https:\/\/adopteuncrane.fr\/?page_id=123\">&lt;&lt;bestiaire&lt;occulte noir<\/a><\/p>\n\n\n\n<div class=\"wp-block-columns is-layout-flex wp-container-core-columns-is-layout-28f84493 wp-block-columns-is-layout-flex\">\n<div class=\"wp-block-column is-layout-flow wp-block-column-is-layout-flow\">\n<p class=\"has-text-align-center has-x-large-font-size\">\ud835\udd10\ud835\udd1e\ud835\udd29\ud835\udd22\ud835\udd23\ud835\udd26\ud835\udd20\ud835\udd1e\ud835\udd2f \ud835\udd29\ud835\udd29<\/p>\n\n\n\n<p class=\"has-text-align-right has-small-font-size\">N\u00e9 de l\u2019ombre et du m\u00e9tal, <em><strong>Maleficar<\/strong><\/em> se dresse comme un vestige d\u2019un rituel oubli\u00e9.<br>Le cr\u00e2ne de springbok, peint d\u2019un noir profond, semble avoir absorb\u00e9 les murmures du temps. Ses cornes, point\u00e9es vers le ciel, tracent une ascension silencieuse, comme une pri\u00e8re invers\u00e9e ou un d\u00e9fi lanc\u00e9 aux puissances invisibles.<\/p>\n\n\n\n<p class=\"has-text-align-right has-small-font-size\">Autour de lui, la couronne de v\u00e9ritables barbel\u00e9s se referme tel un sceau protecteur,  ou une mal\u00e9diction.<br>Le cuivre, discret mais pr\u00e9sent, \u00e9voque des braises encore ti\u00e8des, la trace d\u2019un feu occult\u00e9, une \u00e9nergie qui persiste et qui respire dans le m\u00e9tal.<\/p>\n\n\n\n<p class=\"has-text-align-center has-large-font-size\">\/\/<\/p>\n\n\n\n<p class=\"has-text-align-right has-custom-color-3-color has-text-color has-link-color has-small-font-size wp-elements-ff117a2015cae4a2a4aa649655c41ad6\">Born from shadow and metal, <em><strong>Maleficar<\/strong><\/em> stands as a relic of a forgotten ritual.<br>The springbok skull, painted in a deep black, seems to have absorbed the whispers of time. Its horns, pointed skyward, trace a silent ascent, like an inverted prayer or a challenge to invisible powers.<\/p>\n\n\n\n<p class=\"has-text-align-right has-custom-color-3-color has-text-color has-link-color has-small-font-size wp-elements-d03ab0dbeaa97fb470bc6d943f61e9d5\">Around it, a crown of real barbed wire closes in like a protective seal, or a curse.<br>The copper, subtle yet present, evokes still-warm embers, the trace of a hidden fire, an energy that lingers and breathes within the metal.<\/p>\n\n\n\n<p class=\"has-text-align-center has-medium-font-size\">EUR 145.00<\/p>\n<\/div>\n\n\n\n<div class=\"wp-block-column is-layout-flow wp-block-column-is-layout-flow\">\n<figure class=\"wp-block-gallery has-nested-images columns-4 is-cropped wp-block-gallery-1 is-layout-flex wp-block-gallery-is-layout-flex\">\n<figure data-wp-context=\"{&quot;imageId&quot;:&quot;69d3d5b4c50c0&quot;}\" data-wp-interactive=\"core\/image\" data-wp-key=\"69d3d5b4c50c0\" class=\"wp-block-image size-full hvr-grow-shadow wp-lightbox-container\"><img loading=\"lazy\" decoding=\"async\" width=\"640\" height=\"853\" data-wp-class--hide=\"state.isContentHidden\" data-wp-class--show=\"state.isContentVisible\" data-wp-init=\"callbacks.setButtonStyles\" data-wp-on--click=\"actions.showLightbox\" data-wp-on--load=\"callbacks.setButtonStyles\" data-wp-on-window--resize=\"callbacks.setButtonStyles\" data-id=\"2695\" src=\"https:\/\/adopteuncrane.fr\/wp-content\/uploads\/2025\/11\/maleficar2.jpeg\" alt=\"\" class=\"wp-image-2695\" srcset=\"https:\/\/adopteuncrane.fr\/wp-content\/uploads\/2025\/11\/maleficar2.jpeg 640w, https:\/\/adopteuncrane.fr\/wp-content\/uploads\/2025\/11\/maleficar2-225x300.jpeg 225w\" sizes=\"auto, (max-width: 640px) 100vw, 640px\" \/><button\n\t\t\tclass=\"lightbox-trigger\"\n\t\t\ttype=\"button\"\n\t\t\taria-haspopup=\"dialog\"\n\t\t\taria-label=\"Agrandir\"\n\t\t\tdata-wp-init=\"callbacks.initTriggerButton\"\n\t\t\tdata-wp-on--click=\"actions.showLightbox\"\n\t\t\tdata-wp-style--right=\"state.imageButtonRight\"\n\t\t\tdata-wp-style--top=\"state.imageButtonTop\"\n\t\t>\n\t\t\t<svg xmlns=\"http:\/\/www.w3.org\/2000\/svg\" width=\"12\" height=\"12\" fill=\"none\" viewBox=\"0 0 12 12\">\n\t\t\t\t<path fill=\"#fff\" d=\"M2 0a2 2 0 0 0-2 2v2h1.5V2a.5.5 0 0 1 .5-.5h2V0H2Zm2 10.5H2a.5.5 0 0 1-.5-.5V8H0v2a2 2 0 0 0 2 2h2v-1.5ZM8 12v-1.5h2a.5.5 0 0 0 .5-.5V8H12v2a2 2 0 0 1-2 2H8Zm2-12a2 2 0 0 1 2 2v2h-1.5V2a.5.5 0 0 0-.5-.5H8V0h2Z\" \/>\n\t\t\t<\/svg>\n\t\t<\/button><\/figure>\n\n\n\n<figure data-wp-context=\"{&quot;imageId&quot;:&quot;69d3d5b4c5437&quot;}\" data-wp-interactive=\"core\/image\" data-wp-key=\"69d3d5b4c5437\" class=\"wp-block-image size-full hvr-grow-shadow wp-lightbox-container\"><img loading=\"lazy\" decoding=\"async\" width=\"640\" height=\"853\" data-wp-class--hide=\"state.isContentHidden\" data-wp-class--show=\"state.isContentVisible\" data-wp-init=\"callbacks.setButtonStyles\" data-wp-on--click=\"actions.showLightbox\" data-wp-on--load=\"callbacks.setButtonStyles\" data-wp-on-window--resize=\"callbacks.setButtonStyles\" data-id=\"2696\" src=\"https:\/\/adopteuncrane.fr\/wp-content\/uploads\/2025\/11\/maleficar3.jpeg\" alt=\"\" class=\"wp-image-2696\" srcset=\"https:\/\/adopteuncrane.fr\/wp-content\/uploads\/2025\/11\/maleficar3.jpeg 640w, https:\/\/adopteuncrane.fr\/wp-content\/uploads\/2025\/11\/maleficar3-225x300.jpeg 225w\" sizes=\"auto, (max-width: 640px) 100vw, 640px\" \/><button\n\t\t\tclass=\"lightbox-trigger\"\n\t\t\ttype=\"button\"\n\t\t\taria-haspopup=\"dialog\"\n\t\t\taria-label=\"Agrandir\"\n\t\t\tdata-wp-init=\"callbacks.initTriggerButton\"\n\t\t\tdata-wp-on--click=\"actions.showLightbox\"\n\t\t\tdata-wp-style--right=\"state.imageButtonRight\"\n\t\t\tdata-wp-style--top=\"state.imageButtonTop\"\n\t\t>\n\t\t\t<svg xmlns=\"http:\/\/www.w3.org\/2000\/svg\" width=\"12\" height=\"12\" fill=\"none\" viewBox=\"0 0 12 12\">\n\t\t\t\t<path fill=\"#fff\" d=\"M2 0a2 2 0 0 0-2 2v2h1.5V2a.5.5 0 0 1 .5-.5h2V0H2Zm2 10.5H2a.5.5 0 0 1-.5-.5V8H0v2a2 2 0 0 0 2 2h2v-1.5ZM8 12v-1.5h2a.5.5 0 0 0 .5-.5V8H12v2a2 2 0 0 1-2 2H8Zm2-12a2 2 0 0 1 2 2v2h-1.5V2a.5.5 0 0 0-.5-.5H8V0h2Z\" \/>\n\t\t\t<\/svg>\n\t\t<\/button><\/figure>\n\n\n\n<figure data-wp-context=\"{&quot;imageId&quot;:&quot;69d3d5b4c5770&quot;}\" data-wp-interactive=\"core\/image\" data-wp-key=\"69d3d5b4c5770\" class=\"wp-block-image size-large hvr-grow-shadow wp-lightbox-container\"><img loading=\"lazy\" decoding=\"async\" width=\"640\" height=\"853\" data-wp-class--hide=\"state.isContentHidden\" data-wp-class--show=\"state.isContentVisible\" data-wp-init=\"callbacks.setButtonStyles\" data-wp-on--click=\"actions.showLightbox\" data-wp-on--load=\"callbacks.setButtonStyles\" data-wp-on-window--resize=\"callbacks.setButtonStyles\" data-id=\"2700\" src=\"https:\/\/adopteuncrane.fr\/wp-content\/uploads\/2025\/11\/maleficar7.jpeg\" alt=\"\" class=\"wp-image-2700\" srcset=\"https:\/\/adopteuncrane.fr\/wp-content\/uploads\/2025\/11\/maleficar7.jpeg 640w, https:\/\/adopteuncrane.fr\/wp-content\/uploads\/2025\/11\/maleficar7-225x300.jpeg 225w\" sizes=\"auto, (max-width: 640px) 100vw, 640px\" \/><button\n\t\t\tclass=\"lightbox-trigger\"\n\t\t\ttype=\"button\"\n\t\t\taria-haspopup=\"dialog\"\n\t\t\taria-label=\"Agrandir\"\n\t\t\tdata-wp-init=\"callbacks.initTriggerButton\"\n\t\t\tdata-wp-on--click=\"actions.showLightbox\"\n\t\t\tdata-wp-style--right=\"state.imageButtonRight\"\n\t\t\tdata-wp-style--top=\"state.imageButtonTop\"\n\t\t>\n\t\t\t<svg xmlns=\"http:\/\/www.w3.org\/2000\/svg\" width=\"12\" height=\"12\" fill=\"none\" viewBox=\"0 0 12 12\">\n\t\t\t\t<path fill=\"#fff\" d=\"M2 0a2 2 0 0 0-2 2v2h1.5V2a.5.5 0 0 1 .5-.5h2V0H2Zm2 10.5H2a.5.5 0 0 1-.5-.5V8H0v2a2 2 0 0 0 2 2h2v-1.5ZM8 12v-1.5h2a.5.5 0 0 0 .5-.5V8H12v2a2 2 0 0 1-2 2H8Zm2-12a2 2 0 0 1 2 2v2h-1.5V2a.5.5 0 0 0-.5-.5H8V0h2Z\" \/>\n\t\t\t<\/svg>\n\t\t<\/button><\/figure>\n\n\n\n<figure data-wp-context=\"{&quot;imageId&quot;:&quot;69d3d5b4c5a97&quot;}\" data-wp-interactive=\"core\/image\" data-wp-key=\"69d3d5b4c5a97\" class=\"wp-block-image size-full hvr-grow-shadow wp-lightbox-container\"><img loading=\"lazy\" decoding=\"async\" width=\"640\" height=\"853\" data-wp-class--hide=\"state.isContentHidden\" data-wp-class--show=\"state.isContentVisible\" data-wp-init=\"callbacks.setButtonStyles\" data-wp-on--click=\"actions.showLightbox\" data-wp-on--load=\"callbacks.setButtonStyles\" data-wp-on-window--resize=\"callbacks.setButtonStyles\" data-id=\"2697\" src=\"https:\/\/adopteuncrane.fr\/wp-content\/uploads\/2025\/11\/maleficar4.jpeg\" alt=\"\" class=\"wp-image-2697\" srcset=\"https:\/\/adopteuncrane.fr\/wp-content\/uploads\/2025\/11\/maleficar4.jpeg 640w, https:\/\/adopteuncrane.fr\/wp-content\/uploads\/2025\/11\/maleficar4-225x300.jpeg 225w\" sizes=\"auto, (max-width: 640px) 100vw, 640px\" \/><button\n\t\t\tclass=\"lightbox-trigger\"\n\t\t\ttype=\"button\"\n\t\t\taria-haspopup=\"dialog\"\n\t\t\taria-label=\"Agrandir\"\n\t\t\tdata-wp-init=\"callbacks.initTriggerButton\"\n\t\t\tdata-wp-on--click=\"actions.showLightbox\"\n\t\t\tdata-wp-style--right=\"state.imageButtonRight\"\n\t\t\tdata-wp-style--top=\"state.imageButtonTop\"\n\t\t>\n\t\t\t<svg xmlns=\"http:\/\/www.w3.org\/2000\/svg\" width=\"12\" height=\"12\" fill=\"none\" viewBox=\"0 0 12 12\">\n\t\t\t\t<path fill=\"#fff\" d=\"M2 0a2 2 0 0 0-2 2v2h1.5V2a.5.5 0 0 1 .5-.5h2V0H2Zm2 10.5H2a.5.5 0 0 1-.5-.5V8H0v2a2 2 0 0 0 2 2h2v-1.5ZM8 12v-1.5h2a.5.5 0 0 0 .5-.5V8H12v2a2 2 0 0 1-2 2H8Zm2-12a2 2 0 0 1 2 2v2h-1.5V2a.5.5 0 0 0-.5-.5H8V0h2Z\" \/>\n\t\t\t<\/svg>\n\t\t<\/button><\/figure>\n\n\n\n<figure data-wp-context=\"{&quot;imageId&quot;:&quot;69d3d5b4c5e33&quot;}\" data-wp-interactive=\"core\/image\" data-wp-key=\"69d3d5b4c5e33\" class=\"wp-block-image size-full hvr-grow-shadow wp-lightbox-container\"><img loading=\"lazy\" decoding=\"async\" width=\"640\" height=\"853\" data-wp-class--hide=\"state.isContentHidden\" data-wp-class--show=\"state.isContentVisible\" data-wp-init=\"callbacks.setButtonStyles\" data-wp-on--click=\"actions.showLightbox\" data-wp-on--load=\"callbacks.setButtonStyles\" data-wp-on-window--resize=\"callbacks.setButtonStyles\" data-id=\"2698\" src=\"https:\/\/adopteuncrane.fr\/wp-content\/uploads\/2025\/11\/maleficar5.jpeg\" alt=\"\" class=\"wp-image-2698\" srcset=\"https:\/\/adopteuncrane.fr\/wp-content\/uploads\/2025\/11\/maleficar5.jpeg 640w, https:\/\/adopteuncrane.fr\/wp-content\/uploads\/2025\/11\/maleficar5-225x300.jpeg 225w\" sizes=\"auto, (max-width: 640px) 100vw, 640px\" \/><button\n\t\t\tclass=\"lightbox-trigger\"\n\t\t\ttype=\"button\"\n\t\t\taria-haspopup=\"dialog\"\n\t\t\taria-label=\"Agrandir\"\n\t\t\tdata-wp-init=\"callbacks.initTriggerButton\"\n\t\t\tdata-wp-on--click=\"actions.showLightbox\"\n\t\t\tdata-wp-style--right=\"state.imageButtonRight\"\n\t\t\tdata-wp-style--top=\"state.imageButtonTop\"\n\t\t>\n\t\t\t<svg xmlns=\"http:\/\/www.w3.org\/2000\/svg\" width=\"12\" height=\"12\" fill=\"none\" viewBox=\"0 0 12 12\">\n\t\t\t\t<path fill=\"#fff\" d=\"M2 0a2 2 0 0 0-2 2v2h1.5V2a.5.5 0 0 1 .5-.5h2V0H2Zm2 10.5H2a.5.5 0 0 1-.5-.5V8H0v2a2 2 0 0 0 2 2h2v-1.5ZM8 12v-1.5h2a.5.5 0 0 0 .5-.5V8H12v2a2 2 0 0 1-2 2H8Zm2-12a2 2 0 0 1 2 2v2h-1.5V2a.5.5 0 0 0-.5-.5H8V0h2Z\" \/>\n\t\t\t<\/svg>\n\t\t<\/button><\/figure>\n\n\n\n<figure data-wp-context=\"{&quot;imageId&quot;:&quot;69d3d5b4c6159&quot;}\" data-wp-interactive=\"core\/image\" data-wp-key=\"69d3d5b4c6159\" class=\"wp-block-image size-full hvr-grow-shadow wp-lightbox-container\"><img loading=\"lazy\" decoding=\"async\" width=\"640\" height=\"853\" data-wp-class--hide=\"state.isContentHidden\" data-wp-class--show=\"state.isContentVisible\" data-wp-init=\"callbacks.setButtonStyles\" data-wp-on--click=\"actions.showLightbox\" data-wp-on--load=\"callbacks.setButtonStyles\" data-wp-on-window--resize=\"callbacks.setButtonStyles\" data-id=\"2694\" src=\"https:\/\/adopteuncrane.fr\/wp-content\/uploads\/2025\/11\/maleficar.jpeg\" alt=\"\" class=\"wp-image-2694\" srcset=\"https:\/\/adopteuncrane.fr\/wp-content\/uploads\/2025\/11\/maleficar.jpeg 640w, https:\/\/adopteuncrane.fr\/wp-content\/uploads\/2025\/11\/maleficar-225x300.jpeg 225w\" sizes=\"auto, (max-width: 640px) 100vw, 640px\" \/><button\n\t\t\tclass=\"lightbox-trigger\"\n\t\t\ttype=\"button\"\n\t\t\taria-haspopup=\"dialog\"\n\t\t\taria-label=\"Agrandir\"\n\t\t\tdata-wp-init=\"callbacks.initTriggerButton\"\n\t\t\tdata-wp-on--click=\"actions.showLightbox\"\n\t\t\tdata-wp-style--right=\"state.imageButtonRight\"\n\t\t\tdata-wp-style--top=\"state.imageButtonTop\"\n\t\t>\n\t\t\t<svg xmlns=\"http:\/\/www.w3.org\/2000\/svg\" width=\"12\" height=\"12\" fill=\"none\" viewBox=\"0 0 12 12\">\n\t\t\t\t<path fill=\"#fff\" d=\"M2 0a2 2 0 0 0-2 2v2h1.5V2a.5.5 0 0 1 .5-.5h2V0H2Zm2 10.5H2a.5.5 0 0 1-.5-.5V8H0v2a2 2 0 0 0 2 2h2v-1.5ZM8 12v-1.5h2a.5.5 0 0 0 .5-.5V8H12v2a2 2 0 0 1-2 2H8Zm2-12a2 2 0 0 1 2 2v2h-1.5V2a.5.5 0 0 0-.5-.5H8V0h2Z\" \/>\n\t\t\t<\/svg>\n\t\t<\/button><\/figure>\n\n\n\n<figure data-wp-context=\"{&quot;imageId&quot;:&quot;69d3d5b4c6472&quot;}\" data-wp-interactive=\"core\/image\" data-wp-key=\"69d3d5b4c6472\" class=\"wp-block-image size-full hvr-grow-shadow wp-lightbox-container\"><img loading=\"lazy\" decoding=\"async\" width=\"640\" height=\"853\" data-wp-class--hide=\"state.isContentHidden\" data-wp-class--show=\"state.isContentVisible\" data-wp-init=\"callbacks.setButtonStyles\" data-wp-on--click=\"actions.showLightbox\" data-wp-on--load=\"callbacks.setButtonStyles\" data-wp-on-window--resize=\"callbacks.setButtonStyles\" data-id=\"2699\" src=\"https:\/\/adopteuncrane.fr\/wp-content\/uploads\/2025\/11\/maleficar6.jpeg\" alt=\"\" class=\"wp-image-2699\" srcset=\"https:\/\/adopteuncrane.fr\/wp-content\/uploads\/2025\/11\/maleficar6.jpeg 640w, https:\/\/adopteuncrane.fr\/wp-content\/uploads\/2025\/11\/maleficar6-225x300.jpeg 225w\" sizes=\"auto, (max-width: 640px) 100vw, 640px\" \/><button\n\t\t\tclass=\"lightbox-trigger\"\n\t\t\ttype=\"button\"\n\t\t\taria-haspopup=\"dialog\"\n\t\t\taria-label=\"Agrandir\"\n\t\t\tdata-wp-init=\"callbacks.initTriggerButton\"\n\t\t\tdata-wp-on--click=\"actions.showLightbox\"\n\t\t\tdata-wp-style--right=\"state.imageButtonRight\"\n\t\t\tdata-wp-style--top=\"state.imageButtonTop\"\n\t\t>\n\t\t\t<svg xmlns=\"http:\/\/www.w3.org\/2000\/svg\" width=\"12\" height=\"12\" fill=\"none\" viewBox=\"0 0 12 12\">\n\t\t\t\t<path fill=\"#fff\" d=\"M2 0a2 2 0 0 0-2 2v2h1.5V2a.5.5 0 0 1 .5-.5h2V0H2Zm2 10.5H2a.5.5 0 0 1-.5-.5V8H0v2a2 2 0 0 0 2 2h2v-1.5ZM8 12v-1.5h2a.5.5 0 0 0 .5-.5V8H12v2a2 2 0 0 1-2 2H8Zm2-12a2 2 0 0 1 2 2v2h-1.5V2a.5.5 0 0 0-.5-.5H8V0h2Z\" \/>\n\t\t\t<\/svg>\n\t\t<\/button><\/figure>\n<\/figure>\n<\/div>\n<\/div>\n\n\n\n<p class=\"has-text-align-right has-contrast-color has-text-color has-link-color has-small-font-size wp-elements-c59b612277ef394e245bbc3f69c7296b\"><a href=\"https:\/\/adopteuncrane.fr\/?page_id=123\" data-type=\"link\" data-id=\"https:\/\/adopteuncrane.fr\/?page_id=123\">&lt;&lt;bestiaire&lt;occulte noir<\/a><\/p>\n\n\n\n<figure class=\"wp-block-image aligncenter size-large wp-duotone-rgb000-rgb25500-2\"><img decoding=\"async\" src=\"http:\/\/adopteuncrane.fr\/wp-content\/uploads\/2025\/10\/ligne.png\" alt=\"\"\/><\/figure>\n","protected":false},"excerpt":{"rendered":"<p>&lt;&lt;bestiaire&lt;occulte noir \ud835\udd10\ud835\udd1e\ud835\udd29\ud835\udd22\ud835\udd23\ud835\udd26\ud835\udd20\ud835\udd1e\ud835\udd2f \ud835\udd29\ud835\udd29 N\u00e9 de l\u2019ombre et du m\u00e9tal, Maleficar se dresse comme un vestige d\u2019un rituel oubli\u00e9.Le cr\u00e2ne de springbok, peint d\u2019un noir profond, semble avoir absorb\u00e9 les murmures du temps. Ses cornes, point\u00e9es vers le ciel, tracent une ascension silencieuse, comme une pri\u00e8re invers\u00e9e ou un d\u00e9fi lanc\u00e9 aux puissances invisibles. Autour [&hellip;]<\/p>\n","protected":false},"author":1,"featured_media":0,"parent":123,"menu_order":0,"comment_status":"closed","ping_status":"closed","template":"","meta":{"footnotes":""},"class_list":["post-2693","page","type-page","status-publish","hentry"],"_links":{"self":[{"href":"https:\/\/adopteuncrane.fr\/index.php?rest_route=\/wp\/v2\/pages\/2693","targetHints":{"allow":["GET"]}}],"collection":[{"href":"https:\/\/adopteuncrane.fr\/index.php?rest_route=\/wp\/v2\/pages"}],"about":[{"href":"https:\/\/adopteuncrane.fr\/index.php?rest_route=\/wp\/v2\/types\/page"}],"author":[{"embeddable":true,"href":"https:\/\/adopteuncrane.fr\/index.php?rest_route=\/wp\/v2\/users\/1"}],"replies":[{"embeddable":true,"href":"https:\/\/adopteuncrane.fr\/index.php?rest_route=%2Fwp%2Fv2%2Fcomments&post=2693"}],"version-history":[{"count":3,"href":"https:\/\/adopteuncrane.fr\/index.php?rest_route=\/wp\/v2\/pages\/2693\/revisions"}],"predecessor-version":[{"id":2704,"href":"https:\/\/adopteuncrane.fr\/index.php?rest_route=\/wp\/v2\/pages\/2693\/revisions\/2704"}],"up":[{"embeddable":true,"href":"https:\/\/adopteuncrane.fr\/index.php?rest_route=\/wp\/v2\/pages\/123"}],"wp:attachment":[{"href":"https:\/\/adopteuncrane.fr\/index.php?rest_route=%2Fwp%2Fv2%2Fmedia&parent=2693"}],"curies":[{"name":"wp","href":"https:\/\/api.w.org\/{rel}","templated":true}]}}