{"id":2647,"date":"2025-11-25T15:52:40","date_gmt":"2025-11-25T15:52:40","guid":{"rendered":"https:\/\/adopteuncrane.fr\/?page_id=2647"},"modified":"2026-03-14T10:23:39","modified_gmt":"2026-03-14T10:23:39","slug":"2647-2","status":"publish","type":"page","link":"https:\/\/adopteuncrane.fr\/?page_id=2647","title":{"rendered":"Hannibal"},"content":{"rendered":"\n<p class=\"has-text-align-right has-small-font-size\"><a href=\"http:\/\/adopteuncrane.fr\/?page_id=384\" data-type=\"page\" data-id=\"384\">&lt;&lt;bestiaire&lt;Rituel<\/a><\/p>\n\n\n\n<div class=\"wp-block-columns has-small-font-size is-layout-flex wp-container-core-columns-is-layout-28f84493 wp-block-columns-is-layout-flex\">\n<div class=\"wp-block-column is-vertically-aligned-top is-layout-flow wp-block-column-is-layout-flow\" style=\"flex-basis:50%\">\n<p class=\"has-text-align-center has-large-font-size\">\u0126\u023ann\u0268\u0180\u023a\u0142<\/p>\n\n\n\n<p class=\"has-text-align-left has-small-font-size\">N\u00e9 du silence, <em><strong>Hannibal<\/strong><\/em> se tient \u00e0 la fronti\u00e8re du vivant et du souvenir.<br>Son cr\u00e2ne, offert au temps, porte la patine merisier comme une braise r\u00e9siduelle \u2014 une chaleur ancienne tapie sous l\u2019\u00e9corce des saisons.<\/p>\n\n\n\n<p class=\"has-text-align-left\">Son nom, <strong><em>Hannibal<\/em><\/strong>, signifie <em>\u00ab gr\u00e2ce de Baal \u00bb<\/em>, \u00e9voquant l\u2019ombre d\u2019un dieu ancien de la mythologie canaanite, gardien des cycles du monde.<br>Car les divinit\u00e9s canan\u00e9ennes incarnaient les forces naturelles, les renaissances et les disparitions, tissant un lien invisible entre la vie, la mort et ce qui persiste apr\u00e8s elles.<\/p>\n\n\n\n<p class=\"has-text-align-left has-small-font-size\">Ainsi, <em><strong>Hannibal<\/strong><\/em> devient plus qu\u2019un vestige :<br>il est un passage,<br>un murmure des temps premiers,<br>un fragment du sacr\u00e9 pris dans la mati\u00e8re..<\/p>\n\n\n\n<p class=\"has-text-align-center has-large-font-size\">\/\/<\/p>\n\n\n\n<p class=\"has-text-align-right has-text-color has-link-color has-small-font-size wp-elements-5b913ce792aefd9c171dfd9972bb3940\" style=\"color:#cccccc\">Born from silence, <strong><em>Hannibal <\/em><\/strong>stands at the border of the living and of memory.<br>His skull, offered to time, bears a cherrywood patina like a lingering ember \u2014 an ancient warmth lying beneath the bark of the seasons.<\/p>\n\n\n\n<p class=\"has-text-align-right has-text-color has-link-color has-small-font-size wp-elements-0d67f83b3b62b905a095a6433cd551f1\" style=\"color:#cccccc\">His name, <strong><em>Hannibal<\/em><\/strong>, means &lsquo;grace of Baal,&rsquo; evoking the shadow of an ancient god from Canaanite mythology, guardian of the cycles of the world.<br>For the Canaanite deities embodied natural forces, rebirths, and disappearances, weaving an invisible link between life, death, and what persists beyond them.<\/p>\n\n\n\n<p class=\"has-text-align-right has-text-color has-link-color has-small-font-size wp-elements-33889a40fde6e0071824690f3d4f7c17\" style=\"color:#cccccc\">Thus, <em><strong>Hannibal<\/strong><\/em> becomes more than a relic:<br>he is a passage,<br>a whisper of primordial times,<br>a fragment of the sacred caught within matter..<\/p>\n\n\n\n<div style=\"height:10px\" aria-hidden=\"true\" class=\"wp-block-spacer\"><\/div>\n\n\n\n<p class=\"has-text-align-center has-medium-font-size\">EUR 70.00<\/p>\n<\/div>\n\n\n\n<div class=\"wp-block-column is-vertically-aligned-center has-small-font-size is-layout-flow wp-block-column-is-layout-flow\" style=\"padding-top:var(--wp--preset--spacing--20);padding-right:var(--wp--preset--spacing--20);padding-bottom:var(--wp--preset--spacing--20);padding-left:var(--wp--preset--spacing--20);flex-basis:60%\">\n<figure class=\"wp-block-gallery has-nested-images columns-default is-cropped wp-block-gallery-1 is-layout-flex wp-block-gallery-is-layout-flex\">\n<figure data-wp-context=\"{&quot;imageId&quot;:&quot;69d3d56d6f4c9&quot;}\" data-wp-interactive=\"core\/image\" data-wp-key=\"69d3d56d6f4c9\" class=\"wp-block-image size-full hvr-grow-shadow wp-lightbox-container\"><img loading=\"lazy\" decoding=\"async\" width=\"640\" height=\"853\" data-wp-class--hide=\"state.isContentHidden\" data-wp-class--show=\"state.isContentVisible\" data-wp-init=\"callbacks.setButtonStyles\" data-wp-on--click=\"actions.showLightbox\" data-wp-on--load=\"callbacks.setButtonStyles\" data-wp-on-window--resize=\"callbacks.setButtonStyles\" data-id=\"2649\" src=\"https:\/\/adopteuncrane.fr\/wp-content\/uploads\/2025\/11\/hannibal2.jpeg\" alt=\"\" class=\"wp-image-2649\" srcset=\"https:\/\/adopteuncrane.fr\/wp-content\/uploads\/2025\/11\/hannibal2.jpeg 640w, https:\/\/adopteuncrane.fr\/wp-content\/uploads\/2025\/11\/hannibal2-225x300.jpeg 225w\" sizes=\"auto, (max-width: 640px) 100vw, 640px\" \/><button\n\t\t\tclass=\"lightbox-trigger\"\n\t\t\ttype=\"button\"\n\t\t\taria-haspopup=\"dialog\"\n\t\t\taria-label=\"Agrandir\"\n\t\t\tdata-wp-init=\"callbacks.initTriggerButton\"\n\t\t\tdata-wp-on--click=\"actions.showLightbox\"\n\t\t\tdata-wp-style--right=\"state.imageButtonRight\"\n\t\t\tdata-wp-style--top=\"state.imageButtonTop\"\n\t\t>\n\t\t\t<svg xmlns=\"http:\/\/www.w3.org\/2000\/svg\" width=\"12\" height=\"12\" fill=\"none\" viewBox=\"0 0 12 12\">\n\t\t\t\t<path fill=\"#fff\" d=\"M2 0a2 2 0 0 0-2 2v2h1.5V2a.5.5 0 0 1 .5-.5h2V0H2Zm2 10.5H2a.5.5 0 0 1-.5-.5V8H0v2a2 2 0 0 0 2 2h2v-1.5ZM8 12v-1.5h2a.5.5 0 0 0 .5-.5V8H12v2a2 2 0 0 1-2 2H8Zm2-12a2 2 0 0 1 2 2v2h-1.5V2a.5.5 0 0 0-.5-.5H8V0h2Z\" \/>\n\t\t\t<\/svg>\n\t\t<\/button><\/figure>\n\n\n\n<figure data-wp-context=\"{&quot;imageId&quot;:&quot;69d3d56d6ebe6&quot;}\" data-wp-interactive=\"core\/image\" data-wp-key=\"69d3d56d6ebe6\" class=\"wp-block-image size-full hvr-grow-shadow wp-lightbox-container\"><img loading=\"lazy\" decoding=\"async\" width=\"640\" height=\"853\" data-wp-class--hide=\"state.isContentHidden\" data-wp-class--show=\"state.isContentVisible\" data-wp-init=\"callbacks.setButtonStyles\" data-wp-on--click=\"actions.showLightbox\" data-wp-on--load=\"callbacks.setButtonStyles\" data-wp-on-window--resize=\"callbacks.setButtonStyles\" data-id=\"2648\" src=\"https:\/\/adopteuncrane.fr\/wp-content\/uploads\/2025\/11\/hannibal.jpeg\" alt=\"\" class=\"wp-image-2648\" srcset=\"https:\/\/adopteuncrane.fr\/wp-content\/uploads\/2025\/11\/hannibal.jpeg 640w, https:\/\/adopteuncrane.fr\/wp-content\/uploads\/2025\/11\/hannibal-225x300.jpeg 225w\" sizes=\"auto, (max-width: 640px) 100vw, 640px\" \/><button\n\t\t\tclass=\"lightbox-trigger\"\n\t\t\ttype=\"button\"\n\t\t\taria-haspopup=\"dialog\"\n\t\t\taria-label=\"Agrandir\"\n\t\t\tdata-wp-init=\"callbacks.initTriggerButton\"\n\t\t\tdata-wp-on--click=\"actions.showLightbox\"\n\t\t\tdata-wp-style--right=\"state.imageButtonRight\"\n\t\t\tdata-wp-style--top=\"state.imageButtonTop\"\n\t\t>\n\t\t\t<svg xmlns=\"http:\/\/www.w3.org\/2000\/svg\" width=\"12\" height=\"12\" fill=\"none\" viewBox=\"0 0 12 12\">\n\t\t\t\t<path fill=\"#fff\" d=\"M2 0a2 2 0 0 0-2 2v2h1.5V2a.5.5 0 0 1 .5-.5h2V0H2Zm2 10.5H2a.5.5 0 0 1-.5-.5V8H0v2a2 2 0 0 0 2 2h2v-1.5ZM8 12v-1.5h2a.5.5 0 0 0 .5-.5V8H12v2a2 2 0 0 1-2 2H8Zm2-12a2 2 0 0 1 2 2v2h-1.5V2a.5.5 0 0 0-.5-.5H8V0h2Z\" \/>\n\t\t\t<\/svg>\n\t\t<\/button><\/figure>\n\n\n\n<figure data-wp-context=\"{&quot;imageId&quot;:&quot;69d3d56d6e789&quot;}\" data-wp-interactive=\"core\/image\" data-wp-key=\"69d3d56d6e789\" class=\"wp-block-image size-full hvr-grow-shadow wp-lightbox-container\"><img loading=\"lazy\" decoding=\"async\" width=\"640\" height=\"853\" data-wp-class--hide=\"state.isContentHidden\" data-wp-class--show=\"state.isContentVisible\" data-wp-init=\"callbacks.setButtonStyles\" data-wp-on--click=\"actions.showLightbox\" data-wp-on--load=\"callbacks.setButtonStyles\" data-wp-on-window--resize=\"callbacks.setButtonStyles\" data-id=\"2650\" src=\"https:\/\/adopteuncrane.fr\/wp-content\/uploads\/2025\/11\/hannibal3.jpeg\" alt=\"\" class=\"wp-image-2650\" srcset=\"https:\/\/adopteuncrane.fr\/wp-content\/uploads\/2025\/11\/hannibal3.jpeg 640w, https:\/\/adopteuncrane.fr\/wp-content\/uploads\/2025\/11\/hannibal3-225x300.jpeg 225w\" sizes=\"auto, (max-width: 640px) 100vw, 640px\" \/><button\n\t\t\tclass=\"lightbox-trigger\"\n\t\t\ttype=\"button\"\n\t\t\taria-haspopup=\"dialog\"\n\t\t\taria-label=\"Agrandir\"\n\t\t\tdata-wp-init=\"callbacks.initTriggerButton\"\n\t\t\tdata-wp-on--click=\"actions.showLightbox\"\n\t\t\tdata-wp-style--right=\"state.imageButtonRight\"\n\t\t\tdata-wp-style--top=\"state.imageButtonTop\"\n\t\t>\n\t\t\t<svg xmlns=\"http:\/\/www.w3.org\/2000\/svg\" width=\"12\" height=\"12\" fill=\"none\" viewBox=\"0 0 12 12\">\n\t\t\t\t<path fill=\"#fff\" d=\"M2 0a2 2 0 0 0-2 2v2h1.5V2a.5.5 0 0 1 .5-.5h2V0H2Zm2 10.5H2a.5.5 0 0 1-.5-.5V8H0v2a2 2 0 0 0 2 2h2v-1.5ZM8 12v-1.5h2a.5.5 0 0 0 .5-.5V8H12v2a2 2 0 0 1-2 2H8Zm2-12a2 2 0 0 1 2 2v2h-1.5V2a.5.5 0 0 0-.5-.5H8V0h2Z\" \/>\n\t\t\t<\/svg>\n\t\t<\/button><\/figure>\n\n\n\n<figure data-wp-context=\"{&quot;imageId&quot;:&quot;69d3d56d6f0f2&quot;}\" data-wp-interactive=\"core\/image\" data-wp-key=\"69d3d56d6f0f2\" class=\"wp-block-image size-large hvr-grow-shadow wp-lightbox-container\"><img loading=\"lazy\" decoding=\"async\" width=\"640\" height=\"853\" data-wp-class--hide=\"state.isContentHidden\" data-wp-class--show=\"state.isContentVisible\" data-wp-init=\"callbacks.setButtonStyles\" data-wp-on--click=\"actions.showLightbox\" data-wp-on--load=\"callbacks.setButtonStyles\" data-wp-on-window--resize=\"callbacks.setButtonStyles\" data-id=\"2652\" src=\"https:\/\/adopteuncrane.fr\/wp-content\/uploads\/2025\/11\/hannibal5.jpeg\" alt=\"\" class=\"wp-image-2652\" srcset=\"https:\/\/adopteuncrane.fr\/wp-content\/uploads\/2025\/11\/hannibal5.jpeg 640w, https:\/\/adopteuncrane.fr\/wp-content\/uploads\/2025\/11\/hannibal5-225x300.jpeg 225w\" sizes=\"auto, (max-width: 640px) 100vw, 640px\" \/><button\n\t\t\tclass=\"lightbox-trigger\"\n\t\t\ttype=\"button\"\n\t\t\taria-haspopup=\"dialog\"\n\t\t\taria-label=\"Agrandir\"\n\t\t\tdata-wp-init=\"callbacks.initTriggerButton\"\n\t\t\tdata-wp-on--click=\"actions.showLightbox\"\n\t\t\tdata-wp-style--right=\"state.imageButtonRight\"\n\t\t\tdata-wp-style--top=\"state.imageButtonTop\"\n\t\t>\n\t\t\t<svg xmlns=\"http:\/\/www.w3.org\/2000\/svg\" width=\"12\" height=\"12\" fill=\"none\" viewBox=\"0 0 12 12\">\n\t\t\t\t<path fill=\"#fff\" d=\"M2 0a2 2 0 0 0-2 2v2h1.5V2a.5.5 0 0 1 .5-.5h2V0H2Zm2 10.5H2a.5.5 0 0 1-.5-.5V8H0v2a2 2 0 0 0 2 2h2v-1.5ZM8 12v-1.5h2a.5.5 0 0 0 .5-.5V8H12v2a2 2 0 0 1-2 2H8Zm2-12a2 2 0 0 1 2 2v2h-1.5V2a.5.5 0 0 0-.5-.5H8V0h2Z\" \/>\n\t\t\t<\/svg>\n\t\t<\/button><\/figure>\n\n\n\n<figure data-wp-context=\"{&quot;imageId&quot;:&quot;69d3d56d6f95c&quot;}\" data-wp-interactive=\"core\/image\" data-wp-key=\"69d3d56d6f95c\" class=\"wp-block-image size-full hvr-grow-shadow wp-lightbox-container\"><img loading=\"lazy\" decoding=\"async\" width=\"640\" height=\"853\" data-wp-class--hide=\"state.isContentHidden\" data-wp-class--show=\"state.isContentVisible\" data-wp-init=\"callbacks.setButtonStyles\" data-wp-on--click=\"actions.showLightbox\" data-wp-on--load=\"callbacks.setButtonStyles\" data-wp-on-window--resize=\"callbacks.setButtonStyles\" data-id=\"2651\" src=\"https:\/\/adopteuncrane.fr\/wp-content\/uploads\/2025\/11\/hannibal4.jpeg\" alt=\"\" class=\"wp-image-2651\" srcset=\"https:\/\/adopteuncrane.fr\/wp-content\/uploads\/2025\/11\/hannibal4.jpeg 640w, https:\/\/adopteuncrane.fr\/wp-content\/uploads\/2025\/11\/hannibal4-225x300.jpeg 225w\" sizes=\"auto, (max-width: 640px) 100vw, 640px\" \/><button\n\t\t\tclass=\"lightbox-trigger\"\n\t\t\ttype=\"button\"\n\t\t\taria-haspopup=\"dialog\"\n\t\t\taria-label=\"Agrandir\"\n\t\t\tdata-wp-init=\"callbacks.initTriggerButton\"\n\t\t\tdata-wp-on--click=\"actions.showLightbox\"\n\t\t\tdata-wp-style--right=\"state.imageButtonRight\"\n\t\t\tdata-wp-style--top=\"state.imageButtonTop\"\n\t\t>\n\t\t\t<svg xmlns=\"http:\/\/www.w3.org\/2000\/svg\" width=\"12\" height=\"12\" fill=\"none\" viewBox=\"0 0 12 12\">\n\t\t\t\t<path fill=\"#fff\" d=\"M2 0a2 2 0 0 0-2 2v2h1.5V2a.5.5 0 0 1 .5-.5h2V0H2Zm2 10.5H2a.5.5 0 0 1-.5-.5V8H0v2a2 2 0 0 0 2 2h2v-1.5ZM8 12v-1.5h2a.5.5 0 0 0 .5-.5V8H12v2a2 2 0 0 1-2 2H8Zm2-12a2 2 0 0 1 2 2v2h-1.5V2a.5.5 0 0 0-.5-.5H8V0h2Z\" \/>\n\t\t\t<\/svg>\n\t\t<\/button><\/figure>\n<\/figure>\n<\/div>\n<\/div>\n\n\n\n<p class=\"has-text-align-right has-small-font-size\"><a href=\"http:\/\/adopteuncrane.fr\/?page_id=384\" data-type=\"page\" data-id=\"384\"><\/a><a href=\"http:\/\/adopteuncrane.fr\/?page_id=384\" data-type=\"page\" data-id=\"384\">&lt;&lt;bestiaire&lt;Rituel<\/a><\/p>\n\n\n\n<figure class=\"wp-block-image aligncenter size-large wp-duotone-rgb255255255-rgb000-2\"><img loading=\"lazy\" decoding=\"async\" width=\"1024\" height=\"1\" src=\"http:\/\/adopteuncrane.fr\/wp-content\/uploads\/2025\/10\/ligne-1024x1.png\" alt=\"\" class=\"wp-image-1444\" srcset=\"https:\/\/adopteuncrane.fr\/wp-content\/uploads\/2025\/10\/ligne-1024x1.png 1024w, https:\/\/adopteuncrane.fr\/wp-content\/uploads\/2025\/10\/ligne-300x1.png 300w, https:\/\/adopteuncrane.fr\/wp-content\/uploads\/2025\/10\/ligne-150x2.png 150w, https:\/\/adopteuncrane.fr\/wp-content\/uploads\/2025\/10\/ligne-768x1.png 768w, https:\/\/adopteuncrane.fr\/wp-content\/uploads\/2025\/10\/ligne-600x2.png 600w, https:\/\/adopteuncrane.fr\/wp-content\/uploads\/2025\/10\/ligne-100x1.png 100w, https:\/\/adopteuncrane.fr\/wp-content\/uploads\/2025\/10\/ligne-1536x2.png 1536w, https:\/\/adopteuncrane.fr\/wp-content\/uploads\/2025\/10\/ligne.png 1920w\" sizes=\"auto, (max-width: 1024px) 100vw, 1024px\" \/><\/figure>\n","protected":false},"excerpt":{"rendered":"<p>&lt;&lt;bestiaire&lt;Rituel \u0126\u023ann\u0268\u0180\u023a\u0142 N\u00e9 du silence, Hannibal se tient \u00e0 la fronti\u00e8re du vivant et du souvenir.Son cr\u00e2ne, offert au temps, porte la patine merisier comme une braise r\u00e9siduelle \u2014 une chaleur ancienne tapie sous l\u2019\u00e9corce des saisons. Son nom, Hannibal, signifie \u00ab gr\u00e2ce de Baal \u00bb, \u00e9voquant l\u2019ombre d\u2019un dieu ancien de la mythologie canaanite, [&hellip;]<\/p>\n","protected":false},"author":1,"featured_media":2794,"parent":384,"menu_order":0,"comment_status":"closed","ping_status":"closed","template":"","meta":{"footnotes":""},"class_list":["post-2647","page","type-page","status-publish","has-post-thumbnail","hentry"],"_links":{"self":[{"href":"https:\/\/adopteuncrane.fr\/index.php?rest_route=\/wp\/v2\/pages\/2647","targetHints":{"allow":["GET"]}}],"collection":[{"href":"https:\/\/adopteuncrane.fr\/index.php?rest_route=\/wp\/v2\/pages"}],"about":[{"href":"https:\/\/adopteuncrane.fr\/index.php?rest_route=\/wp\/v2\/types\/page"}],"author":[{"embeddable":true,"href":"https:\/\/adopteuncrane.fr\/index.php?rest_route=\/wp\/v2\/users\/1"}],"replies":[{"embeddable":true,"href":"https:\/\/adopteuncrane.fr\/index.php?rest_route=%2Fwp%2Fv2%2Fcomments&post=2647"}],"version-history":[{"count":9,"href":"https:\/\/adopteuncrane.fr\/index.php?rest_route=\/wp\/v2\/pages\/2647\/revisions"}],"predecessor-version":[{"id":2828,"href":"https:\/\/adopteuncrane.fr\/index.php?rest_route=\/wp\/v2\/pages\/2647\/revisions\/2828"}],"up":[{"embeddable":true,"href":"https:\/\/adopteuncrane.fr\/index.php?rest_route=\/wp\/v2\/pages\/384"}],"wp:featuredmedia":[{"embeddable":true,"href":"https:\/\/adopteuncrane.fr\/index.php?rest_route=\/wp\/v2\/media\/2794"}],"wp:attachment":[{"href":"https:\/\/adopteuncrane.fr\/index.php?rest_route=%2Fwp%2Fv2%2Fmedia&parent=2647"}],"curies":[{"name":"wp","href":"https:\/\/api.w.org\/{rel}","templated":true}]}}