{"id":2564,"date":"2025-11-18T11:08:08","date_gmt":"2025-11-18T11:08:08","guid":{"rendered":"https:\/\/adopteuncrane.fr\/?page_id=2564"},"modified":"2025-11-25T17:20:54","modified_gmt":"2025-11-25T17:20:54","slug":"2564-2","status":"publish","type":"page","link":"https:\/\/adopteuncrane.fr\/?page_id=2564","title":{"rendered":"Troopers 1_2"},"content":{"rendered":"\n<p class=\"has-text-align-right has-contrast-color has-text-color has-link-color has-small-font-size wp-elements-c59b612277ef394e245bbc3f69c7296b\"><a href=\"https:\/\/adopteuncrane.fr\/?page_id=123\" data-type=\"link\" data-id=\"https:\/\/adopteuncrane.fr\/?page_id=123\">&lt;&lt;bestiaire&lt;occulte noir<\/a><\/p>\n\n\n\n<div class=\"wp-block-columns is-layout-flex wp-container-core-columns-is-layout-28f84493 wp-block-columns-is-layout-flex\">\n<div class=\"wp-block-column is-layout-flow wp-block-column-is-layout-flow\">\n<p class=\"has-text-align-center has-large-font-size\">\ud835\udd17\ud835\udd2f\ud835\udd2c\ud835\udd2c\ud835\udd2d\ud835\udd30 \ud835\udd2c\ud835\udd33 \ud835\udd07\ud835\udd2c\ud835\udd2c\ud835\udd2a : \ud835\udd31\ud835\udd2f\ud835\udd2c\ud835\udd2c\ud835\udd2d\ud835\udd22\ud835\udd2f\ud835\udd30 <strong>1&amp;2<\/strong><\/p>\n\n\n\n<p class=\"has-text-align-right has-small-font-size\"><strong><em>Troops ov Doom<\/em> <\/strong>rassemble des cr\u00e2nes de chevreuil peints en noir, ou bien d&rsquo;autres couleurs sombres, marqu\u00e9s de textures qui rappellent la corrosion et les rites de l\u2019ombre. Leur esth\u00e9tique sombre et occulte transforme chaque pi\u00e8ce en talisman, \u00e9voquant une pr\u00e9sence myst\u00e9rieuse et silencieuse.<br><br>Align\u00e9s comme une arm\u00e9e spectrale, ces cr\u00e2nes deviennent des symboles de puissance et de d\u00e9votion obscure, entre nature sauvage et imaginaire rituel.<\/p>\n\n\n\n<p class=\"has-text-align-center has-large-font-size\">\/\/<\/p>\n\n\n\n<p class=\"has-text-align-right has-custom-color-3-color has-text-color has-link-color has-small-font-size wp-elements-882c0192e3b09c9eda8f296595fcee06\"><em><strong>Troops ov Doom<\/strong><\/em> gathers deer skulls painted black, or in other dark colors, marked with textures reminiscent of corrosion, and rituals of shadows. Their dark and occult aesthetic transforms each piece into a talisman, evoking a mysterious and silent presence.<\/p>\n\n\n\n<p class=\"has-text-align-right has-custom-color-3-color has-text-color has-link-color has-small-font-size wp-elements-584689d47f67701f58d66295bcafcf7d\">Aligned like a spectral army, these skulls become symbols of power and obscure devotion, between wild nature and ritual imagination<\/p>\n\n\n\n<p class=\"has-text-align-center has-medium-font-size\">EUR 66,60 (l&rsquo;unit\u00e9)<\/p>\n<\/div>\n\n\n\n<div class=\"wp-block-column is-layout-flow wp-block-column-is-layout-flow\">\n<figure class=\"wp-block-gallery has-nested-images columns-4 is-cropped wp-block-gallery-1 is-layout-flex wp-block-gallery-is-layout-flex\">\n<figure data-wp-context=\"{&quot;imageId&quot;:&quot;69d3ea35a056d&quot;}\" data-wp-interactive=\"core\/image\" data-wp-key=\"69d3ea35a056d\" class=\"wp-block-image size-full hvr-grow-shadow wp-lightbox-container\"><img loading=\"lazy\" decoding=\"async\" width=\"650\" height=\"867\" data-wp-class--hide=\"state.isContentHidden\" data-wp-class--show=\"state.isContentVisible\" data-wp-init=\"callbacks.setButtonStyles\" data-wp-on--click=\"actions.showLightbox\" data-wp-on--load=\"callbacks.setButtonStyles\" data-wp-on-window--resize=\"callbacks.setButtonStyles\" data-id=\"2566\" src=\"https:\/\/adopteuncrane.fr\/wp-content\/uploads\/2025\/11\/troopers1_2_2.jpeg\" alt=\"\" class=\"wp-image-2566\" srcset=\"https:\/\/adopteuncrane.fr\/wp-content\/uploads\/2025\/11\/troopers1_2_2.jpeg 650w, https:\/\/adopteuncrane.fr\/wp-content\/uploads\/2025\/11\/troopers1_2_2-225x300.jpeg 225w\" sizes=\"auto, (max-width: 650px) 100vw, 650px\" \/><button\n\t\t\tclass=\"lightbox-trigger\"\n\t\t\ttype=\"button\"\n\t\t\taria-haspopup=\"dialog\"\n\t\t\taria-label=\"Agrandir\"\n\t\t\tdata-wp-init=\"callbacks.initTriggerButton\"\n\t\t\tdata-wp-on--click=\"actions.showLightbox\"\n\t\t\tdata-wp-style--right=\"state.imageButtonRight\"\n\t\t\tdata-wp-style--top=\"state.imageButtonTop\"\n\t\t>\n\t\t\t<svg xmlns=\"http:\/\/www.w3.org\/2000\/svg\" width=\"12\" height=\"12\" fill=\"none\" viewBox=\"0 0 12 12\">\n\t\t\t\t<path fill=\"#fff\" d=\"M2 0a2 2 0 0 0-2 2v2h1.5V2a.5.5 0 0 1 .5-.5h2V0H2Zm2 10.5H2a.5.5 0 0 1-.5-.5V8H0v2a2 2 0 0 0 2 2h2v-1.5ZM8 12v-1.5h2a.5.5 0 0 0 .5-.5V8H12v2a2 2 0 0 1-2 2H8Zm2-12a2 2 0 0 1 2 2v2h-1.5V2a.5.5 0 0 0-.5-.5H8V0h2Z\" \/>\n\t\t\t<\/svg>\n\t\t<\/button><\/figure>\n\n\n\n<figure data-wp-context=\"{&quot;imageId&quot;:&quot;69d3ea35a0af2&quot;}\" data-wp-interactive=\"core\/image\" data-wp-key=\"69d3ea35a0af2\" class=\"wp-block-image size-full hvr-grow-shadow wp-lightbox-container\"><img loading=\"lazy\" decoding=\"async\" width=\"650\" height=\"867\" data-wp-class--hide=\"state.isContentHidden\" data-wp-class--show=\"state.isContentVisible\" data-wp-init=\"callbacks.setButtonStyles\" data-wp-on--click=\"actions.showLightbox\" data-wp-on--load=\"callbacks.setButtonStyles\" data-wp-on-window--resize=\"callbacks.setButtonStyles\" data-id=\"2567\" src=\"https:\/\/adopteuncrane.fr\/wp-content\/uploads\/2025\/11\/troopers1_2_3.jpeg\" alt=\"\" class=\"wp-image-2567\" srcset=\"https:\/\/adopteuncrane.fr\/wp-content\/uploads\/2025\/11\/troopers1_2_3.jpeg 650w, https:\/\/adopteuncrane.fr\/wp-content\/uploads\/2025\/11\/troopers1_2_3-225x300.jpeg 225w\" sizes=\"auto, (max-width: 650px) 100vw, 650px\" \/><button\n\t\t\tclass=\"lightbox-trigger\"\n\t\t\ttype=\"button\"\n\t\t\taria-haspopup=\"dialog\"\n\t\t\taria-label=\"Agrandir\"\n\t\t\tdata-wp-init=\"callbacks.initTriggerButton\"\n\t\t\tdata-wp-on--click=\"actions.showLightbox\"\n\t\t\tdata-wp-style--right=\"state.imageButtonRight\"\n\t\t\tdata-wp-style--top=\"state.imageButtonTop\"\n\t\t>\n\t\t\t<svg xmlns=\"http:\/\/www.w3.org\/2000\/svg\" width=\"12\" height=\"12\" fill=\"none\" viewBox=\"0 0 12 12\">\n\t\t\t\t<path fill=\"#fff\" d=\"M2 0a2 2 0 0 0-2 2v2h1.5V2a.5.5 0 0 1 .5-.5h2V0H2Zm2 10.5H2a.5.5 0 0 1-.5-.5V8H0v2a2 2 0 0 0 2 2h2v-1.5ZM8 12v-1.5h2a.5.5 0 0 0 .5-.5V8H12v2a2 2 0 0 1-2 2H8Zm2-12a2 2 0 0 1 2 2v2h-1.5V2a.5.5 0 0 0-.5-.5H8V0h2Z\" \/>\n\t\t\t<\/svg>\n\t\t<\/button><\/figure>\n\n\n\n<figure data-wp-context=\"{&quot;imageId&quot;:&quot;69d3ea35a0fbd&quot;}\" data-wp-interactive=\"core\/image\" data-wp-key=\"69d3ea35a0fbd\" class=\"wp-block-image size-full hvr-grow-shadow wp-lightbox-container\"><img loading=\"lazy\" decoding=\"async\" width=\"650\" height=\"867\" data-wp-class--hide=\"state.isContentHidden\" data-wp-class--show=\"state.isContentVisible\" data-wp-init=\"callbacks.setButtonStyles\" data-wp-on--click=\"actions.showLightbox\" data-wp-on--load=\"callbacks.setButtonStyles\" data-wp-on-window--resize=\"callbacks.setButtonStyles\" data-id=\"2568\" src=\"https:\/\/adopteuncrane.fr\/wp-content\/uploads\/2025\/11\/troopers1_2_4.jpeg\" alt=\"\" class=\"wp-image-2568\" srcset=\"https:\/\/adopteuncrane.fr\/wp-content\/uploads\/2025\/11\/troopers1_2_4.jpeg 650w, https:\/\/adopteuncrane.fr\/wp-content\/uploads\/2025\/11\/troopers1_2_4-225x300.jpeg 225w\" sizes=\"auto, (max-width: 650px) 100vw, 650px\" \/><button\n\t\t\tclass=\"lightbox-trigger\"\n\t\t\ttype=\"button\"\n\t\t\taria-haspopup=\"dialog\"\n\t\t\taria-label=\"Agrandir\"\n\t\t\tdata-wp-init=\"callbacks.initTriggerButton\"\n\t\t\tdata-wp-on--click=\"actions.showLightbox\"\n\t\t\tdata-wp-style--right=\"state.imageButtonRight\"\n\t\t\tdata-wp-style--top=\"state.imageButtonTop\"\n\t\t>\n\t\t\t<svg xmlns=\"http:\/\/www.w3.org\/2000\/svg\" width=\"12\" height=\"12\" fill=\"none\" viewBox=\"0 0 12 12\">\n\t\t\t\t<path fill=\"#fff\" d=\"M2 0a2 2 0 0 0-2 2v2h1.5V2a.5.5 0 0 1 .5-.5h2V0H2Zm2 10.5H2a.5.5 0 0 1-.5-.5V8H0v2a2 2 0 0 0 2 2h2v-1.5ZM8 12v-1.5h2a.5.5 0 0 0 .5-.5V8H12v2a2 2 0 0 1-2 2H8Zm2-12a2 2 0 0 1 2 2v2h-1.5V2a.5.5 0 0 0-.5-.5H8V0h2Z\" \/>\n\t\t\t<\/svg>\n\t\t<\/button><\/figure>\n\n\n\n<figure data-wp-context=\"{&quot;imageId&quot;:&quot;69d3ea35a164e&quot;}\" data-wp-interactive=\"core\/image\" data-wp-key=\"69d3ea35a164e\" class=\"wp-block-image size-full hvr-grow-shadow wp-lightbox-container\"><img loading=\"lazy\" decoding=\"async\" width=\"650\" height=\"867\" data-wp-class--hide=\"state.isContentHidden\" data-wp-class--show=\"state.isContentVisible\" data-wp-init=\"callbacks.setButtonStyles\" data-wp-on--click=\"actions.showLightbox\" data-wp-on--load=\"callbacks.setButtonStyles\" data-wp-on-window--resize=\"callbacks.setButtonStyles\" data-id=\"2569\" src=\"https:\/\/adopteuncrane.fr\/wp-content\/uploads\/2025\/11\/troopers1_2_5.jpeg\" alt=\"\" class=\"wp-image-2569\" srcset=\"https:\/\/adopteuncrane.fr\/wp-content\/uploads\/2025\/11\/troopers1_2_5.jpeg 650w, https:\/\/adopteuncrane.fr\/wp-content\/uploads\/2025\/11\/troopers1_2_5-225x300.jpeg 225w\" sizes=\"auto, (max-width: 650px) 100vw, 650px\" \/><button\n\t\t\tclass=\"lightbox-trigger\"\n\t\t\ttype=\"button\"\n\t\t\taria-haspopup=\"dialog\"\n\t\t\taria-label=\"Agrandir\"\n\t\t\tdata-wp-init=\"callbacks.initTriggerButton\"\n\t\t\tdata-wp-on--click=\"actions.showLightbox\"\n\t\t\tdata-wp-style--right=\"state.imageButtonRight\"\n\t\t\tdata-wp-style--top=\"state.imageButtonTop\"\n\t\t>\n\t\t\t<svg xmlns=\"http:\/\/www.w3.org\/2000\/svg\" width=\"12\" height=\"12\" fill=\"none\" viewBox=\"0 0 12 12\">\n\t\t\t\t<path fill=\"#fff\" d=\"M2 0a2 2 0 0 0-2 2v2h1.5V2a.5.5 0 0 1 .5-.5h2V0H2Zm2 10.5H2a.5.5 0 0 1-.5-.5V8H0v2a2 2 0 0 0 2 2h2v-1.5ZM8 12v-1.5h2a.5.5 0 0 0 .5-.5V8H12v2a2 2 0 0 1-2 2H8Zm2-12a2 2 0 0 1 2 2v2h-1.5V2a.5.5 0 0 0-.5-.5H8V0h2Z\" \/>\n\t\t\t<\/svg>\n\t\t<\/button><\/figure>\n\n\n\n<figure data-wp-context=\"{&quot;imageId&quot;:&quot;69d3ea35a1ba3&quot;}\" data-wp-interactive=\"core\/image\" data-wp-key=\"69d3ea35a1ba3\" class=\"wp-block-image size-large hvr-grow-shadow wp-lightbox-container\"><img loading=\"lazy\" decoding=\"async\" width=\"650\" height=\"867\" data-wp-class--hide=\"state.isContentHidden\" data-wp-class--show=\"state.isContentVisible\" data-wp-init=\"callbacks.setButtonStyles\" data-wp-on--click=\"actions.showLightbox\" data-wp-on--load=\"callbacks.setButtonStyles\" data-wp-on-window--resize=\"callbacks.setButtonStyles\" data-id=\"2570\" src=\"https:\/\/adopteuncrane.fr\/wp-content\/uploads\/2025\/11\/troopers1_2_6.jpeg\" alt=\"\" class=\"wp-image-2570\" srcset=\"https:\/\/adopteuncrane.fr\/wp-content\/uploads\/2025\/11\/troopers1_2_6.jpeg 650w, https:\/\/adopteuncrane.fr\/wp-content\/uploads\/2025\/11\/troopers1_2_6-225x300.jpeg 225w\" sizes=\"auto, (max-width: 650px) 100vw, 650px\" \/><button\n\t\t\tclass=\"lightbox-trigger\"\n\t\t\ttype=\"button\"\n\t\t\taria-haspopup=\"dialog\"\n\t\t\taria-label=\"Agrandir\"\n\t\t\tdata-wp-init=\"callbacks.initTriggerButton\"\n\t\t\tdata-wp-on--click=\"actions.showLightbox\"\n\t\t\tdata-wp-style--right=\"state.imageButtonRight\"\n\t\t\tdata-wp-style--top=\"state.imageButtonTop\"\n\t\t>\n\t\t\t<svg xmlns=\"http:\/\/www.w3.org\/2000\/svg\" width=\"12\" height=\"12\" fill=\"none\" viewBox=\"0 0 12 12\">\n\t\t\t\t<path fill=\"#fff\" d=\"M2 0a2 2 0 0 0-2 2v2h1.5V2a.5.5 0 0 1 .5-.5h2V0H2Zm2 10.5H2a.5.5 0 0 1-.5-.5V8H0v2a2 2 0 0 0 2 2h2v-1.5ZM8 12v-1.5h2a.5.5 0 0 0 .5-.5V8H12v2a2 2 0 0 1-2 2H8Zm2-12a2 2 0 0 1 2 2v2h-1.5V2a.5.5 0 0 0-.5-.5H8V0h2Z\" \/>\n\t\t\t<\/svg>\n\t\t<\/button><\/figure>\n\n\n\n<figure data-wp-context=\"{&quot;imageId&quot;:&quot;69d3ea35a21c7&quot;}\" data-wp-interactive=\"core\/image\" data-wp-key=\"69d3ea35a21c7\" class=\"wp-block-image size-full hvr-grow-shadow wp-lightbox-container\"><img loading=\"lazy\" decoding=\"async\" width=\"650\" height=\"867\" data-wp-class--hide=\"state.isContentHidden\" data-wp-class--show=\"state.isContentVisible\" data-wp-init=\"callbacks.setButtonStyles\" data-wp-on--click=\"actions.showLightbox\" data-wp-on--load=\"callbacks.setButtonStyles\" data-wp-on-window--resize=\"callbacks.setButtonStyles\" data-id=\"2565\" src=\"https:\/\/adopteuncrane.fr\/wp-content\/uploads\/2025\/11\/troopers1_2_1.jpeg\" alt=\"\" class=\"wp-image-2565\" srcset=\"https:\/\/adopteuncrane.fr\/wp-content\/uploads\/2025\/11\/troopers1_2_1.jpeg 650w, https:\/\/adopteuncrane.fr\/wp-content\/uploads\/2025\/11\/troopers1_2_1-225x300.jpeg 225w\" sizes=\"auto, (max-width: 650px) 100vw, 650px\" \/><button\n\t\t\tclass=\"lightbox-trigger\"\n\t\t\ttype=\"button\"\n\t\t\taria-haspopup=\"dialog\"\n\t\t\taria-label=\"Agrandir\"\n\t\t\tdata-wp-init=\"callbacks.initTriggerButton\"\n\t\t\tdata-wp-on--click=\"actions.showLightbox\"\n\t\t\tdata-wp-style--right=\"state.imageButtonRight\"\n\t\t\tdata-wp-style--top=\"state.imageButtonTop\"\n\t\t>\n\t\t\t<svg xmlns=\"http:\/\/www.w3.org\/2000\/svg\" width=\"12\" height=\"12\" fill=\"none\" viewBox=\"0 0 12 12\">\n\t\t\t\t<path fill=\"#fff\" d=\"M2 0a2 2 0 0 0-2 2v2h1.5V2a.5.5 0 0 1 .5-.5h2V0H2Zm2 10.5H2a.5.5 0 0 1-.5-.5V8H0v2a2 2 0 0 0 2 2h2v-1.5ZM8 12v-1.5h2a.5.5 0 0 0 .5-.5V8H12v2a2 2 0 0 1-2 2H8Zm2-12a2 2 0 0 1 2 2v2h-1.5V2a.5.5 0 0 0-.5-.5H8V0h2Z\" \/>\n\t\t\t<\/svg>\n\t\t<\/button><\/figure>\n<\/figure>\n<\/div>\n<\/div>\n\n\n\n<p class=\"has-text-align-right has-contrast-color has-text-color has-link-color has-small-font-size wp-elements-c59b612277ef394e245bbc3f69c7296b\"><a href=\"https:\/\/adopteuncrane.fr\/?page_id=123\" data-type=\"link\" data-id=\"https:\/\/adopteuncrane.fr\/?page_id=123\">&lt;&lt;bestiaire&lt;occulte noir<\/a><\/p>\n\n\n\n<figure class=\"wp-block-image aligncenter size-large wp-duotone-rgb000-rgb25500-2\"><img decoding=\"async\" src=\"http:\/\/adopteuncrane.fr\/wp-content\/uploads\/2025\/10\/ligne.png\" alt=\"\"\/><\/figure>\n","protected":false},"excerpt":{"rendered":"<p>&lt;&lt;bestiaire&lt;occulte noir \ud835\udd17\ud835\udd2f\ud835\udd2c\ud835\udd2c\ud835\udd2d\ud835\udd30 \ud835\udd2c\ud835\udd33 \ud835\udd07\ud835\udd2c\ud835\udd2c\ud835\udd2a : \ud835\udd31\ud835\udd2f\ud835\udd2c\ud835\udd2c\ud835\udd2d\ud835\udd22\ud835\udd2f\ud835\udd30 1&amp;2 Troops ov Doom rassemble des cr\u00e2nes de chevreuil peints en noir, ou bien d&rsquo;autres couleurs sombres, marqu\u00e9s de textures qui rappellent la corrosion et les rites de l\u2019ombre. Leur esth\u00e9tique sombre et occulte transforme chaque pi\u00e8ce en talisman, \u00e9voquant une pr\u00e9sence myst\u00e9rieuse et silencieuse. Align\u00e9s comme une [&hellip;]<\/p>\n","protected":false},"author":1,"featured_media":2441,"parent":123,"menu_order":0,"comment_status":"closed","ping_status":"closed","template":"","meta":{"footnotes":""},"class_list":["post-2564","page","type-page","status-publish","has-post-thumbnail","hentry"],"_links":{"self":[{"href":"https:\/\/adopteuncrane.fr\/index.php?rest_route=\/wp\/v2\/pages\/2564","targetHints":{"allow":["GET"]}}],"collection":[{"href":"https:\/\/adopteuncrane.fr\/index.php?rest_route=\/wp\/v2\/pages"}],"about":[{"href":"https:\/\/adopteuncrane.fr\/index.php?rest_route=\/wp\/v2\/types\/page"}],"author":[{"embeddable":true,"href":"https:\/\/adopteuncrane.fr\/index.php?rest_route=\/wp\/v2\/users\/1"}],"replies":[{"embeddable":true,"href":"https:\/\/adopteuncrane.fr\/index.php?rest_route=%2Fwp%2Fv2%2Fcomments&post=2564"}],"version-history":[{"count":9,"href":"https:\/\/adopteuncrane.fr\/index.php?rest_route=\/wp\/v2\/pages\/2564\/revisions"}],"predecessor-version":[{"id":2637,"href":"https:\/\/adopteuncrane.fr\/index.php?rest_route=\/wp\/v2\/pages\/2564\/revisions\/2637"}],"up":[{"embeddable":true,"href":"https:\/\/adopteuncrane.fr\/index.php?rest_route=\/wp\/v2\/pages\/123"}],"wp:featuredmedia":[{"embeddable":true,"href":"https:\/\/adopteuncrane.fr\/index.php?rest_route=\/wp\/v2\/media\/2441"}],"wp:attachment":[{"href":"https:\/\/adopteuncrane.fr\/index.php?rest_route=%2Fwp%2Fv2%2Fmedia&parent=2564"}],"curies":[{"name":"wp","href":"https:\/\/api.w.org\/{rel}","templated":true}]}}