{"id":2402,"date":"2025-11-13T22:16:55","date_gmt":"2025-11-13T22:16:55","guid":{"rendered":"http:\/\/adopteuncrane.fr\/?page_id=2402"},"modified":"2025-11-25T17:19:03","modified_gmt":"2025-11-25T17:19:03","slug":"2402-2","status":"publish","type":"page","link":"https:\/\/adopteuncrane.fr\/?page_id=2402","title":{"rendered":"DoubleFace"},"content":{"rendered":"\n<p class=\"has-text-align-right has-contrast-color has-text-color has-link-color has-small-font-size wp-elements-1da954c0d1ec175ddba3f11a3c906c87\"><a href=\"http:\/\/adopteuncrane.fr\/?page_id=117\" data-type=\"page\" data-id=\"117\">&lt;&lt;bestiaire&lt;fantasmagorik<\/a><\/p>\n\n\n\n<div class=\"wp-block-columns is-layout-flex wp-container-core-columns-is-layout-28f84493 wp-block-columns-is-layout-flex\">\n<div class=\"wp-block-column is-layout-flow wp-block-column-is-layout-flow\">\n<p class=\"has-text-align-center has-large-font-size\">\u2202\u03c3\u03c5\u0432\u2113\u0454\u0192\u03b1\u00a2\u0454<\/p>\n\n\n\n<p class=\"has-text-align-right has-small-font-size\">Sous son apparence d\u00e9licate, cette cr\u00e9ature chim\u00e9rique r\u00e9v\u00e8le une beaut\u00e9 \u00e9trange et hypnotique.<br>Fusion singuli\u00e8re entre un cr\u00e2ne de lapin et un cr\u00e2ne d\u2019oiseau, elle semble appartenir \u00e0 un monde o\u00f9 l\u2019\u00e9volution aurait emprunt\u00e9 des chemins inattendus.<br>Sa teinte rose, volontairement irr\u00e9elle, \u00e9voque l\u2019esth\u00e9tique visc\u00e9rale et troublante du film <em>The Substance<\/em> : un m\u00e9lange d\u2019artifice, de transformation et de renaissance.<br><br>Cette chim\u00e8re devient alors un totem de m\u00e9tamorphose, une pi\u00e8ce artistique qui questionne l\u2019identit\u00e9, la dualit\u00e9 et la beaut\u00e9 dans ses formes les plus d\u00e9viantes.<\/p>\n\n\n\n<p class=\"has-text-align-center has-large-font-size\">\/\/<\/p>\n\n\n\n<p class=\"has-text-align-right has-custom-color-3-color has-text-color has-link-color has-small-font-size wp-elements-9223d67540b15fce95a74d699d87e36f\">Beneath its delicate appearance, this chimeric creature reveals a strange and hypnotic beauty.<br>A unique fusion of a rabbit skull and a bird skull, it seems to belong to a world where evolution has taken unexpected paths.<br>Its pink hue, deliberately unreal, evokes the visceral and unsettling aesthetic of the film The Substance: a mix of artifice, transformation, and rebirth.<\/p>\n\n\n\n<p class=\"has-text-align-right has-custom-color-3-color has-text-color has-link-color has-small-font-size wp-elements-4734e1c8b402ffc653af2334e62c5517\">This chimera thus becomes a totem of metamorphosis, an artistic piece that questions identity, duality, and beauty in its most deviant forms.<\/p>\n\n\n\n<p class=\"has-text-align-center has-medium-font-size\">EUR 60.00<\/p>\n<\/div>\n\n\n\n<div class=\"wp-block-column is-layout-flow wp-block-column-is-layout-flow\">\n<figure class=\"wp-block-gallery has-nested-images columns-default is-cropped wp-block-gallery-1 is-layout-flex wp-block-gallery-is-layout-flex\">\n<figure data-wp-context=\"{&quot;imageId&quot;:&quot;69d3d56debd4d&quot;}\" data-wp-interactive=\"core\/image\" data-wp-key=\"69d3d56debd4d\" class=\"wp-block-image size-large hvr-grow-shadow wp-lightbox-container\"><img loading=\"lazy\" decoding=\"async\" width=\"600\" height=\"800\" data-wp-class--hide=\"state.isContentHidden\" data-wp-class--show=\"state.isContentVisible\" data-wp-init=\"callbacks.setButtonStyles\" data-wp-on--click=\"actions.showLightbox\" data-wp-on--load=\"callbacks.setButtonStyles\" data-wp-on-window--resize=\"callbacks.setButtonStyles\" data-id=\"2403\" src=\"http:\/\/adopteuncrane.fr\/wp-content\/uploads\/2025\/11\/DoubleFace.jpeg\" alt=\"\" class=\"wp-image-2403\" srcset=\"https:\/\/adopteuncrane.fr\/wp-content\/uploads\/2025\/11\/DoubleFace.jpeg 600w, https:\/\/adopteuncrane.fr\/wp-content\/uploads\/2025\/11\/DoubleFace-225x300.jpeg 225w, https:\/\/adopteuncrane.fr\/wp-content\/uploads\/2025\/11\/DoubleFace-100x133.jpeg 100w\" sizes=\"auto, (max-width: 600px) 100vw, 600px\" \/><button\n\t\t\tclass=\"lightbox-trigger\"\n\t\t\ttype=\"button\"\n\t\t\taria-haspopup=\"dialog\"\n\t\t\taria-label=\"Agrandir\"\n\t\t\tdata-wp-init=\"callbacks.initTriggerButton\"\n\t\t\tdata-wp-on--click=\"actions.showLightbox\"\n\t\t\tdata-wp-style--right=\"state.imageButtonRight\"\n\t\t\tdata-wp-style--top=\"state.imageButtonTop\"\n\t\t>\n\t\t\t<svg xmlns=\"http:\/\/www.w3.org\/2000\/svg\" width=\"12\" height=\"12\" fill=\"none\" viewBox=\"0 0 12 12\">\n\t\t\t\t<path fill=\"#fff\" d=\"M2 0a2 2 0 0 0-2 2v2h1.5V2a.5.5 0 0 1 .5-.5h2V0H2Zm2 10.5H2a.5.5 0 0 1-.5-.5V8H0v2a2 2 0 0 0 2 2h2v-1.5ZM8 12v-1.5h2a.5.5 0 0 0 .5-.5V8H12v2a2 2 0 0 1-2 2H8Zm2-12a2 2 0 0 1 2 2v2h-1.5V2a.5.5 0 0 0-.5-.5H8V0h2Z\" \/>\n\t\t\t<\/svg>\n\t\t<\/button><\/figure>\n\n\n\n<figure data-wp-context=\"{&quot;imageId&quot;:&quot;69d3d56dec0fe&quot;}\" data-wp-interactive=\"core\/image\" data-wp-key=\"69d3d56dec0fe\" class=\"wp-block-image size-large hvr-grow-shadow wp-lightbox-container\"><img loading=\"lazy\" decoding=\"async\" width=\"600\" height=\"800\" data-wp-class--hide=\"state.isContentHidden\" data-wp-class--show=\"state.isContentVisible\" data-wp-init=\"callbacks.setButtonStyles\" data-wp-on--click=\"actions.showLightbox\" data-wp-on--load=\"callbacks.setButtonStyles\" data-wp-on-window--resize=\"callbacks.setButtonStyles\" data-id=\"2407\" src=\"http:\/\/adopteuncrane.fr\/wp-content\/uploads\/2025\/11\/DoubleFace4.jpeg\" alt=\"\" class=\"wp-image-2407\" srcset=\"https:\/\/adopteuncrane.fr\/wp-content\/uploads\/2025\/11\/DoubleFace4.jpeg 600w, https:\/\/adopteuncrane.fr\/wp-content\/uploads\/2025\/11\/DoubleFace4-225x300.jpeg 225w, https:\/\/adopteuncrane.fr\/wp-content\/uploads\/2025\/11\/DoubleFace4-100x133.jpeg 100w\" sizes=\"auto, (max-width: 600px) 100vw, 600px\" \/><button\n\t\t\tclass=\"lightbox-trigger\"\n\t\t\ttype=\"button\"\n\t\t\taria-haspopup=\"dialog\"\n\t\t\taria-label=\"Agrandir\"\n\t\t\tdata-wp-init=\"callbacks.initTriggerButton\"\n\t\t\tdata-wp-on--click=\"actions.showLightbox\"\n\t\t\tdata-wp-style--right=\"state.imageButtonRight\"\n\t\t\tdata-wp-style--top=\"state.imageButtonTop\"\n\t\t>\n\t\t\t<svg xmlns=\"http:\/\/www.w3.org\/2000\/svg\" width=\"12\" height=\"12\" fill=\"none\" viewBox=\"0 0 12 12\">\n\t\t\t\t<path fill=\"#fff\" d=\"M2 0a2 2 0 0 0-2 2v2h1.5V2a.5.5 0 0 1 .5-.5h2V0H2Zm2 10.5H2a.5.5 0 0 1-.5-.5V8H0v2a2 2 0 0 0 2 2h2v-1.5ZM8 12v-1.5h2a.5.5 0 0 0 .5-.5V8H12v2a2 2 0 0 1-2 2H8Zm2-12a2 2 0 0 1 2 2v2h-1.5V2a.5.5 0 0 0-.5-.5H8V0h2Z\" \/>\n\t\t\t<\/svg>\n\t\t<\/button><\/figure>\n\n\n\n<figure data-wp-context=\"{&quot;imageId&quot;:&quot;69d3d56dec467&quot;}\" data-wp-interactive=\"core\/image\" data-wp-key=\"69d3d56dec467\" class=\"wp-block-image size-large hvr-grow-shadow wp-lightbox-container\"><img loading=\"lazy\" decoding=\"async\" width=\"600\" height=\"800\" data-wp-class--hide=\"state.isContentHidden\" data-wp-class--show=\"state.isContentVisible\" data-wp-init=\"callbacks.setButtonStyles\" data-wp-on--click=\"actions.showLightbox\" data-wp-on--load=\"callbacks.setButtonStyles\" data-wp-on-window--resize=\"callbacks.setButtonStyles\" data-id=\"2405\" src=\"http:\/\/adopteuncrane.fr\/wp-content\/uploads\/2025\/11\/DoubleFace3.jpeg\" alt=\"\" class=\"wp-image-2405\" srcset=\"https:\/\/adopteuncrane.fr\/wp-content\/uploads\/2025\/11\/DoubleFace3.jpeg 600w, https:\/\/adopteuncrane.fr\/wp-content\/uploads\/2025\/11\/DoubleFace3-225x300.jpeg 225w, https:\/\/adopteuncrane.fr\/wp-content\/uploads\/2025\/11\/DoubleFace3-100x133.jpeg 100w\" sizes=\"auto, (max-width: 600px) 100vw, 600px\" \/><button\n\t\t\tclass=\"lightbox-trigger\"\n\t\t\ttype=\"button\"\n\t\t\taria-haspopup=\"dialog\"\n\t\t\taria-label=\"Agrandir\"\n\t\t\tdata-wp-init=\"callbacks.initTriggerButton\"\n\t\t\tdata-wp-on--click=\"actions.showLightbox\"\n\t\t\tdata-wp-style--right=\"state.imageButtonRight\"\n\t\t\tdata-wp-style--top=\"state.imageButtonTop\"\n\t\t>\n\t\t\t<svg xmlns=\"http:\/\/www.w3.org\/2000\/svg\" width=\"12\" height=\"12\" fill=\"none\" viewBox=\"0 0 12 12\">\n\t\t\t\t<path fill=\"#fff\" d=\"M2 0a2 2 0 0 0-2 2v2h1.5V2a.5.5 0 0 1 .5-.5h2V0H2Zm2 10.5H2a.5.5 0 0 1-.5-.5V8H0v2a2 2 0 0 0 2 2h2v-1.5ZM8 12v-1.5h2a.5.5 0 0 0 .5-.5V8H12v2a2 2 0 0 1-2 2H8Zm2-12a2 2 0 0 1 2 2v2h-1.5V2a.5.5 0 0 0-.5-.5H8V0h2Z\" \/>\n\t\t\t<\/svg>\n\t\t<\/button><\/figure>\n\n\n\n<figure data-wp-context=\"{&quot;imageId&quot;:&quot;69d3d56dec7c0&quot;}\" data-wp-interactive=\"core\/image\" data-wp-key=\"69d3d56dec7c0\" class=\"wp-block-image size-large hvr-grow-shadow wp-lightbox-container\"><img loading=\"lazy\" decoding=\"async\" width=\"600\" height=\"800\" data-wp-class--hide=\"state.isContentHidden\" data-wp-class--show=\"state.isContentVisible\" data-wp-init=\"callbacks.setButtonStyles\" data-wp-on--click=\"actions.showLightbox\" data-wp-on--load=\"callbacks.setButtonStyles\" data-wp-on-window--resize=\"callbacks.setButtonStyles\" data-id=\"2406\" src=\"http:\/\/adopteuncrane.fr\/wp-content\/uploads\/2025\/11\/DoubleFace5.jpeg\" alt=\"\" class=\"wp-image-2406\" srcset=\"https:\/\/adopteuncrane.fr\/wp-content\/uploads\/2025\/11\/DoubleFace5.jpeg 600w, https:\/\/adopteuncrane.fr\/wp-content\/uploads\/2025\/11\/DoubleFace5-225x300.jpeg 225w, https:\/\/adopteuncrane.fr\/wp-content\/uploads\/2025\/11\/DoubleFace5-100x133.jpeg 100w\" sizes=\"auto, (max-width: 600px) 100vw, 600px\" \/><button\n\t\t\tclass=\"lightbox-trigger\"\n\t\t\ttype=\"button\"\n\t\t\taria-haspopup=\"dialog\"\n\t\t\taria-label=\"Agrandir\"\n\t\t\tdata-wp-init=\"callbacks.initTriggerButton\"\n\t\t\tdata-wp-on--click=\"actions.showLightbox\"\n\t\t\tdata-wp-style--right=\"state.imageButtonRight\"\n\t\t\tdata-wp-style--top=\"state.imageButtonTop\"\n\t\t>\n\t\t\t<svg xmlns=\"http:\/\/www.w3.org\/2000\/svg\" width=\"12\" height=\"12\" fill=\"none\" viewBox=\"0 0 12 12\">\n\t\t\t\t<path fill=\"#fff\" d=\"M2 0a2 2 0 0 0-2 2v2h1.5V2a.5.5 0 0 1 .5-.5h2V0H2Zm2 10.5H2a.5.5 0 0 1-.5-.5V8H0v2a2 2 0 0 0 2 2h2v-1.5ZM8 12v-1.5h2a.5.5 0 0 0 .5-.5V8H12v2a2 2 0 0 1-2 2H8Zm2-12a2 2 0 0 1 2 2v2h-1.5V2a.5.5 0 0 0-.5-.5H8V0h2Z\" \/>\n\t\t\t<\/svg>\n\t\t<\/button><\/figure>\n\n\n\n<figure data-wp-context=\"{&quot;imageId&quot;:&quot;69d3d56decb70&quot;}\" data-wp-interactive=\"core\/image\" data-wp-key=\"69d3d56decb70\" class=\"wp-block-image size-large hvr-grow-shadow wp-lightbox-container\"><img loading=\"lazy\" decoding=\"async\" width=\"600\" height=\"800\" data-wp-class--hide=\"state.isContentHidden\" data-wp-class--show=\"state.isContentVisible\" data-wp-init=\"callbacks.setButtonStyles\" data-wp-on--click=\"actions.showLightbox\" data-wp-on--load=\"callbacks.setButtonStyles\" data-wp-on-window--resize=\"callbacks.setButtonStyles\" data-id=\"2404\" src=\"http:\/\/adopteuncrane.fr\/wp-content\/uploads\/2025\/11\/DoubleFace2.jpeg\" alt=\"\" class=\"wp-image-2404\" srcset=\"https:\/\/adopteuncrane.fr\/wp-content\/uploads\/2025\/11\/DoubleFace2.jpeg 600w, https:\/\/adopteuncrane.fr\/wp-content\/uploads\/2025\/11\/DoubleFace2-225x300.jpeg 225w, https:\/\/adopteuncrane.fr\/wp-content\/uploads\/2025\/11\/DoubleFace2-100x133.jpeg 100w\" sizes=\"auto, (max-width: 600px) 100vw, 600px\" \/><button\n\t\t\tclass=\"lightbox-trigger\"\n\t\t\ttype=\"button\"\n\t\t\taria-haspopup=\"dialog\"\n\t\t\taria-label=\"Agrandir\"\n\t\t\tdata-wp-init=\"callbacks.initTriggerButton\"\n\t\t\tdata-wp-on--click=\"actions.showLightbox\"\n\t\t\tdata-wp-style--right=\"state.imageButtonRight\"\n\t\t\tdata-wp-style--top=\"state.imageButtonTop\"\n\t\t>\n\t\t\t<svg xmlns=\"http:\/\/www.w3.org\/2000\/svg\" width=\"12\" height=\"12\" fill=\"none\" viewBox=\"0 0 12 12\">\n\t\t\t\t<path fill=\"#fff\" d=\"M2 0a2 2 0 0 0-2 2v2h1.5V2a.5.5 0 0 1 .5-.5h2V0H2Zm2 10.5H2a.5.5 0 0 1-.5-.5V8H0v2a2 2 0 0 0 2 2h2v-1.5ZM8 12v-1.5h2a.5.5 0 0 0 .5-.5V8H12v2a2 2 0 0 1-2 2H8Zm2-12a2 2 0 0 1 2 2v2h-1.5V2a.5.5 0 0 0-.5-.5H8V0h2Z\" \/>\n\t\t\t<\/svg>\n\t\t<\/button><\/figure>\n<\/figure>\n<\/div>\n<\/div>\n\n\n\n<p class=\"has-text-align-right has-contrast-color has-text-color has-link-color has-small-font-size wp-elements-1da954c0d1ec175ddba3f11a3c906c87\"><a href=\"http:\/\/adopteuncrane.fr\/?page_id=117\" data-type=\"page\" data-id=\"117\">&lt;&lt;bestiaire&lt;fantasmagorik<\/a><\/p>\n\n\n\n<figure class=\"wp-block-image aligncenter size-large wp-duotone-rgb000-rgb25500-2\"><img decoding=\"async\" src=\"http:\/\/adopteuncrane.fr\/wp-content\/uploads\/2025\/10\/ligne.png\" alt=\"\"\/><\/figure>\n","protected":false},"excerpt":{"rendered":"<p>&lt;&lt;bestiaire&lt;fantasmagorik \u2202\u03c3\u03c5\u0432\u2113\u0454\u0192\u03b1\u00a2\u0454 Sous son apparence d\u00e9licate, cette cr\u00e9ature chim\u00e9rique r\u00e9v\u00e8le une beaut\u00e9 \u00e9trange et hypnotique.Fusion singuli\u00e8re entre un cr\u00e2ne de lapin et un cr\u00e2ne d\u2019oiseau, elle semble appartenir \u00e0 un monde o\u00f9 l\u2019\u00e9volution aurait emprunt\u00e9 des chemins inattendus.Sa teinte rose, volontairement irr\u00e9elle, \u00e9voque l\u2019esth\u00e9tique visc\u00e9rale et troublante du film The Substance : un m\u00e9lange d\u2019artifice, [&hellip;]<\/p>\n","protected":false},"author":1,"featured_media":2443,"parent":117,"menu_order":0,"comment_status":"closed","ping_status":"closed","template":"","meta":{"footnotes":""},"class_list":["post-2402","page","type-page","status-publish","has-post-thumbnail","hentry"],"_links":{"self":[{"href":"https:\/\/adopteuncrane.fr\/index.php?rest_route=\/wp\/v2\/pages\/2402","targetHints":{"allow":["GET"]}}],"collection":[{"href":"https:\/\/adopteuncrane.fr\/index.php?rest_route=\/wp\/v2\/pages"}],"about":[{"href":"https:\/\/adopteuncrane.fr\/index.php?rest_route=\/wp\/v2\/types\/page"}],"author":[{"embeddable":true,"href":"https:\/\/adopteuncrane.fr\/index.php?rest_route=\/wp\/v2\/users\/1"}],"replies":[{"embeddable":true,"href":"https:\/\/adopteuncrane.fr\/index.php?rest_route=%2Fwp%2Fv2%2Fcomments&post=2402"}],"version-history":[{"count":4,"href":"https:\/\/adopteuncrane.fr\/index.php?rest_route=\/wp\/v2\/pages\/2402\/revisions"}],"predecessor-version":[{"id":2585,"href":"https:\/\/adopteuncrane.fr\/index.php?rest_route=\/wp\/v2\/pages\/2402\/revisions\/2585"}],"up":[{"embeddable":true,"href":"https:\/\/adopteuncrane.fr\/index.php?rest_route=\/wp\/v2\/pages\/117"}],"wp:featuredmedia":[{"embeddable":true,"href":"https:\/\/adopteuncrane.fr\/index.php?rest_route=\/wp\/v2\/media\/2443"}],"wp:attachment":[{"href":"https:\/\/adopteuncrane.fr\/index.php?rest_route=%2Fwp%2Fv2%2Fmedia&parent=2402"}],"curies":[{"name":"wp","href":"https:\/\/api.w.org\/{rel}","templated":true}]}}