{"id":2379,"date":"2025-11-13T21:38:19","date_gmt":"2025-11-13T21:38:19","guid":{"rendered":"http:\/\/adopteuncrane.fr\/?page_id=2379"},"modified":"2026-03-14T10:41:11","modified_gmt":"2026-03-14T10:41:11","slug":"2379-2","status":"publish","type":"page","link":"https:\/\/adopteuncrane.fr\/?page_id=2379","title":{"rendered":"Teha"},"content":{"rendered":"\n<p class=\"has-text-align-right has-contrast-color has-text-color has-link-color has-small-font-size wp-elements-1da954c0d1ec175ddba3f11a3c906c87\"><a href=\"http:\/\/adopteuncrane.fr\/?page_id=117\" data-type=\"page\" data-id=\"117\">&lt;&lt;bestiaire&lt;fantasmagorik<\/a><\/p>\n\n\n\n<div class=\"wp-block-columns is-layout-flex wp-container-core-columns-is-layout-28f84493 wp-block-columns-is-layout-flex\">\n<div class=\"wp-block-column is-layout-flow wp-block-column-is-layout-flow\">\n<p class=\"has-text-align-center has-x-large-font-size\">MARTA<\/p>\n\n\n\n<p class=\"has-text-align-right has-small-font-size\">Sous sa cloche de verre, <em><strong>Marta<\/strong><\/em> capture un instant suspendu entre beaut\u00e9 et t\u00e9n\u00e8bres.<br>Le cr\u00e2ne d\u00e9licat d\u2019une martre naturelle y tr\u00f4ne, t\u00e9moin silencieux de la nature sauvage, entour\u00e9 d\u2019un d\u00e9cor aux contrastes puissants : une rose noire symbole de myst\u00e8re et d\u2019\u00e9ternit\u00e9, et un os de sanglier teint\u00e9 de rouge, \u00e9cho \u00e0 la force brute et au sang vital.<\/p>\n\n\n\n<p class=\"has-text-align-center has-large-font-size\">\/\/<\/p>\n\n\n\n<p class=\"has-text-align-right has-custom-color-3-color has-text-color has-link-color has-small-font-size wp-elements-b877b08a8c7a1ecab0964f5cb0b73cf6\">Under her glass dome, <strong><em>Marta<\/em><\/strong> captures a moment suspended between beauty and darkness. The delicate skull of a natural marten sits there, a silent witness to the wild, surrounded by a setting of striking contrasts: a black rose symbolizing mystery and eternity, and a boar&rsquo;s bone tinged with red, echoing raw strength and vital blood.<\/p>\n\n\n\n<p class=\"has-text-align-center has-medium-font-size\">EUR 50.00<\/p>\n<\/div>\n\n\n\n<div class=\"wp-block-column is-layout-flow wp-block-column-is-layout-flow\">\n<figure class=\"wp-block-gallery has-nested-images columns-default is-cropped wp-block-gallery-1 is-layout-flex wp-block-gallery-is-layout-flex\">\n<figure data-wp-context=\"{&quot;imageId&quot;:&quot;69d3d9ce311c2&quot;}\" data-wp-interactive=\"core\/image\" data-wp-key=\"69d3d9ce311c2\" class=\"wp-block-image size-full hvr-grow-shadow wp-lightbox-container\"><img loading=\"lazy\" decoding=\"async\" width=\"600\" height=\"800\" data-wp-class--hide=\"state.isContentHidden\" data-wp-class--show=\"state.isContentVisible\" data-wp-init=\"callbacks.setButtonStyles\" data-wp-on--click=\"actions.showLightbox\" data-wp-on--load=\"callbacks.setButtonStyles\" data-wp-on-window--resize=\"callbacks.setButtonStyles\" data-id=\"2533\" src=\"https:\/\/adopteuncrane.fr\/wp-content\/uploads\/2025\/11\/Tea2-1.jpeg\" alt=\"\" class=\"wp-image-2533\" srcset=\"https:\/\/adopteuncrane.fr\/wp-content\/uploads\/2025\/11\/Tea2-1.jpeg 600w, https:\/\/adopteuncrane.fr\/wp-content\/uploads\/2025\/11\/Tea2-1-225x300.jpeg 225w\" sizes=\"auto, (max-width: 600px) 100vw, 600px\" \/><button\n\t\t\tclass=\"lightbox-trigger\"\n\t\t\ttype=\"button\"\n\t\t\taria-haspopup=\"dialog\"\n\t\t\taria-label=\"Agrandir\"\n\t\t\tdata-wp-init=\"callbacks.initTriggerButton\"\n\t\t\tdata-wp-on--click=\"actions.showLightbox\"\n\t\t\tdata-wp-style--right=\"state.imageButtonRight\"\n\t\t\tdata-wp-style--top=\"state.imageButtonTop\"\n\t\t>\n\t\t\t<svg xmlns=\"http:\/\/www.w3.org\/2000\/svg\" width=\"12\" height=\"12\" fill=\"none\" viewBox=\"0 0 12 12\">\n\t\t\t\t<path fill=\"#fff\" d=\"M2 0a2 2 0 0 0-2 2v2h1.5V2a.5.5 0 0 1 .5-.5h2V0H2Zm2 10.5H2a.5.5 0 0 1-.5-.5V8H0v2a2 2 0 0 0 2 2h2v-1.5ZM8 12v-1.5h2a.5.5 0 0 0 .5-.5V8H12v2a2 2 0 0 1-2 2H8Zm2-12a2 2 0 0 1 2 2v2h-1.5V2a.5.5 0 0 0-.5-.5H8V0h2Z\" \/>\n\t\t\t<\/svg>\n\t\t<\/button><\/figure>\n\n\n\n<figure data-wp-context=\"{&quot;imageId&quot;:&quot;69d3d9ce3163a&quot;}\" data-wp-interactive=\"core\/image\" data-wp-key=\"69d3d9ce3163a\" class=\"wp-block-image size-full hvr-grow-shadow wp-lightbox-container\"><img loading=\"lazy\" decoding=\"async\" width=\"600\" height=\"800\" data-wp-class--hide=\"state.isContentHidden\" data-wp-class--show=\"state.isContentVisible\" data-wp-init=\"callbacks.setButtonStyles\" data-wp-on--click=\"actions.showLightbox\" data-wp-on--load=\"callbacks.setButtonStyles\" data-wp-on-window--resize=\"callbacks.setButtonStyles\" data-id=\"2538\" src=\"https:\/\/adopteuncrane.fr\/wp-content\/uploads\/2025\/11\/Tea3-2.jpeg\" alt=\"\" class=\"wp-image-2538\" srcset=\"https:\/\/adopteuncrane.fr\/wp-content\/uploads\/2025\/11\/Tea3-2.jpeg 600w, https:\/\/adopteuncrane.fr\/wp-content\/uploads\/2025\/11\/Tea3-2-225x300.jpeg 225w\" sizes=\"auto, (max-width: 600px) 100vw, 600px\" \/><button\n\t\t\tclass=\"lightbox-trigger\"\n\t\t\ttype=\"button\"\n\t\t\taria-haspopup=\"dialog\"\n\t\t\taria-label=\"Agrandir\"\n\t\t\tdata-wp-init=\"callbacks.initTriggerButton\"\n\t\t\tdata-wp-on--click=\"actions.showLightbox\"\n\t\t\tdata-wp-style--right=\"state.imageButtonRight\"\n\t\t\tdata-wp-style--top=\"state.imageButtonTop\"\n\t\t>\n\t\t\t<svg xmlns=\"http:\/\/www.w3.org\/2000\/svg\" width=\"12\" height=\"12\" fill=\"none\" viewBox=\"0 0 12 12\">\n\t\t\t\t<path fill=\"#fff\" d=\"M2 0a2 2 0 0 0-2 2v2h1.5V2a.5.5 0 0 1 .5-.5h2V0H2Zm2 10.5H2a.5.5 0 0 1-.5-.5V8H0v2a2 2 0 0 0 2 2h2v-1.5ZM8 12v-1.5h2a.5.5 0 0 0 .5-.5V8H12v2a2 2 0 0 1-2 2H8Zm2-12a2 2 0 0 1 2 2v2h-1.5V2a.5.5 0 0 0-.5-.5H8V0h2Z\" \/>\n\t\t\t<\/svg>\n\t\t<\/button><\/figure>\n\n\n\n<figure data-wp-context=\"{&quot;imageId&quot;:&quot;69d3d9ce319b3&quot;}\" data-wp-interactive=\"core\/image\" data-wp-key=\"69d3d9ce319b3\" class=\"wp-block-image size-full hvr-grow-shadow wp-lightbox-container\"><img loading=\"lazy\" decoding=\"async\" width=\"600\" height=\"800\" data-wp-class--hide=\"state.isContentHidden\" data-wp-class--show=\"state.isContentVisible\" data-wp-init=\"callbacks.setButtonStyles\" data-wp-on--click=\"actions.showLightbox\" data-wp-on--load=\"callbacks.setButtonStyles\" data-wp-on-window--resize=\"callbacks.setButtonStyles\" data-id=\"2535\" src=\"https:\/\/adopteuncrane.fr\/wp-content\/uploads\/2025\/11\/Tea4-1.jpeg\" alt=\"\" class=\"wp-image-2535\" srcset=\"https:\/\/adopteuncrane.fr\/wp-content\/uploads\/2025\/11\/Tea4-1.jpeg 600w, https:\/\/adopteuncrane.fr\/wp-content\/uploads\/2025\/11\/Tea4-1-225x300.jpeg 225w\" sizes=\"auto, (max-width: 600px) 100vw, 600px\" \/><button\n\t\t\tclass=\"lightbox-trigger\"\n\t\t\ttype=\"button\"\n\t\t\taria-haspopup=\"dialog\"\n\t\t\taria-label=\"Agrandir\"\n\t\t\tdata-wp-init=\"callbacks.initTriggerButton\"\n\t\t\tdata-wp-on--click=\"actions.showLightbox\"\n\t\t\tdata-wp-style--right=\"state.imageButtonRight\"\n\t\t\tdata-wp-style--top=\"state.imageButtonTop\"\n\t\t>\n\t\t\t<svg xmlns=\"http:\/\/www.w3.org\/2000\/svg\" width=\"12\" height=\"12\" fill=\"none\" viewBox=\"0 0 12 12\">\n\t\t\t\t<path fill=\"#fff\" d=\"M2 0a2 2 0 0 0-2 2v2h1.5V2a.5.5 0 0 1 .5-.5h2V0H2Zm2 10.5H2a.5.5 0 0 1-.5-.5V8H0v2a2 2 0 0 0 2 2h2v-1.5ZM8 12v-1.5h2a.5.5 0 0 0 .5-.5V8H12v2a2 2 0 0 1-2 2H8Zm2-12a2 2 0 0 1 2 2v2h-1.5V2a.5.5 0 0 0-.5-.5H8V0h2Z\" \/>\n\t\t\t<\/svg>\n\t\t<\/button><\/figure>\n\n\n\n<figure data-wp-context=\"{&quot;imageId&quot;:&quot;69d3d9ce31d1c&quot;}\" data-wp-interactive=\"core\/image\" data-wp-key=\"69d3d9ce31d1c\" class=\"wp-block-image size-full hvr-grow-shadow wp-lightbox-container\"><img loading=\"lazy\" decoding=\"async\" width=\"600\" height=\"800\" data-wp-class--hide=\"state.isContentHidden\" data-wp-class--show=\"state.isContentVisible\" data-wp-init=\"callbacks.setButtonStyles\" data-wp-on--click=\"actions.showLightbox\" data-wp-on--load=\"callbacks.setButtonStyles\" data-wp-on-window--resize=\"callbacks.setButtonStyles\" data-id=\"2536\" src=\"https:\/\/adopteuncrane.fr\/wp-content\/uploads\/2025\/11\/Tea1-2.jpeg\" alt=\"\" class=\"wp-image-2536\" srcset=\"https:\/\/adopteuncrane.fr\/wp-content\/uploads\/2025\/11\/Tea1-2.jpeg 600w, https:\/\/adopteuncrane.fr\/wp-content\/uploads\/2025\/11\/Tea1-2-225x300.jpeg 225w\" sizes=\"auto, (max-width: 600px) 100vw, 600px\" \/><button\n\t\t\tclass=\"lightbox-trigger\"\n\t\t\ttype=\"button\"\n\t\t\taria-haspopup=\"dialog\"\n\t\t\taria-label=\"Agrandir\"\n\t\t\tdata-wp-init=\"callbacks.initTriggerButton\"\n\t\t\tdata-wp-on--click=\"actions.showLightbox\"\n\t\t\tdata-wp-style--right=\"state.imageButtonRight\"\n\t\t\tdata-wp-style--top=\"state.imageButtonTop\"\n\t\t>\n\t\t\t<svg xmlns=\"http:\/\/www.w3.org\/2000\/svg\" width=\"12\" height=\"12\" fill=\"none\" viewBox=\"0 0 12 12\">\n\t\t\t\t<path fill=\"#fff\" d=\"M2 0a2 2 0 0 0-2 2v2h1.5V2a.5.5 0 0 1 .5-.5h2V0H2Zm2 10.5H2a.5.5 0 0 1-.5-.5V8H0v2a2 2 0 0 0 2 2h2v-1.5ZM8 12v-1.5h2a.5.5 0 0 0 .5-.5V8H12v2a2 2 0 0 1-2 2H8Zm2-12a2 2 0 0 1 2 2v2h-1.5V2a.5.5 0 0 0-.5-.5H8V0h2Z\" \/>\n\t\t\t<\/svg>\n\t\t<\/button><\/figure>\n<\/figure>\n<\/div>\n<\/div>\n\n\n\n<p class=\"has-text-align-right has-contrast-color has-text-color has-link-color has-small-font-size wp-elements-1da954c0d1ec175ddba3f11a3c906c87\"><a href=\"http:\/\/adopteuncrane.fr\/?page_id=117\" data-type=\"page\" data-id=\"117\">&lt;&lt;bestiaire&lt;fantasmagorik<\/a><\/p>\n\n\n\n<figure class=\"wp-block-image aligncenter size-large wp-duotone-rgb000-rgb25500-2\"><img decoding=\"async\" src=\"http:\/\/adopteuncrane.fr\/wp-content\/uploads\/2025\/10\/ligne.png\" alt=\"\"\/><\/figure>\n","protected":false},"excerpt":{"rendered":"<p>&lt;&lt;bestiaire&lt;fantasmagorik MARTA Sous sa cloche de verre, Marta capture un instant suspendu entre beaut\u00e9 et t\u00e9n\u00e8bres.Le cr\u00e2ne d\u00e9licat d\u2019une martre naturelle y tr\u00f4ne, t\u00e9moin silencieux de la nature sauvage, entour\u00e9 d\u2019un d\u00e9cor aux contrastes puissants : une rose noire symbole de myst\u00e8re et d\u2019\u00e9ternit\u00e9, et un os de sanglier teint\u00e9 de rouge, \u00e9cho \u00e0 la [&hellip;]<\/p>\n","protected":false},"author":1,"featured_media":2443,"parent":117,"menu_order":0,"comment_status":"closed","ping_status":"closed","template":"","meta":{"footnotes":""},"class_list":["post-2379","page","type-page","status-publish","has-post-thumbnail","hentry"],"_links":{"self":[{"href":"https:\/\/adopteuncrane.fr\/index.php?rest_route=\/wp\/v2\/pages\/2379","targetHints":{"allow":["GET"]}}],"collection":[{"href":"https:\/\/adopteuncrane.fr\/index.php?rest_route=\/wp\/v2\/pages"}],"about":[{"href":"https:\/\/adopteuncrane.fr\/index.php?rest_route=\/wp\/v2\/types\/page"}],"author":[{"embeddable":true,"href":"https:\/\/adopteuncrane.fr\/index.php?rest_route=\/wp\/v2\/users\/1"}],"replies":[{"embeddable":true,"href":"https:\/\/adopteuncrane.fr\/index.php?rest_route=%2Fwp%2Fv2%2Fcomments&post=2379"}],"version-history":[{"count":11,"href":"https:\/\/adopteuncrane.fr\/index.php?rest_route=\/wp\/v2\/pages\/2379\/revisions"}],"predecessor-version":[{"id":2848,"href":"https:\/\/adopteuncrane.fr\/index.php?rest_route=\/wp\/v2\/pages\/2379\/revisions\/2848"}],"up":[{"embeddable":true,"href":"https:\/\/adopteuncrane.fr\/index.php?rest_route=\/wp\/v2\/pages\/117"}],"wp:featuredmedia":[{"embeddable":true,"href":"https:\/\/adopteuncrane.fr\/index.php?rest_route=\/wp\/v2\/media\/2443"}],"wp:attachment":[{"href":"https:\/\/adopteuncrane.fr\/index.php?rest_route=%2Fwp%2Fv2%2Fmedia&parent=2379"}],"curies":[{"name":"wp","href":"https:\/\/api.w.org\/{rel}","templated":true}]}}