{"id":229,"date":"2025-10-10T18:01:31","date_gmt":"2025-10-10T18:01:31","guid":{"rendered":"http:\/\/adopteuncrane.fr\/?page_id=229"},"modified":"2025-11-25T17:16:45","modified_gmt":"2025-11-25T17:16:45","slug":"foxbox","status":"publish","type":"page","link":"https:\/\/adopteuncrane.fr\/?page_id=229","title":{"rendered":"Foxbox"},"content":{"rendered":"\n<p class=\"has-text-align-right has-custom-color-4-color has-text-color has-link-color has-small-font-size wp-elements-b580de31ef25cde3bd227450820e53c5\"><a href=\"http:\/\/adopteuncrane.fr\/?page_id=117\" data-type=\"page\" data-id=\"117\"><\/a><a href=\"http:\/\/adopteuncrane.fr\/?page_id=117\" data-type=\"page\" data-id=\"117\">&lt;&lt;bestiaire&lt;fantasmagorik<\/a><\/p>\n\n\n\n<div class=\"wp-block-columns is-layout-flex wp-container-core-columns-is-layout-28f84493 wp-block-columns-is-layout-flex\" style=\"border-radius:35px\">\n<div class=\"wp-block-column is-vertically-aligned-top is-layout-flow wp-block-column-is-layout-flow\" style=\"flex-basis:50%\">\n<p class=\"has-text-align-center has-x-large-font-size\">\ud835\udd09\ud835\udd2c\ud835\udd35\ud835\udd1f\ud835\udd2c\ud835\udd35<\/p>\n\n\n\n<p class=\"has-text-align-right has-small-font-size\">Cr\u00e2ne de renard pr\u00e9sent\u00e9 dans une shadow box gothique. Une cr\u00e9ation artisanale m\u00ealant nature et myst\u00e8re, parfaite pour enrichir un cabinet de curiosit\u00e9s ou une d\u00e9coration d\u2019inspiration sombre et \u00e9l\u00e9gante.<\/p>\n\n\n\n<p class=\"has-text-align-right has-small-font-size\">4 couleurs au choix:Rouge \/ <s>Noir<\/s> \/ Rose \/ <s>Chocolat<\/s><br>Possibilit\u00e9 de r\u00e9alisation sur commande<\/p>\n\n\n\n<p class=\"has-text-align-center has-large-font-size\">\/\/<\/p>\n\n\n\n<p class=\"has-text-align-right has-text-color has-link-color has-small-font-size wp-elements-ef6f5b097eb3c921861fdc0d4eb17858\" style=\"color:#cccccc\">Fox skull displayed in a gothic-style shadow box. A handcrafted creation blending nature and mystery, perfect for enhancing a cabinet of curiosities or a dark, elegant-inspired decor.<br><\/p>\n\n\n\n<p class=\"has-text-align-right has-text-color has-link-color has-small-font-size wp-elements-9693d80b0310474b276121e2c9b71ed0\" style=\"color:#cccccc\">Available in 4 colors: Red \/ <s>Black<\/s> \/ Pink \/ <s>Chocolate<\/s><br>Custom orders possible<\/p>\n\n\n\n<div style=\"height:10px\" aria-hidden=\"true\" class=\"wp-block-spacer\"><\/div>\n\n\n\n<p class=\"has-text-align-center has-medium-font-size\">EUR 60.00<\/p>\n<\/div>\n\n\n\n<div class=\"wp-block-column is-vertically-aligned-center has-custom-color-2-background-color has-background is-layout-flow wp-block-column-is-layout-flow\" style=\"border-style:none;border-width:0px;padding-top:var(--wp--preset--spacing--20);padding-right:var(--wp--preset--spacing--20);padding-bottom:var(--wp--preset--spacing--20);padding-left:var(--wp--preset--spacing--20);flex-basis:60%\">\n<figure class=\"wp-block-gallery has-nested-images columns-default is-cropped wp-block-gallery-1 is-layout-flex wp-block-gallery-is-layout-flex\">\n<figure data-wp-context=\"{&quot;imageId&quot;:&quot;69d3d51fb745f&quot;}\" data-wp-interactive=\"core\/image\" data-wp-key=\"69d3d51fb745f\" class=\"wp-block-image size-large hvr-grow-shadow wp-lightbox-container\"><img loading=\"lazy\" decoding=\"async\" width=\"650\" height=\"867\" data-wp-class--hide=\"state.isContentHidden\" data-wp-class--show=\"state.isContentVisible\" data-wp-init=\"callbacks.setButtonStyles\" data-wp-on--click=\"actions.showLightbox\" data-wp-on--load=\"callbacks.setButtonStyles\" data-wp-on-window--resize=\"callbacks.setButtonStyles\" data-id=\"1879\" src=\"http:\/\/adopteuncrane.fr\/wp-content\/uploads\/2025\/11\/fox1.jpg\" alt=\"\" class=\"wp-image-1879\" srcset=\"https:\/\/adopteuncrane.fr\/wp-content\/uploads\/2025\/11\/fox1.jpg 650w, https:\/\/adopteuncrane.fr\/wp-content\/uploads\/2025\/11\/fox1-225x300.jpg 225w, https:\/\/adopteuncrane.fr\/wp-content\/uploads\/2025\/11\/fox1-100x133.jpg 100w\" sizes=\"auto, (max-width: 650px) 100vw, 650px\" \/><button\n\t\t\tclass=\"lightbox-trigger\"\n\t\t\ttype=\"button\"\n\t\t\taria-haspopup=\"dialog\"\n\t\t\taria-label=\"Agrandir\"\n\t\t\tdata-wp-init=\"callbacks.initTriggerButton\"\n\t\t\tdata-wp-on--click=\"actions.showLightbox\"\n\t\t\tdata-wp-style--right=\"state.imageButtonRight\"\n\t\t\tdata-wp-style--top=\"state.imageButtonTop\"\n\t\t>\n\t\t\t<svg xmlns=\"http:\/\/www.w3.org\/2000\/svg\" width=\"12\" height=\"12\" fill=\"none\" viewBox=\"0 0 12 12\">\n\t\t\t\t<path fill=\"#fff\" d=\"M2 0a2 2 0 0 0-2 2v2h1.5V2a.5.5 0 0 1 .5-.5h2V0H2Zm2 10.5H2a.5.5 0 0 1-.5-.5V8H0v2a2 2 0 0 0 2 2h2v-1.5ZM8 12v-1.5h2a.5.5 0 0 0 .5-.5V8H12v2a2 2 0 0 1-2 2H8Zm2-12a2 2 0 0 1 2 2v2h-1.5V2a.5.5 0 0 0-.5-.5H8V0h2Z\" \/>\n\t\t\t<\/svg>\n\t\t<\/button><\/figure>\n\n\n\n<figure data-wp-context=\"{&quot;imageId&quot;:&quot;69d3d51fb7801&quot;}\" data-wp-interactive=\"core\/image\" data-wp-key=\"69d3d51fb7801\" class=\"wp-block-image size-large hvr-grow-shadow wp-lightbox-container\"><img loading=\"lazy\" decoding=\"async\" width=\"650\" height=\"867\" data-wp-class--hide=\"state.isContentHidden\" data-wp-class--show=\"state.isContentVisible\" data-wp-init=\"callbacks.setButtonStyles\" data-wp-on--click=\"actions.showLightbox\" data-wp-on--load=\"callbacks.setButtonStyles\" data-wp-on-window--resize=\"callbacks.setButtonStyles\" data-id=\"1878\" src=\"http:\/\/adopteuncrane.fr\/wp-content\/uploads\/2025\/11\/fox2.jpg\" alt=\"\" class=\"wp-image-1878\" srcset=\"https:\/\/adopteuncrane.fr\/wp-content\/uploads\/2025\/11\/fox2.jpg 650w, https:\/\/adopteuncrane.fr\/wp-content\/uploads\/2025\/11\/fox2-225x300.jpg 225w, https:\/\/adopteuncrane.fr\/wp-content\/uploads\/2025\/11\/fox2-100x133.jpg 100w\" sizes=\"auto, (max-width: 650px) 100vw, 650px\" \/><button\n\t\t\tclass=\"lightbox-trigger\"\n\t\t\ttype=\"button\"\n\t\t\taria-haspopup=\"dialog\"\n\t\t\taria-label=\"Agrandir\"\n\t\t\tdata-wp-init=\"callbacks.initTriggerButton\"\n\t\t\tdata-wp-on--click=\"actions.showLightbox\"\n\t\t\tdata-wp-style--right=\"state.imageButtonRight\"\n\t\t\tdata-wp-style--top=\"state.imageButtonTop\"\n\t\t>\n\t\t\t<svg xmlns=\"http:\/\/www.w3.org\/2000\/svg\" width=\"12\" height=\"12\" fill=\"none\" viewBox=\"0 0 12 12\">\n\t\t\t\t<path fill=\"#fff\" d=\"M2 0a2 2 0 0 0-2 2v2h1.5V2a.5.5 0 0 1 .5-.5h2V0H2Zm2 10.5H2a.5.5 0 0 1-.5-.5V8H0v2a2 2 0 0 0 2 2h2v-1.5ZM8 12v-1.5h2a.5.5 0 0 0 .5-.5V8H12v2a2 2 0 0 1-2 2H8Zm2-12a2 2 0 0 1 2 2v2h-1.5V2a.5.5 0 0 0-.5-.5H8V0h2Z\" \/>\n\t\t\t<\/svg>\n\t\t<\/button><\/figure>\n\n\n\n<figure data-wp-context=\"{&quot;imageId&quot;:&quot;69d3d51fb7b2e&quot;}\" data-wp-interactive=\"core\/image\" data-wp-key=\"69d3d51fb7b2e\" class=\"wp-block-image size-large hvr-grow-shadow wp-lightbox-container\"><img loading=\"lazy\" decoding=\"async\" width=\"650\" height=\"867\" data-wp-class--hide=\"state.isContentHidden\" data-wp-class--show=\"state.isContentVisible\" data-wp-init=\"callbacks.setButtonStyles\" data-wp-on--click=\"actions.showLightbox\" data-wp-on--load=\"callbacks.setButtonStyles\" data-wp-on-window--resize=\"callbacks.setButtonStyles\" data-id=\"1880\" src=\"http:\/\/adopteuncrane.fr\/wp-content\/uploads\/2025\/11\/fox3.jpg\" alt=\"\" class=\"wp-image-1880\" srcset=\"https:\/\/adopteuncrane.fr\/wp-content\/uploads\/2025\/11\/fox3.jpg 650w, https:\/\/adopteuncrane.fr\/wp-content\/uploads\/2025\/11\/fox3-225x300.jpg 225w, https:\/\/adopteuncrane.fr\/wp-content\/uploads\/2025\/11\/fox3-100x133.jpg 100w\" sizes=\"auto, (max-width: 650px) 100vw, 650px\" \/><button\n\t\t\tclass=\"lightbox-trigger\"\n\t\t\ttype=\"button\"\n\t\t\taria-haspopup=\"dialog\"\n\t\t\taria-label=\"Agrandir\"\n\t\t\tdata-wp-init=\"callbacks.initTriggerButton\"\n\t\t\tdata-wp-on--click=\"actions.showLightbox\"\n\t\t\tdata-wp-style--right=\"state.imageButtonRight\"\n\t\t\tdata-wp-style--top=\"state.imageButtonTop\"\n\t\t>\n\t\t\t<svg xmlns=\"http:\/\/www.w3.org\/2000\/svg\" width=\"12\" height=\"12\" fill=\"none\" viewBox=\"0 0 12 12\">\n\t\t\t\t<path fill=\"#fff\" d=\"M2 0a2 2 0 0 0-2 2v2h1.5V2a.5.5 0 0 1 .5-.5h2V0H2Zm2 10.5H2a.5.5 0 0 1-.5-.5V8H0v2a2 2 0 0 0 2 2h2v-1.5ZM8 12v-1.5h2a.5.5 0 0 0 .5-.5V8H12v2a2 2 0 0 1-2 2H8Zm2-12a2 2 0 0 1 2 2v2h-1.5V2a.5.5 0 0 0-.5-.5H8V0h2Z\" \/>\n\t\t\t<\/svg>\n\t\t<\/button><\/figure>\n\n\n\n<figure data-wp-context=\"{&quot;imageId&quot;:&quot;69d3d51fb7e36&quot;}\" data-wp-interactive=\"core\/image\" data-wp-key=\"69d3d51fb7e36\" class=\"wp-block-image size-large hvr-grow-shadow wp-lightbox-container\"><img loading=\"lazy\" decoding=\"async\" width=\"650\" height=\"867\" data-wp-class--hide=\"state.isContentHidden\" data-wp-class--show=\"state.isContentVisible\" data-wp-init=\"callbacks.setButtonStyles\" data-wp-on--click=\"actions.showLightbox\" data-wp-on--load=\"callbacks.setButtonStyles\" data-wp-on-window--resize=\"callbacks.setButtonStyles\" data-id=\"1881\" src=\"http:\/\/adopteuncrane.fr\/wp-content\/uploads\/2025\/11\/fox4.jpg\" alt=\"\" class=\"wp-image-1881\" srcset=\"https:\/\/adopteuncrane.fr\/wp-content\/uploads\/2025\/11\/fox4.jpg 650w, https:\/\/adopteuncrane.fr\/wp-content\/uploads\/2025\/11\/fox4-225x300.jpg 225w, https:\/\/adopteuncrane.fr\/wp-content\/uploads\/2025\/11\/fox4-100x133.jpg 100w\" sizes=\"auto, (max-width: 650px) 100vw, 650px\" \/><button\n\t\t\tclass=\"lightbox-trigger\"\n\t\t\ttype=\"button\"\n\t\t\taria-haspopup=\"dialog\"\n\t\t\taria-label=\"Agrandir\"\n\t\t\tdata-wp-init=\"callbacks.initTriggerButton\"\n\t\t\tdata-wp-on--click=\"actions.showLightbox\"\n\t\t\tdata-wp-style--right=\"state.imageButtonRight\"\n\t\t\tdata-wp-style--top=\"state.imageButtonTop\"\n\t\t>\n\t\t\t<svg xmlns=\"http:\/\/www.w3.org\/2000\/svg\" width=\"12\" height=\"12\" fill=\"none\" viewBox=\"0 0 12 12\">\n\t\t\t\t<path fill=\"#fff\" d=\"M2 0a2 2 0 0 0-2 2v2h1.5V2a.5.5 0 0 1 .5-.5h2V0H2Zm2 10.5H2a.5.5 0 0 1-.5-.5V8H0v2a2 2 0 0 0 2 2h2v-1.5ZM8 12v-1.5h2a.5.5 0 0 0 .5-.5V8H12v2a2 2 0 0 1-2 2H8Zm2-12a2 2 0 0 1 2 2v2h-1.5V2a.5.5 0 0 0-.5-.5H8V0h2Z\" \/>\n\t\t\t<\/svg>\n\t\t<\/button><\/figure>\n<\/figure>\n<\/div>\n<\/div>\n\n\n\n<p class=\"has-text-align-right has-custom-color-4-color has-text-color has-link-color has-small-font-size wp-elements-b580de31ef25cde3bd227450820e53c5\"><a href=\"http:\/\/adopteuncrane.fr\/?page_id=117\" data-type=\"page\" data-id=\"117\"><\/a><a href=\"http:\/\/adopteuncrane.fr\/?page_id=117\" data-type=\"page\" data-id=\"117\">&lt;&lt;bestiaire&lt;fantasmagorik<\/a><\/p>\n\n\n\n<figure class=\"wp-block-image aligncenter size-large wp-duotone-rgb000-rgb25500-2\"><img loading=\"lazy\" decoding=\"async\" width=\"1024\" height=\"1\" src=\"http:\/\/adopteuncrane.fr\/wp-content\/uploads\/2025\/10\/ligne-1024x1.png\" alt=\"\" class=\"wp-image-1444\" srcset=\"https:\/\/adopteuncrane.fr\/wp-content\/uploads\/2025\/10\/ligne-1024x1.png 1024w, https:\/\/adopteuncrane.fr\/wp-content\/uploads\/2025\/10\/ligne-300x1.png 300w, https:\/\/adopteuncrane.fr\/wp-content\/uploads\/2025\/10\/ligne-150x2.png 150w, https:\/\/adopteuncrane.fr\/wp-content\/uploads\/2025\/10\/ligne-768x1.png 768w, https:\/\/adopteuncrane.fr\/wp-content\/uploads\/2025\/10\/ligne-600x2.png 600w, https:\/\/adopteuncrane.fr\/wp-content\/uploads\/2025\/10\/ligne-100x1.png 100w, https:\/\/adopteuncrane.fr\/wp-content\/uploads\/2025\/10\/ligne-1536x2.png 1536w, https:\/\/adopteuncrane.fr\/wp-content\/uploads\/2025\/10\/ligne.png 1920w\" sizes=\"auto, (max-width: 1024px) 100vw, 1024px\" \/><\/figure>\n","protected":false},"excerpt":{"rendered":"<p>&lt;&lt;bestiaire&lt;fantasmagorik \ud835\udd09\ud835\udd2c\ud835\udd35\ud835\udd1f\ud835\udd2c\ud835\udd35 Cr\u00e2ne de renard pr\u00e9sent\u00e9 dans une shadow box gothique. Une cr\u00e9ation artisanale m\u00ealant nature et myst\u00e8re, parfaite pour enrichir un cabinet de curiosit\u00e9s ou une d\u00e9coration d\u2019inspiration sombre et \u00e9l\u00e9gante. 4 couleurs au choix:Rouge \/ Noir \/ Rose \/ ChocolatPossibilit\u00e9 de r\u00e9alisation sur commande \/\/ Fox skull displayed in a gothic-style shadow box. [&hellip;]<\/p>\n","protected":false},"author":1,"featured_media":2443,"parent":117,"menu_order":1,"comment_status":"open","ping_status":"closed","template":"","meta":{"footnotes":""},"class_list":["post-229","page","type-page","status-publish","has-post-thumbnail","hentry"],"_links":{"self":[{"href":"https:\/\/adopteuncrane.fr\/index.php?rest_route=\/wp\/v2\/pages\/229","targetHints":{"allow":["GET"]}}],"collection":[{"href":"https:\/\/adopteuncrane.fr\/index.php?rest_route=\/wp\/v2\/pages"}],"about":[{"href":"https:\/\/adopteuncrane.fr\/index.php?rest_route=\/wp\/v2\/types\/page"}],"author":[{"embeddable":true,"href":"https:\/\/adopteuncrane.fr\/index.php?rest_route=\/wp\/v2\/users\/1"}],"replies":[{"embeddable":true,"href":"https:\/\/adopteuncrane.fr\/index.php?rest_route=%2Fwp%2Fv2%2Fcomments&post=229"}],"version-history":[{"count":39,"href":"https:\/\/adopteuncrane.fr\/index.php?rest_route=\/wp\/v2\/pages\/229\/revisions"}],"predecessor-version":[{"id":2582,"href":"https:\/\/adopteuncrane.fr\/index.php?rest_route=\/wp\/v2\/pages\/229\/revisions\/2582"}],"up":[{"embeddable":true,"href":"https:\/\/adopteuncrane.fr\/index.php?rest_route=\/wp\/v2\/pages\/117"}],"wp:featuredmedia":[{"embeddable":true,"href":"https:\/\/adopteuncrane.fr\/index.php?rest_route=\/wp\/v2\/media\/2443"}],"wp:attachment":[{"href":"https:\/\/adopteuncrane.fr\/index.php?rest_route=%2Fwp%2Fv2%2Fmedia&parent=229"}],"curies":[{"name":"wp","href":"https:\/\/api.w.org\/{rel}","templated":true}]}}