{"id":2261,"date":"2025-11-08T16:52:19","date_gmt":"2025-11-08T16:52:19","guid":{"rendered":"http:\/\/adopteuncrane.fr\/?page_id=2261"},"modified":"2026-02-14T16:39:24","modified_gmt":"2026-02-14T16:39:24","slug":"2261-2","status":"publish","type":"page","link":"https:\/\/adopteuncrane.fr\/?page_id=2261","title":{"rendered":"Altyr"},"content":{"rendered":"\n<p class=\"has-text-align-right has-small-font-size\"><a href=\"http:\/\/adopteuncrane.fr\/?page_id=384\" data-type=\"page\" data-id=\"384\">&lt;&lt;bestiaire&lt;Rituel<\/a><\/p>\n\n\n\n<div class=\"wp-block-columns has-small-font-size is-layout-flex wp-container-core-columns-is-layout-28f84493 wp-block-columns-is-layout-flex\">\n<div class=\"wp-block-column is-vertically-aligned-top is-layout-flow wp-block-column-is-layout-flow\" style=\"flex-basis:50%\">\n<p class=\"has-text-align-center has-medium-font-size\">\u2c63\u024d\u00f8\u0167\u0247\u023c\u0167\u0247\u1d7e\u024d&nbsp;: \u023a\u0141\u0166\u00dd\u024c<br>Le gardien de la justice et des \u00e2mes<\/p>\n\n\n\n<p class=\"has-text-align-right has-small-font-size\">\u00ab\u00a0Mon sang parle de justice, mon coeur de sacrifice\u00a0\u00bb<br>Cette combinaison de la rune Algiz (\u16c9)  et de Tiwaz\/Tyr (\u16cf) incarne la figure du d\u00e9fenseur sacr\u00e9. Celui qui prot\u00e8ge par honneur et qui se bat par foi.<\/p>\n\n\n\n<p class=\"has-text-align-right has-small-font-size\">Authentique cr\u00e2ne de chevreuil sur son socle.<br><\/p>\n\n\n\n<p class=\"has-text-align-center has-large-font-size\">\/\/<\/p>\n\n\n\n<p class=\"has-text-align-right has-text-color has-link-color has-small-font-size wp-elements-63dc10d8e31fcff4187f9e38fadc9cb0\" style=\"color:#cccccc\">\u00ab\u00a0My blood speaks of justice, my heart of sacrifice\u00a0\u00bb<br>This combination of the Algiz (\u16c9) and Tiwaz\/Tyr (\u16cf) runes embodies the figure of the sacred defender. One who protects out of honor and fights out of faith.<\/p>\n\n\n\n<p class=\"has-text-align-right has-text-color has-link-color has-small-font-size wp-elements-0b8b08a88adbdc8b49986393635a1054\" style=\"color:#cccccc\">Authentic deer skull on its stand.<\/p>\n\n\n\n<div style=\"height:10px\" aria-hidden=\"true\" class=\"wp-block-spacer\"><\/div>\n\n\n\n<p class=\"has-text-align-center has-medium-font-size\">EUR 45.00<\/p>\n<\/div>\n\n\n\n<div class=\"wp-block-column is-vertically-aligned-center has-small-font-size is-layout-flow wp-block-column-is-layout-flow\" style=\"padding-top:var(--wp--preset--spacing--20);padding-right:var(--wp--preset--spacing--20);padding-bottom:var(--wp--preset--spacing--20);padding-left:var(--wp--preset--spacing--20);flex-basis:60%\">\n<figure class=\"wp-block-gallery has-nested-images columns-default is-cropped wp-block-gallery-1 is-layout-flex wp-block-gallery-is-layout-flex\">\n<figure data-wp-context=\"{&quot;imageId&quot;:&quot;69d3d73777cf8&quot;}\" data-wp-interactive=\"core\/image\" data-wp-key=\"69d3d73777cf8\" class=\"wp-block-image size-large hvr-grow-shadow wp-lightbox-container\"><img loading=\"lazy\" decoding=\"async\" width=\"600\" height=\"800\" data-wp-class--hide=\"state.isContentHidden\" data-wp-class--show=\"state.isContentVisible\" data-wp-init=\"callbacks.setButtonStyles\" data-wp-on--click=\"actions.showLightbox\" data-wp-on--load=\"callbacks.setButtonStyles\" data-wp-on-window--resize=\"callbacks.setButtonStyles\" data-id=\"2266\" src=\"http:\/\/adopteuncrane.fr\/wp-content\/uploads\/2025\/11\/altyr3.png\" alt=\"\" class=\"wp-image-2266\" srcset=\"https:\/\/adopteuncrane.fr\/wp-content\/uploads\/2025\/11\/altyr3.png 600w, https:\/\/adopteuncrane.fr\/wp-content\/uploads\/2025\/11\/altyr3-225x300.png 225w, https:\/\/adopteuncrane.fr\/wp-content\/uploads\/2025\/11\/altyr3-100x133.png 100w\" sizes=\"auto, (max-width: 600px) 100vw, 600px\" \/><button\n\t\t\tclass=\"lightbox-trigger\"\n\t\t\ttype=\"button\"\n\t\t\taria-haspopup=\"dialog\"\n\t\t\taria-label=\"Agrandir\"\n\t\t\tdata-wp-init=\"callbacks.initTriggerButton\"\n\t\t\tdata-wp-on--click=\"actions.showLightbox\"\n\t\t\tdata-wp-style--right=\"state.imageButtonRight\"\n\t\t\tdata-wp-style--top=\"state.imageButtonTop\"\n\t\t>\n\t\t\t<svg xmlns=\"http:\/\/www.w3.org\/2000\/svg\" width=\"12\" height=\"12\" fill=\"none\" viewBox=\"0 0 12 12\">\n\t\t\t\t<path fill=\"#fff\" d=\"M2 0a2 2 0 0 0-2 2v2h1.5V2a.5.5 0 0 1 .5-.5h2V0H2Zm2 10.5H2a.5.5 0 0 1-.5-.5V8H0v2a2 2 0 0 0 2 2h2v-1.5ZM8 12v-1.5h2a.5.5 0 0 0 .5-.5V8H12v2a2 2 0 0 1-2 2H8Zm2-12a2 2 0 0 1 2 2v2h-1.5V2a.5.5 0 0 0-.5-.5H8V0h2Z\" \/>\n\t\t\t<\/svg>\n\t\t<\/button><\/figure>\n\n\n\n<figure data-wp-context=\"{&quot;imageId&quot;:&quot;69d3d737772a7&quot;}\" data-wp-interactive=\"core\/image\" data-wp-key=\"69d3d737772a7\" class=\"wp-block-image size-large hvr-grow-shadow wp-lightbox-container\"><img loading=\"lazy\" decoding=\"async\" width=\"600\" height=\"800\" data-wp-class--hide=\"state.isContentHidden\" data-wp-class--show=\"state.isContentVisible\" data-wp-init=\"callbacks.setButtonStyles\" data-wp-on--click=\"actions.showLightbox\" data-wp-on--load=\"callbacks.setButtonStyles\" data-wp-on-window--resize=\"callbacks.setButtonStyles\" data-id=\"2268\" src=\"http:\/\/adopteuncrane.fr\/wp-content\/uploads\/2025\/11\/altyr2.png\" alt=\"\" class=\"wp-image-2268\" srcset=\"https:\/\/adopteuncrane.fr\/wp-content\/uploads\/2025\/11\/altyr2.png 600w, https:\/\/adopteuncrane.fr\/wp-content\/uploads\/2025\/11\/altyr2-225x300.png 225w, https:\/\/adopteuncrane.fr\/wp-content\/uploads\/2025\/11\/altyr2-100x133.png 100w\" sizes=\"auto, (max-width: 600px) 100vw, 600px\" \/><button\n\t\t\tclass=\"lightbox-trigger\"\n\t\t\ttype=\"button\"\n\t\t\taria-haspopup=\"dialog\"\n\t\t\taria-label=\"Agrandir\"\n\t\t\tdata-wp-init=\"callbacks.initTriggerButton\"\n\t\t\tdata-wp-on--click=\"actions.showLightbox\"\n\t\t\tdata-wp-style--right=\"state.imageButtonRight\"\n\t\t\tdata-wp-style--top=\"state.imageButtonTop\"\n\t\t>\n\t\t\t<svg xmlns=\"http:\/\/www.w3.org\/2000\/svg\" width=\"12\" height=\"12\" fill=\"none\" viewBox=\"0 0 12 12\">\n\t\t\t\t<path fill=\"#fff\" d=\"M2 0a2 2 0 0 0-2 2v2h1.5V2a.5.5 0 0 1 .5-.5h2V0H2Zm2 10.5H2a.5.5 0 0 1-.5-.5V8H0v2a2 2 0 0 0 2 2h2v-1.5ZM8 12v-1.5h2a.5.5 0 0 0 .5-.5V8H12v2a2 2 0 0 1-2 2H8Zm2-12a2 2 0 0 1 2 2v2h-1.5V2a.5.5 0 0 0-.5-.5H8V0h2Z\" \/>\n\t\t\t<\/svg>\n\t\t<\/button><\/figure>\n\n\n\n<figure data-wp-context=\"{&quot;imageId&quot;:&quot;69d3d737781af&quot;}\" data-wp-interactive=\"core\/image\" data-wp-key=\"69d3d737781af\" class=\"wp-block-image size-large hvr-grow-shadow wp-lightbox-container\"><img loading=\"lazy\" decoding=\"async\" width=\"600\" height=\"800\" data-wp-class--hide=\"state.isContentHidden\" data-wp-class--show=\"state.isContentVisible\" data-wp-init=\"callbacks.setButtonStyles\" data-wp-on--click=\"actions.showLightbox\" data-wp-on--load=\"callbacks.setButtonStyles\" data-wp-on-window--resize=\"callbacks.setButtonStyles\" data-id=\"2269\" src=\"http:\/\/adopteuncrane.fr\/wp-content\/uploads\/2025\/11\/altyr4.png\" alt=\"\" class=\"wp-image-2269\" srcset=\"https:\/\/adopteuncrane.fr\/wp-content\/uploads\/2025\/11\/altyr4.png 600w, https:\/\/adopteuncrane.fr\/wp-content\/uploads\/2025\/11\/altyr4-225x300.png 225w, https:\/\/adopteuncrane.fr\/wp-content\/uploads\/2025\/11\/altyr4-100x133.png 100w\" sizes=\"auto, (max-width: 600px) 100vw, 600px\" \/><button\n\t\t\tclass=\"lightbox-trigger\"\n\t\t\ttype=\"button\"\n\t\t\taria-haspopup=\"dialog\"\n\t\t\taria-label=\"Agrandir\"\n\t\t\tdata-wp-init=\"callbacks.initTriggerButton\"\n\t\t\tdata-wp-on--click=\"actions.showLightbox\"\n\t\t\tdata-wp-style--right=\"state.imageButtonRight\"\n\t\t\tdata-wp-style--top=\"state.imageButtonTop\"\n\t\t>\n\t\t\t<svg xmlns=\"http:\/\/www.w3.org\/2000\/svg\" width=\"12\" height=\"12\" fill=\"none\" viewBox=\"0 0 12 12\">\n\t\t\t\t<path fill=\"#fff\" d=\"M2 0a2 2 0 0 0-2 2v2h1.5V2a.5.5 0 0 1 .5-.5h2V0H2Zm2 10.5H2a.5.5 0 0 1-.5-.5V8H0v2a2 2 0 0 0 2 2h2v-1.5ZM8 12v-1.5h2a.5.5 0 0 0 .5-.5V8H12v2a2 2 0 0 1-2 2H8Zm2-12a2 2 0 0 1 2 2v2h-1.5V2a.5.5 0 0 0-.5-.5H8V0h2Z\" \/>\n\t\t\t<\/svg>\n\t\t<\/button><\/figure>\n\n\n\n<figure data-wp-context=\"{&quot;imageId&quot;:&quot;69d3d7377866a&quot;}\" data-wp-interactive=\"core\/image\" data-wp-key=\"69d3d7377866a\" class=\"wp-block-image size-large hvr-grow-shadow wp-lightbox-container\"><img loading=\"lazy\" decoding=\"async\" width=\"600\" height=\"800\" data-wp-class--hide=\"state.isContentHidden\" data-wp-class--show=\"state.isContentVisible\" data-wp-init=\"callbacks.setButtonStyles\" data-wp-on--click=\"actions.showLightbox\" data-wp-on--load=\"callbacks.setButtonStyles\" data-wp-on-window--resize=\"callbacks.setButtonStyles\" data-id=\"2265\" src=\"http:\/\/adopteuncrane.fr\/wp-content\/uploads\/2025\/11\/altyr5.png\" alt=\"\" class=\"wp-image-2265\" srcset=\"https:\/\/adopteuncrane.fr\/wp-content\/uploads\/2025\/11\/altyr5.png 600w, https:\/\/adopteuncrane.fr\/wp-content\/uploads\/2025\/11\/altyr5-225x300.png 225w, https:\/\/adopteuncrane.fr\/wp-content\/uploads\/2025\/11\/altyr5-100x133.png 100w\" sizes=\"auto, (max-width: 600px) 100vw, 600px\" \/><button\n\t\t\tclass=\"lightbox-trigger\"\n\t\t\ttype=\"button\"\n\t\t\taria-haspopup=\"dialog\"\n\t\t\taria-label=\"Agrandir\"\n\t\t\tdata-wp-init=\"callbacks.initTriggerButton\"\n\t\t\tdata-wp-on--click=\"actions.showLightbox\"\n\t\t\tdata-wp-style--right=\"state.imageButtonRight\"\n\t\t\tdata-wp-style--top=\"state.imageButtonTop\"\n\t\t>\n\t\t\t<svg xmlns=\"http:\/\/www.w3.org\/2000\/svg\" width=\"12\" height=\"12\" fill=\"none\" viewBox=\"0 0 12 12\">\n\t\t\t\t<path fill=\"#fff\" d=\"M2 0a2 2 0 0 0-2 2v2h1.5V2a.5.5 0 0 1 .5-.5h2V0H2Zm2 10.5H2a.5.5 0 0 1-.5-.5V8H0v2a2 2 0 0 0 2 2h2v-1.5ZM8 12v-1.5h2a.5.5 0 0 0 .5-.5V8H12v2a2 2 0 0 1-2 2H8Zm2-12a2 2 0 0 1 2 2v2h-1.5V2a.5.5 0 0 0-.5-.5H8V0h2Z\" \/>\n\t\t\t<\/svg>\n\t\t<\/button><\/figure>\n\n\n\n<figure data-wp-context=\"{&quot;imageId&quot;:&quot;69d3d73777838&quot;}\" data-wp-interactive=\"core\/image\" data-wp-key=\"69d3d73777838\" class=\"wp-block-image size-large hvr-grow-shadow wp-lightbox-container\"><img loading=\"lazy\" decoding=\"async\" width=\"600\" height=\"800\" data-wp-class--hide=\"state.isContentHidden\" data-wp-class--show=\"state.isContentVisible\" data-wp-init=\"callbacks.setButtonStyles\" data-wp-on--click=\"actions.showLightbox\" data-wp-on--load=\"callbacks.setButtonStyles\" data-wp-on-window--resize=\"callbacks.setButtonStyles\" data-id=\"2267\" src=\"http:\/\/adopteuncrane.fr\/wp-content\/uploads\/2025\/11\/altyr1.png\" alt=\"\" class=\"wp-image-2267\" srcset=\"https:\/\/adopteuncrane.fr\/wp-content\/uploads\/2025\/11\/altyr1.png 600w, https:\/\/adopteuncrane.fr\/wp-content\/uploads\/2025\/11\/altyr1-225x300.png 225w, https:\/\/adopteuncrane.fr\/wp-content\/uploads\/2025\/11\/altyr1-100x133.png 100w\" sizes=\"auto, (max-width: 600px) 100vw, 600px\" \/><button\n\t\t\tclass=\"lightbox-trigger\"\n\t\t\ttype=\"button\"\n\t\t\taria-haspopup=\"dialog\"\n\t\t\taria-label=\"Agrandir\"\n\t\t\tdata-wp-init=\"callbacks.initTriggerButton\"\n\t\t\tdata-wp-on--click=\"actions.showLightbox\"\n\t\t\tdata-wp-style--right=\"state.imageButtonRight\"\n\t\t\tdata-wp-style--top=\"state.imageButtonTop\"\n\t\t>\n\t\t\t<svg xmlns=\"http:\/\/www.w3.org\/2000\/svg\" width=\"12\" height=\"12\" fill=\"none\" viewBox=\"0 0 12 12\">\n\t\t\t\t<path fill=\"#fff\" d=\"M2 0a2 2 0 0 0-2 2v2h1.5V2a.5.5 0 0 1 .5-.5h2V0H2Zm2 10.5H2a.5.5 0 0 1-.5-.5V8H0v2a2 2 0 0 0 2 2h2v-1.5ZM8 12v-1.5h2a.5.5 0 0 0 .5-.5V8H12v2a2 2 0 0 1-2 2H8Zm2-12a2 2 0 0 1 2 2v2h-1.5V2a.5.5 0 0 0-.5-.5H8V0h2Z\" \/>\n\t\t\t<\/svg>\n\t\t<\/button><\/figure>\n<\/figure>\n<\/div>\n<\/div>\n\n\n\n<p class=\"has-text-align-right has-small-font-size\"><a href=\"http:\/\/adopteuncrane.fr\/?page_id=384\" data-type=\"page\" data-id=\"384\"><\/a><a href=\"http:\/\/adopteuncrane.fr\/?page_id=384\" data-type=\"page\" data-id=\"384\">&lt;&lt;bestiaire&lt;Rituel<\/a><\/p>\n\n\n\n<figure class=\"wp-block-image aligncenter size-large wp-duotone-rgb255255255-rgb000-2\"><img loading=\"lazy\" decoding=\"async\" width=\"1024\" height=\"1\" src=\"http:\/\/adopteuncrane.fr\/wp-content\/uploads\/2025\/10\/ligne-1024x1.png\" alt=\"\" class=\"wp-image-1444\" srcset=\"https:\/\/adopteuncrane.fr\/wp-content\/uploads\/2025\/10\/ligne-1024x1.png 1024w, https:\/\/adopteuncrane.fr\/wp-content\/uploads\/2025\/10\/ligne-300x1.png 300w, https:\/\/adopteuncrane.fr\/wp-content\/uploads\/2025\/10\/ligne-150x2.png 150w, https:\/\/adopteuncrane.fr\/wp-content\/uploads\/2025\/10\/ligne-768x1.png 768w, https:\/\/adopteuncrane.fr\/wp-content\/uploads\/2025\/10\/ligne-600x2.png 600w, https:\/\/adopteuncrane.fr\/wp-content\/uploads\/2025\/10\/ligne-100x1.png 100w, https:\/\/adopteuncrane.fr\/wp-content\/uploads\/2025\/10\/ligne-1536x2.png 1536w, https:\/\/adopteuncrane.fr\/wp-content\/uploads\/2025\/10\/ligne.png 1920w\" sizes=\"auto, (max-width: 1024px) 100vw, 1024px\" \/><\/figure>\n","protected":false},"excerpt":{"rendered":"<p>&lt;&lt;bestiaire&lt;Rituel \u2c63\u024d\u00f8\u0167\u0247\u023c\u0167\u0247\u1d7e\u024d&nbsp;: \u023a\u0141\u0166\u00dd\u024cLe gardien de la justice et des \u00e2mes \u00ab\u00a0Mon sang parle de justice, mon coeur de sacrifice\u00a0\u00bbCette combinaison de la rune Algiz (\u16c9) et de Tiwaz\/Tyr (\u16cf) incarne la figure du d\u00e9fenseur sacr\u00e9. Celui qui prot\u00e8ge par honneur et qui se bat par foi. Authentique cr\u00e2ne de chevreuil sur son socle. \/\/ \u00ab\u00a0My [&hellip;]<\/p>\n","protected":false},"author":1,"featured_media":2794,"parent":384,"menu_order":0,"comment_status":"closed","ping_status":"closed","template":"","meta":{"footnotes":""},"class_list":["post-2261","page","type-page","status-publish","has-post-thumbnail","hentry"],"_links":{"self":[{"href":"https:\/\/adopteuncrane.fr\/index.php?rest_route=\/wp\/v2\/pages\/2261","targetHints":{"allow":["GET"]}}],"collection":[{"href":"https:\/\/adopteuncrane.fr\/index.php?rest_route=\/wp\/v2\/pages"}],"about":[{"href":"https:\/\/adopteuncrane.fr\/index.php?rest_route=\/wp\/v2\/types\/page"}],"author":[{"embeddable":true,"href":"https:\/\/adopteuncrane.fr\/index.php?rest_route=\/wp\/v2\/users\/1"}],"replies":[{"embeddable":true,"href":"https:\/\/adopteuncrane.fr\/index.php?rest_route=%2Fwp%2Fv2%2Fcomments&post=2261"}],"version-history":[{"count":11,"href":"https:\/\/adopteuncrane.fr\/index.php?rest_route=\/wp\/v2\/pages\/2261\/revisions"}],"predecessor-version":[{"id":2788,"href":"https:\/\/adopteuncrane.fr\/index.php?rest_route=\/wp\/v2\/pages\/2261\/revisions\/2788"}],"up":[{"embeddable":true,"href":"https:\/\/adopteuncrane.fr\/index.php?rest_route=\/wp\/v2\/pages\/384"}],"wp:featuredmedia":[{"embeddable":true,"href":"https:\/\/adopteuncrane.fr\/index.php?rest_route=\/wp\/v2\/media\/2794"}],"wp:attachment":[{"href":"https:\/\/adopteuncrane.fr\/index.php?rest_route=%2Fwp%2Fv2%2Fmedia&parent=2261"}],"curies":[{"name":"wp","href":"https:\/\/api.w.org\/{rel}","templated":true}]}}