{"id":2124,"date":"2025-11-07T20:26:07","date_gmt":"2025-11-07T20:26:07","guid":{"rendered":"http:\/\/adopteuncrane.fr\/?page_id=2124"},"modified":"2025-11-18T11:15:52","modified_gmt":"2025-11-18T11:15:52","slug":"2124-2","status":"publish","type":"page","link":"https:\/\/adopteuncrane.fr\/?page_id=2124","title":{"rendered":"Frost"},"content":{"rendered":"\n<p class=\"has-text-align-right has-contrast-color has-text-color has-link-color has-small-font-size wp-elements-539d6d1580e2541c1a7f5d6f95b11a5e\"><a href=\"http:\/\/adopteuncrane.fr\/?page_id=117\" data-type=\"page\" data-id=\"117\"><\/a><a href=\"http:\/\/adopteuncrane.fr\/?page_id=117\" data-type=\"page\" data-id=\"117\">&lt;&lt;bestiaire&lt;fantasmagorik<\/a><\/p>\n\n\n\n<div class=\"wp-block-columns is-layout-flex wp-container-core-columns-is-layout-28f84493 wp-block-columns-is-layout-flex\">\n<div class=\"wp-block-column is-layout-flow wp-block-column-is-layout-flow\">\n<p class=\"has-text-align-center has-custom-color-4-color has-text-color has-link-color has-x-large-font-size wp-elements-bf1085d12ffda409235357c87fe091ae\">\ud835\udd09\ud835\udd2f\u00f6\ud835\udd30\ud835\udd31<\/p>\n\n\n\n<p class=\"has-text-align-right has-custom-color-4-color has-text-color has-link-color has-small-font-size wp-elements-b3efdd67d753b3ab263ed31c993505dc\">Sous un voile de givre, la beaut\u00e9 se fige.<br>Le cr\u00e2ne de belette, orn\u00e9 de fleurs sombres et de rouge \u00e9clatant, \u00e9voque la vie suspendue entre l\u2019ombre et la lumi\u00e8re.<br>Un hommage glac\u00e9 \u00e0 la fragilit\u00e9 du vivant.<\/p>\n\n\n\n<p class=\"has-text-align-center has-custom-color-4-color has-text-color has-link-color has-large-font-size wp-elements-e6ff96c5baf234871f32b0b12102fb47\">\/\/<\/p>\n\n\n\n<p class=\"has-text-align-right has-custom-color-3-color has-text-color has-link-color has-small-font-size wp-elements-48dea29fb1188802fcddb1a9cc6af191\">Under a veil of frost, beauty freezes. The weasel skull, adorned with dark flowers and vivid red, evokes life suspended between shadow and light. A frosty tribute to the fragility of the living.<\/p>\n\n\n\n<p class=\"has-text-align-center has-custom-color-4-color has-text-color has-link-color has-medium-font-size wp-elements-462b64f0d1910ade2c21235c079dc434\">EUR 60.00<\/p>\n<\/div>\n\n\n\n<div class=\"wp-block-column is-layout-flow wp-block-column-is-layout-flow\">\n<figure class=\"wp-block-gallery has-nested-images columns-default is-cropped wp-block-gallery-1 is-layout-flex wp-block-gallery-is-layout-flex\">\n<figure data-wp-context=\"{&quot;imageId&quot;:&quot;69d3e9d26812c&quot;}\" data-wp-interactive=\"core\/image\" data-wp-key=\"69d3e9d26812c\" class=\"wp-block-image size-large hvr-grow-shadow wp-lightbox-container\"><img loading=\"lazy\" decoding=\"async\" width=\"768\" height=\"1024\" data-wp-class--hide=\"state.isContentHidden\" data-wp-class--show=\"state.isContentVisible\" data-wp-init=\"callbacks.setButtonStyles\" data-wp-on--click=\"actions.showLightbox\" data-wp-on--load=\"callbacks.setButtonStyles\" data-wp-on-window--resize=\"callbacks.setButtonStyles\" data-id=\"2133\" src=\"http:\/\/adopteuncrane.fr\/wp-content\/uploads\/2025\/11\/frost5-768x1024.jpeg\" alt=\"\" class=\"wp-image-2133\" srcset=\"https:\/\/adopteuncrane.fr\/wp-content\/uploads\/2025\/11\/frost5-768x1024.jpeg 768w, https:\/\/adopteuncrane.fr\/wp-content\/uploads\/2025\/11\/frost5-225x300.jpeg 225w, https:\/\/adopteuncrane.fr\/wp-content\/uploads\/2025\/11\/frost5-100x133.jpeg 100w, https:\/\/adopteuncrane.fr\/wp-content\/uploads\/2025\/11\/frost5-1152x1536.jpeg 1152w, https:\/\/adopteuncrane.fr\/wp-content\/uploads\/2025\/11\/frost5.jpeg 1536w\" sizes=\"auto, (max-width: 768px) 100vw, 768px\" \/><button\n\t\t\tclass=\"lightbox-trigger\"\n\t\t\ttype=\"button\"\n\t\t\taria-haspopup=\"dialog\"\n\t\t\taria-label=\"Agrandir\"\n\t\t\tdata-wp-init=\"callbacks.initTriggerButton\"\n\t\t\tdata-wp-on--click=\"actions.showLightbox\"\n\t\t\tdata-wp-style--right=\"state.imageButtonRight\"\n\t\t\tdata-wp-style--top=\"state.imageButtonTop\"\n\t\t>\n\t\t\t<svg xmlns=\"http:\/\/www.w3.org\/2000\/svg\" width=\"12\" height=\"12\" fill=\"none\" viewBox=\"0 0 12 12\">\n\t\t\t\t<path fill=\"#fff\" d=\"M2 0a2 2 0 0 0-2 2v2h1.5V2a.5.5 0 0 1 .5-.5h2V0H2Zm2 10.5H2a.5.5 0 0 1-.5-.5V8H0v2a2 2 0 0 0 2 2h2v-1.5ZM8 12v-1.5h2a.5.5 0 0 0 .5-.5V8H12v2a2 2 0 0 1-2 2H8Zm2-12a2 2 0 0 1 2 2v2h-1.5V2a.5.5 0 0 0-.5-.5H8V0h2Z\" \/>\n\t\t\t<\/svg>\n\t\t<\/button><\/figure>\n\n\n\n<figure data-wp-context=\"{&quot;imageId&quot;:&quot;69d3e9d268762&quot;}\" data-wp-interactive=\"core\/image\" data-wp-key=\"69d3e9d268762\" class=\"wp-block-image size-large hvr-grow-shadow wp-lightbox-container\"><img loading=\"lazy\" decoding=\"async\" width=\"768\" height=\"1024\" data-wp-class--hide=\"state.isContentHidden\" data-wp-class--show=\"state.isContentVisible\" data-wp-init=\"callbacks.setButtonStyles\" data-wp-on--click=\"actions.showLightbox\" data-wp-on--load=\"callbacks.setButtonStyles\" data-wp-on-window--resize=\"callbacks.setButtonStyles\" data-id=\"2168\" src=\"http:\/\/adopteuncrane.fr\/wp-content\/uploads\/2025\/11\/frost3-768x1024.jpeg\" alt=\"\" class=\"wp-image-2168\" srcset=\"https:\/\/adopteuncrane.fr\/wp-content\/uploads\/2025\/11\/frost3-768x1024.jpeg 768w, https:\/\/adopteuncrane.fr\/wp-content\/uploads\/2025\/11\/frost3-225x300.jpeg 225w, https:\/\/adopteuncrane.fr\/wp-content\/uploads\/2025\/11\/frost3-100x133.jpeg 100w, https:\/\/adopteuncrane.fr\/wp-content\/uploads\/2025\/11\/frost3-1152x1536.jpeg 1152w, https:\/\/adopteuncrane.fr\/wp-content\/uploads\/2025\/11\/frost3.jpeg 1536w\" sizes=\"auto, (max-width: 768px) 100vw, 768px\" \/><button\n\t\t\tclass=\"lightbox-trigger\"\n\t\t\ttype=\"button\"\n\t\t\taria-haspopup=\"dialog\"\n\t\t\taria-label=\"Agrandir\"\n\t\t\tdata-wp-init=\"callbacks.initTriggerButton\"\n\t\t\tdata-wp-on--click=\"actions.showLightbox\"\n\t\t\tdata-wp-style--right=\"state.imageButtonRight\"\n\t\t\tdata-wp-style--top=\"state.imageButtonTop\"\n\t\t>\n\t\t\t<svg xmlns=\"http:\/\/www.w3.org\/2000\/svg\" width=\"12\" height=\"12\" fill=\"none\" viewBox=\"0 0 12 12\">\n\t\t\t\t<path fill=\"#fff\" d=\"M2 0a2 2 0 0 0-2 2v2h1.5V2a.5.5 0 0 1 .5-.5h2V0H2Zm2 10.5H2a.5.5 0 0 1-.5-.5V8H0v2a2 2 0 0 0 2 2h2v-1.5ZM8 12v-1.5h2a.5.5 0 0 0 .5-.5V8H12v2a2 2 0 0 1-2 2H8Zm2-12a2 2 0 0 1 2 2v2h-1.5V2a.5.5 0 0 0-.5-.5H8V0h2Z\" \/>\n\t\t\t<\/svg>\n\t\t<\/button><\/figure>\n\n\n\n<figure data-wp-context=\"{&quot;imageId&quot;:&quot;69d3e9d268b8b&quot;}\" data-wp-interactive=\"core\/image\" data-wp-key=\"69d3e9d268b8b\" class=\"wp-block-image size-large hvr-grow-shadow wp-lightbox-container\"><img loading=\"lazy\" decoding=\"async\" width=\"1536\" height=\"2048\" data-wp-class--hide=\"state.isContentHidden\" data-wp-class--show=\"state.isContentVisible\" data-wp-init=\"callbacks.setButtonStyles\" data-wp-on--click=\"actions.showLightbox\" data-wp-on--load=\"callbacks.setButtonStyles\" data-wp-on-window--resize=\"callbacks.setButtonStyles\" data-id=\"2129\" src=\"http:\/\/adopteuncrane.fr\/wp-content\/uploads\/2025\/11\/frost1.jpeg\" alt=\"\" class=\"wp-image-2129\" srcset=\"https:\/\/adopteuncrane.fr\/wp-content\/uploads\/2025\/11\/frost1.jpeg 1536w, https:\/\/adopteuncrane.fr\/wp-content\/uploads\/2025\/11\/frost1-225x300.jpeg 225w\" sizes=\"auto, (max-width: 1536px) 100vw, 1536px\" \/><button\n\t\t\tclass=\"lightbox-trigger\"\n\t\t\ttype=\"button\"\n\t\t\taria-haspopup=\"dialog\"\n\t\t\taria-label=\"Agrandir\"\n\t\t\tdata-wp-init=\"callbacks.initTriggerButton\"\n\t\t\tdata-wp-on--click=\"actions.showLightbox\"\n\t\t\tdata-wp-style--right=\"state.imageButtonRight\"\n\t\t\tdata-wp-style--top=\"state.imageButtonTop\"\n\t\t>\n\t\t\t<svg xmlns=\"http:\/\/www.w3.org\/2000\/svg\" width=\"12\" height=\"12\" fill=\"none\" viewBox=\"0 0 12 12\">\n\t\t\t\t<path fill=\"#fff\" d=\"M2 0a2 2 0 0 0-2 2v2h1.5V2a.5.5 0 0 1 .5-.5h2V0H2Zm2 10.5H2a.5.5 0 0 1-.5-.5V8H0v2a2 2 0 0 0 2 2h2v-1.5ZM8 12v-1.5h2a.5.5 0 0 0 .5-.5V8H12v2a2 2 0 0 1-2 2H8Zm2-12a2 2 0 0 1 2 2v2h-1.5V2a.5.5 0 0 0-.5-.5H8V0h2Z\" \/>\n\t\t\t<\/svg>\n\t\t<\/button><\/figure>\n\n\n\n<figure data-wp-context=\"{&quot;imageId&quot;:&quot;69d3e9d268fac&quot;}\" data-wp-interactive=\"core\/image\" data-wp-key=\"69d3e9d268fac\" class=\"wp-block-image size-large hvr-grow-shadow wp-lightbox-container\"><img loading=\"lazy\" decoding=\"async\" width=\"768\" height=\"1024\" data-wp-class--hide=\"state.isContentHidden\" data-wp-class--show=\"state.isContentVisible\" data-wp-init=\"callbacks.setButtonStyles\" data-wp-on--click=\"actions.showLightbox\" data-wp-on--load=\"callbacks.setButtonStyles\" data-wp-on-window--resize=\"callbacks.setButtonStyles\" data-id=\"2131\" src=\"http:\/\/adopteuncrane.fr\/wp-content\/uploads\/2025\/11\/frost4-768x1024.jpeg\" alt=\"\" class=\"wp-image-2131\" srcset=\"https:\/\/adopteuncrane.fr\/wp-content\/uploads\/2025\/11\/frost4-768x1024.jpeg 768w, https:\/\/adopteuncrane.fr\/wp-content\/uploads\/2025\/11\/frost4-225x300.jpeg 225w, https:\/\/adopteuncrane.fr\/wp-content\/uploads\/2025\/11\/frost4-100x133.jpeg 100w, https:\/\/adopteuncrane.fr\/wp-content\/uploads\/2025\/11\/frost4-1152x1536.jpeg 1152w, https:\/\/adopteuncrane.fr\/wp-content\/uploads\/2025\/11\/frost4.jpeg 1536w\" sizes=\"auto, (max-width: 768px) 100vw, 768px\" \/><button\n\t\t\tclass=\"lightbox-trigger\"\n\t\t\ttype=\"button\"\n\t\t\taria-haspopup=\"dialog\"\n\t\t\taria-label=\"Agrandir\"\n\t\t\tdata-wp-init=\"callbacks.initTriggerButton\"\n\t\t\tdata-wp-on--click=\"actions.showLightbox\"\n\t\t\tdata-wp-style--right=\"state.imageButtonRight\"\n\t\t\tdata-wp-style--top=\"state.imageButtonTop\"\n\t\t>\n\t\t\t<svg xmlns=\"http:\/\/www.w3.org\/2000\/svg\" width=\"12\" height=\"12\" fill=\"none\" viewBox=\"0 0 12 12\">\n\t\t\t\t<path fill=\"#fff\" d=\"M2 0a2 2 0 0 0-2 2v2h1.5V2a.5.5 0 0 1 .5-.5h2V0H2Zm2 10.5H2a.5.5 0 0 1-.5-.5V8H0v2a2 2 0 0 0 2 2h2v-1.5ZM8 12v-1.5h2a.5.5 0 0 0 .5-.5V8H12v2a2 2 0 0 1-2 2H8Zm2-12a2 2 0 0 1 2 2v2h-1.5V2a.5.5 0 0 0-.5-.5H8V0h2Z\" \/>\n\t\t\t<\/svg>\n\t\t<\/button><\/figure>\n\n\n\n<figure data-wp-context=\"{&quot;imageId&quot;:&quot;69d3e9d26979e&quot;}\" data-wp-interactive=\"core\/image\" data-wp-key=\"69d3e9d26979e\" class=\"wp-block-image size-large hvr-grow-shadow wp-lightbox-container\"><img loading=\"lazy\" decoding=\"async\" width=\"768\" height=\"1024\" data-wp-class--hide=\"state.isContentHidden\" data-wp-class--show=\"state.isContentVisible\" data-wp-init=\"callbacks.setButtonStyles\" data-wp-on--click=\"actions.showLightbox\" data-wp-on--load=\"callbacks.setButtonStyles\" data-wp-on-window--resize=\"callbacks.setButtonStyles\" data-id=\"2141\" src=\"http:\/\/adopteuncrane.fr\/wp-content\/uploads\/2025\/11\/frost2-1-768x1024.jpeg\" alt=\"\" class=\"wp-image-2141\" srcset=\"https:\/\/adopteuncrane.fr\/wp-content\/uploads\/2025\/11\/frost2-1-768x1024.jpeg 768w, https:\/\/adopteuncrane.fr\/wp-content\/uploads\/2025\/11\/frost2-1-225x300.jpeg 225w, https:\/\/adopteuncrane.fr\/wp-content\/uploads\/2025\/11\/frost2-1-100x133.jpeg 100w, https:\/\/adopteuncrane.fr\/wp-content\/uploads\/2025\/11\/frost2-1-1152x1536.jpeg 1152w, https:\/\/adopteuncrane.fr\/wp-content\/uploads\/2025\/11\/frost2-1.jpeg 1536w\" sizes=\"auto, (max-width: 768px) 100vw, 768px\" \/><button\n\t\t\tclass=\"lightbox-trigger\"\n\t\t\ttype=\"button\"\n\t\t\taria-haspopup=\"dialog\"\n\t\t\taria-label=\"Agrandir\"\n\t\t\tdata-wp-init=\"callbacks.initTriggerButton\"\n\t\t\tdata-wp-on--click=\"actions.showLightbox\"\n\t\t\tdata-wp-style--right=\"state.imageButtonRight\"\n\t\t\tdata-wp-style--top=\"state.imageButtonTop\"\n\t\t>\n\t\t\t<svg xmlns=\"http:\/\/www.w3.org\/2000\/svg\" width=\"12\" height=\"12\" fill=\"none\" viewBox=\"0 0 12 12\">\n\t\t\t\t<path fill=\"#fff\" d=\"M2 0a2 2 0 0 0-2 2v2h1.5V2a.5.5 0 0 1 .5-.5h2V0H2Zm2 10.5H2a.5.5 0 0 1-.5-.5V8H0v2a2 2 0 0 0 2 2h2v-1.5ZM8 12v-1.5h2a.5.5 0 0 0 .5-.5V8H12v2a2 2 0 0 1-2 2H8Zm2-12a2 2 0 0 1 2 2v2h-1.5V2a.5.5 0 0 0-.5-.5H8V0h2Z\" \/>\n\t\t\t<\/svg>\n\t\t<\/button><\/figure>\n<\/figure>\n<\/div>\n<\/div>\n\n\n\n<p class=\"has-text-align-right has-contrast-color has-text-color has-link-color has-small-font-size wp-elements-539d6d1580e2541c1a7f5d6f95b11a5e\"><a href=\"http:\/\/adopteuncrane.fr\/?page_id=117\" data-type=\"page\" data-id=\"117\"><\/a><a href=\"http:\/\/adopteuncrane.fr\/?page_id=117\" data-type=\"page\" data-id=\"117\">&lt;&lt;bestiaire&lt;fantasmagorik<\/a><\/p>\n\n\n\n<figure class=\"wp-block-image aligncenter size-large wp-duotone-rgb000-rgb25500-2\"><img loading=\"lazy\" decoding=\"async\" width=\"1024\" height=\"1\" src=\"http:\/\/adopteuncrane.fr\/wp-content\/uploads\/2025\/10\/ligne-1024x1.png\" alt=\"\" class=\"wp-image-1444\" srcset=\"https:\/\/adopteuncrane.fr\/wp-content\/uploads\/2025\/10\/ligne-1024x1.png 1024w, https:\/\/adopteuncrane.fr\/wp-content\/uploads\/2025\/10\/ligne-300x1.png 300w, https:\/\/adopteuncrane.fr\/wp-content\/uploads\/2025\/10\/ligne-150x2.png 150w, https:\/\/adopteuncrane.fr\/wp-content\/uploads\/2025\/10\/ligne-768x1.png 768w, https:\/\/adopteuncrane.fr\/wp-content\/uploads\/2025\/10\/ligne-600x2.png 600w, https:\/\/adopteuncrane.fr\/wp-content\/uploads\/2025\/10\/ligne-100x1.png 100w, https:\/\/adopteuncrane.fr\/wp-content\/uploads\/2025\/10\/ligne-1536x2.png 1536w, https:\/\/adopteuncrane.fr\/wp-content\/uploads\/2025\/10\/ligne.png 1920w\" sizes=\"auto, (max-width: 1024px) 100vw, 1024px\" \/><\/figure>\n","protected":false},"excerpt":{"rendered":"<p>&lt;&lt;bestiaire&lt;fantasmagorik \ud835\udd09\ud835\udd2f\u00f6\ud835\udd30\ud835\udd31 Sous un voile de givre, la beaut\u00e9 se fige.Le cr\u00e2ne de belette, orn\u00e9 de fleurs sombres et de rouge \u00e9clatant, \u00e9voque la vie suspendue entre l\u2019ombre et la lumi\u00e8re.Un hommage glac\u00e9 \u00e0 la fragilit\u00e9 du vivant. \/\/ Under a veil of frost, beauty freezes. The weasel skull, adorned with dark flowers and vivid [&hellip;]<\/p>\n","protected":false},"author":1,"featured_media":0,"parent":117,"menu_order":0,"comment_status":"closed","ping_status":"closed","template":"","meta":{"footnotes":""},"class_list":["post-2124","page","type-page","status-publish","hentry"],"_links":{"self":[{"href":"https:\/\/adopteuncrane.fr\/index.php?rest_route=\/wp\/v2\/pages\/2124","targetHints":{"allow":["GET"]}}],"collection":[{"href":"https:\/\/adopteuncrane.fr\/index.php?rest_route=\/wp\/v2\/pages"}],"about":[{"href":"https:\/\/adopteuncrane.fr\/index.php?rest_route=\/wp\/v2\/types\/page"}],"author":[{"embeddable":true,"href":"https:\/\/adopteuncrane.fr\/index.php?rest_route=\/wp\/v2\/users\/1"}],"replies":[{"embeddable":true,"href":"https:\/\/adopteuncrane.fr\/index.php?rest_route=%2Fwp%2Fv2%2Fcomments&post=2124"}],"version-history":[{"count":22,"href":"https:\/\/adopteuncrane.fr\/index.php?rest_route=\/wp\/v2\/pages\/2124\/revisions"}],"predecessor-version":[{"id":2586,"href":"https:\/\/adopteuncrane.fr\/index.php?rest_route=\/wp\/v2\/pages\/2124\/revisions\/2586"}],"up":[{"embeddable":true,"href":"https:\/\/adopteuncrane.fr\/index.php?rest_route=\/wp\/v2\/pages\/117"}],"wp:attachment":[{"href":"https:\/\/adopteuncrane.fr\/index.php?rest_route=%2Fwp%2Fv2%2Fmedia&parent=2124"}],"curies":[{"name":"wp","href":"https:\/\/api.w.org\/{rel}","templated":true}]}}