{"id":1216,"date":"2025-10-15T10:37:10","date_gmt":"2025-10-15T10:37:10","guid":{"rendered":"http:\/\/adopteuncrane.fr\/?page_id=1216"},"modified":"2026-03-23T16:37:47","modified_gmt":"2026-03-23T16:37:47","slug":"%f0%9d%94%85%f0%9d%94%ac%f0%9d%94%b2%f0%9d%94%a4%f0%9d%94%a2%f0%9d%94%ac%f0%9d%94%a6%f0%9d%94%af%f0%9d%94%b0","status":"publish","type":"page","link":"https:\/\/adopteuncrane.fr\/?page_id=1216","title":{"rendered":"Bougeoirs"},"content":{"rendered":"\n<p class=\"has-text-align-right has-small-font-size\"><a href=\"http:\/\/adopteuncrane.fr\/?page_id=111\" data-type=\"page\" data-id=\"111\">&lt;&lt;bestiaire<\/a><\/p>\n\n\n\n<div class=\"wp-block-columns are-vertically-aligned-top is-layout-flex wp-container-core-columns-is-layout-28f84493 wp-block-columns-is-layout-flex\">\n<div class=\"wp-block-column is-vertically-aligned-top is-layout-flow wp-block-column-is-layout-flow\" style=\"flex-basis:50%\">\n<p class=\"has-text-align-center has-x-large-font-size\">\ud835\udd05\ud835\udd2c\ud835\udd32\ud835\udd24\ud835\udd22\ud835\udd2c\ud835\udd26\ud835\udd2f\ud835\udd30<\/p>\n\n\n\n<p class=\"has-text-align-right has-small-font-size\">Bougeoirs fa\u00e7onn\u00e9s dans les bois sombres du chevreuil, portant la lumi\u00e8re comme un souffle ancien. Chaque courbe murmure la trace sauvage, chaque flamme y trouve refuge.<\/p>\n\n\n\n<p class=\"has-text-align-center has-large-font-size\">\/\/<\/p>\n\n\n\n<p class=\"has-text-align-right has-text-color has-link-color has-small-font-size wp-elements-f43f3bc553edbb7804104714b134e865\" style=\"color:#cccccc\">Candlesticks shaped from the dark woods of the deer, carrying the light like an ancient breath. Each curve whispers the wild trace, each flame finds refuge there.<\/p>\n\n\n\n<p class=\"has-text-align-center has-small-font-size\">Pi\u00e8ces uniques<\/p>\n\n\n\n<p class=\"has-text-align-center has-medium-font-size\">EUR 29.50<\/p>\n\n\n\n<div style=\"height:10px\" aria-hidden=\"true\" class=\"wp-block-spacer\"><\/div>\n<\/div>\n\n\n\n<div class=\"wp-block-column is-vertically-aligned-top is-layout-flow wp-block-column-is-layout-flow\" style=\"flex-basis:66.66%\">\n<figure class=\"wp-block-gallery has-nested-images columns-default is-cropped wp-block-gallery-1 is-layout-flex wp-block-gallery-is-layout-flex\">\n<figure data-wp-context=\"{&quot;imageId&quot;:&quot;69d3d56290921&quot;}\" data-wp-interactive=\"core\/image\" data-wp-key=\"69d3d56290921\" class=\"wp-block-image size-full hvr-grow-shadow wp-lightbox-container\"><img loading=\"lazy\" decoding=\"async\" width=\"600\" height=\"800\" data-wp-class--hide=\"state.isContentHidden\" data-wp-class--show=\"state.isContentVisible\" data-wp-init=\"callbacks.setButtonStyles\" data-wp-on--click=\"actions.showLightbox\" data-wp-on--load=\"callbacks.setButtonStyles\" data-wp-on-window--resize=\"callbacks.setButtonStyles\" data-id=\"2724\" src=\"https:\/\/adopteuncrane.fr\/wp-content\/uploads\/2025\/12\/il_1140xN-Photoroom.jpg\" alt=\"\" class=\"wp-image-2724\" srcset=\"https:\/\/adopteuncrane.fr\/wp-content\/uploads\/2025\/12\/il_1140xN-Photoroom.jpg 600w, https:\/\/adopteuncrane.fr\/wp-content\/uploads\/2025\/12\/il_1140xN-Photoroom-225x300.jpg 225w\" sizes=\"auto, (max-width: 600px) 100vw, 600px\" \/><button\n\t\t\tclass=\"lightbox-trigger\"\n\t\t\ttype=\"button\"\n\t\t\taria-haspopup=\"dialog\"\n\t\t\taria-label=\"Agrandir\"\n\t\t\tdata-wp-init=\"callbacks.initTriggerButton\"\n\t\t\tdata-wp-on--click=\"actions.showLightbox\"\n\t\t\tdata-wp-style--right=\"state.imageButtonRight\"\n\t\t\tdata-wp-style--top=\"state.imageButtonTop\"\n\t\t>\n\t\t\t<svg xmlns=\"http:\/\/www.w3.org\/2000\/svg\" width=\"12\" height=\"12\" fill=\"none\" viewBox=\"0 0 12 12\">\n\t\t\t\t<path fill=\"#fff\" d=\"M2 0a2 2 0 0 0-2 2v2h1.5V2a.5.5 0 0 1 .5-.5h2V0H2Zm2 10.5H2a.5.5 0 0 1-.5-.5V8H0v2a2 2 0 0 0 2 2h2v-1.5ZM8 12v-1.5h2a.5.5 0 0 0 .5-.5V8H12v2a2 2 0 0 1-2 2H8Zm2-12a2 2 0 0 1 2 2v2h-1.5V2a.5.5 0 0 0-.5-.5H8V0h2Z\" \/>\n\t\t\t<\/svg>\n\t\t<\/button><\/figure>\n<\/figure>\n\n\n\n<p class=\"has-small-font-size\">Photos clients:<\/p>\n\n\n\n<figure class=\"wp-block-gallery has-nested-images columns-3 is-cropped wp-block-gallery-2 is-layout-flex wp-block-gallery-is-layout-flex\">\n<figure data-wp-context=\"{&quot;imageId&quot;:&quot;69d3d56290ed9&quot;}\" data-wp-interactive=\"core\/image\" data-wp-key=\"69d3d56290ed9\" class=\"wp-block-image size-large hvr-grow-shadow wp-lightbox-container\"><img loading=\"lazy\" decoding=\"async\" width=\"640\" height=\"640\" data-wp-class--hide=\"state.isContentHidden\" data-wp-class--show=\"state.isContentVisible\" data-wp-init=\"callbacks.setButtonStyles\" data-wp-on--click=\"actions.showLightbox\" data-wp-on--load=\"callbacks.setButtonStyles\" data-wp-on-window--resize=\"callbacks.setButtonStyles\" data-id=\"2719\" src=\"https:\/\/adopteuncrane.fr\/wp-content\/uploads\/2025\/12\/bougeoirs1.jpg\" alt=\"\" class=\"wp-image-2719\" srcset=\"https:\/\/adopteuncrane.fr\/wp-content\/uploads\/2025\/12\/bougeoirs1.jpg 640w, https:\/\/adopteuncrane.fr\/wp-content\/uploads\/2025\/12\/bougeoirs1-300x300.jpg 300w, https:\/\/adopteuncrane.fr\/wp-content\/uploads\/2025\/12\/bougeoirs1-150x150.jpg 150w\" sizes=\"auto, (max-width: 640px) 100vw, 640px\" \/><button\n\t\t\tclass=\"lightbox-trigger\"\n\t\t\ttype=\"button\"\n\t\t\taria-haspopup=\"dialog\"\n\t\t\taria-label=\"Agrandir\"\n\t\t\tdata-wp-init=\"callbacks.initTriggerButton\"\n\t\t\tdata-wp-on--click=\"actions.showLightbox\"\n\t\t\tdata-wp-style--right=\"state.imageButtonRight\"\n\t\t\tdata-wp-style--top=\"state.imageButtonTop\"\n\t\t>\n\t\t\t<svg xmlns=\"http:\/\/www.w3.org\/2000\/svg\" width=\"12\" height=\"12\" fill=\"none\" viewBox=\"0 0 12 12\">\n\t\t\t\t<path fill=\"#fff\" d=\"M2 0a2 2 0 0 0-2 2v2h1.5V2a.5.5 0 0 1 .5-.5h2V0H2Zm2 10.5H2a.5.5 0 0 1-.5-.5V8H0v2a2 2 0 0 0 2 2h2v-1.5ZM8 12v-1.5h2a.5.5 0 0 0 .5-.5V8H12v2a2 2 0 0 1-2 2H8Zm2-12a2 2 0 0 1 2 2v2h-1.5V2a.5.5 0 0 0-.5-.5H8V0h2Z\" \/>\n\t\t\t<\/svg>\n\t\t<\/button><\/figure>\n\n\n\n<figure data-wp-context=\"{&quot;imageId&quot;:&quot;69d3d5629138f&quot;}\" data-wp-interactive=\"core\/image\" data-wp-key=\"69d3d5629138f\" class=\"wp-block-image size-large hvr-grow-shadow wp-lightbox-container\"><img loading=\"lazy\" decoding=\"async\" width=\"640\" height=\"640\" data-wp-class--hide=\"state.isContentHidden\" data-wp-class--show=\"state.isContentVisible\" data-wp-init=\"callbacks.setButtonStyles\" data-wp-on--click=\"actions.showLightbox\" data-wp-on--load=\"callbacks.setButtonStyles\" data-wp-on-window--resize=\"callbacks.setButtonStyles\" data-id=\"2721\" src=\"https:\/\/adopteuncrane.fr\/wp-content\/uploads\/2025\/12\/bougeoirs2.png\" alt=\"\" class=\"wp-image-2721\" srcset=\"https:\/\/adopteuncrane.fr\/wp-content\/uploads\/2025\/12\/bougeoirs2.png 640w, https:\/\/adopteuncrane.fr\/wp-content\/uploads\/2025\/12\/bougeoirs2-300x300.png 300w, https:\/\/adopteuncrane.fr\/wp-content\/uploads\/2025\/12\/bougeoirs2-150x150.png 150w\" sizes=\"auto, (max-width: 640px) 100vw, 640px\" \/><button\n\t\t\tclass=\"lightbox-trigger\"\n\t\t\ttype=\"button\"\n\t\t\taria-haspopup=\"dialog\"\n\t\t\taria-label=\"Agrandir\"\n\t\t\tdata-wp-init=\"callbacks.initTriggerButton\"\n\t\t\tdata-wp-on--click=\"actions.showLightbox\"\n\t\t\tdata-wp-style--right=\"state.imageButtonRight\"\n\t\t\tdata-wp-style--top=\"state.imageButtonTop\"\n\t\t>\n\t\t\t<svg xmlns=\"http:\/\/www.w3.org\/2000\/svg\" width=\"12\" height=\"12\" fill=\"none\" viewBox=\"0 0 12 12\">\n\t\t\t\t<path fill=\"#fff\" d=\"M2 0a2 2 0 0 0-2 2v2h1.5V2a.5.5 0 0 1 .5-.5h2V0H2Zm2 10.5H2a.5.5 0 0 1-.5-.5V8H0v2a2 2 0 0 0 2 2h2v-1.5ZM8 12v-1.5h2a.5.5 0 0 0 .5-.5V8H12v2a2 2 0 0 1-2 2H8Zm2-12a2 2 0 0 1 2 2v2h-1.5V2a.5.5 0 0 0-.5-.5H8V0h2Z\" \/>\n\t\t\t<\/svg>\n\t\t<\/button><\/figure>\n\n\n\n<figure data-wp-context=\"{&quot;imageId&quot;:&quot;69d3d562917cc&quot;}\" data-wp-interactive=\"core\/image\" data-wp-key=\"69d3d562917cc\" class=\"wp-block-image size-large hvr-grow-shadow wp-lightbox-container\"><img loading=\"lazy\" decoding=\"async\" width=\"640\" height=\"640\" data-wp-class--hide=\"state.isContentHidden\" data-wp-class--show=\"state.isContentVisible\" data-wp-init=\"callbacks.setButtonStyles\" data-wp-on--click=\"actions.showLightbox\" data-wp-on--load=\"callbacks.setButtonStyles\" data-wp-on-window--resize=\"callbacks.setButtonStyles\" data-id=\"2720\" src=\"https:\/\/adopteuncrane.fr\/wp-content\/uploads\/2025\/12\/bougeoirs3.png\" alt=\"\" class=\"wp-image-2720\" srcset=\"https:\/\/adopteuncrane.fr\/wp-content\/uploads\/2025\/12\/bougeoirs3.png 640w, https:\/\/adopteuncrane.fr\/wp-content\/uploads\/2025\/12\/bougeoirs3-300x300.png 300w, https:\/\/adopteuncrane.fr\/wp-content\/uploads\/2025\/12\/bougeoirs3-150x150.png 150w\" sizes=\"auto, (max-width: 640px) 100vw, 640px\" \/><button\n\t\t\tclass=\"lightbox-trigger\"\n\t\t\ttype=\"button\"\n\t\t\taria-haspopup=\"dialog\"\n\t\t\taria-label=\"Agrandir\"\n\t\t\tdata-wp-init=\"callbacks.initTriggerButton\"\n\t\t\tdata-wp-on--click=\"actions.showLightbox\"\n\t\t\tdata-wp-style--right=\"state.imageButtonRight\"\n\t\t\tdata-wp-style--top=\"state.imageButtonTop\"\n\t\t>\n\t\t\t<svg xmlns=\"http:\/\/www.w3.org\/2000\/svg\" width=\"12\" height=\"12\" fill=\"none\" viewBox=\"0 0 12 12\">\n\t\t\t\t<path fill=\"#fff\" d=\"M2 0a2 2 0 0 0-2 2v2h1.5V2a.5.5 0 0 1 .5-.5h2V0H2Zm2 10.5H2a.5.5 0 0 1-.5-.5V8H0v2a2 2 0 0 0 2 2h2v-1.5ZM8 12v-1.5h2a.5.5 0 0 0 .5-.5V8H12v2a2 2 0 0 1-2 2H8Zm2-12a2 2 0 0 1 2 2v2h-1.5V2a.5.5 0 0 0-.5-.5H8V0h2Z\" \/>\n\t\t\t<\/svg>\n\t\t<\/button><\/figure>\n\n\n\n<figure data-wp-context=\"{&quot;imageId&quot;:&quot;69d3d56291bf8&quot;}\" data-wp-interactive=\"core\/image\" data-wp-key=\"69d3d56291bf8\" class=\"wp-block-image size-large wp-lightbox-container\"><img loading=\"lazy\" decoding=\"async\" width=\"697\" height=\"1024\" data-wp-class--hide=\"state.isContentHidden\" data-wp-class--show=\"state.isContentVisible\" data-wp-init=\"callbacks.setButtonStyles\" data-wp-on--click=\"actions.showLightbox\" data-wp-on--load=\"callbacks.setButtonStyles\" data-wp-on-window--resize=\"callbacks.setButtonStyles\" data-id=\"2877\" src=\"https:\/\/adopteuncrane.fr\/wp-content\/uploads\/2026\/03\/g4-697x1024.jpeg\" alt=\"\" class=\"wp-image-2877\" srcset=\"https:\/\/adopteuncrane.fr\/wp-content\/uploads\/2026\/03\/g4-697x1024.jpeg 697w, https:\/\/adopteuncrane.fr\/wp-content\/uploads\/2026\/03\/g4-204x300.jpeg 204w, https:\/\/adopteuncrane.fr\/wp-content\/uploads\/2026\/03\/g4-768x1128.jpeg 768w, https:\/\/adopteuncrane.fr\/wp-content\/uploads\/2026\/03\/g4-1046x1536.jpeg 1046w, https:\/\/adopteuncrane.fr\/wp-content\/uploads\/2026\/03\/g4.jpeg 1394w\" sizes=\"auto, (max-width: 697px) 100vw, 697px\" \/><button\n\t\t\tclass=\"lightbox-trigger\"\n\t\t\ttype=\"button\"\n\t\t\taria-haspopup=\"dialog\"\n\t\t\taria-label=\"Agrandir\"\n\t\t\tdata-wp-init=\"callbacks.initTriggerButton\"\n\t\t\tdata-wp-on--click=\"actions.showLightbox\"\n\t\t\tdata-wp-style--right=\"state.imageButtonRight\"\n\t\t\tdata-wp-style--top=\"state.imageButtonTop\"\n\t\t>\n\t\t\t<svg xmlns=\"http:\/\/www.w3.org\/2000\/svg\" width=\"12\" height=\"12\" fill=\"none\" viewBox=\"0 0 12 12\">\n\t\t\t\t<path fill=\"#fff\" d=\"M2 0a2 2 0 0 0-2 2v2h1.5V2a.5.5 0 0 1 .5-.5h2V0H2Zm2 10.5H2a.5.5 0 0 1-.5-.5V8H0v2a2 2 0 0 0 2 2h2v-1.5ZM8 12v-1.5h2a.5.5 0 0 0 .5-.5V8H12v2a2 2 0 0 1-2 2H8Zm2-12a2 2 0 0 1 2 2v2h-1.5V2a.5.5 0 0 0-.5-.5H8V0h2Z\" \/>\n\t\t\t<\/svg>\n\t\t<\/button><\/figure>\n\n\n\n<figure data-wp-context=\"{&quot;imageId&quot;:&quot;69d3d5629201c&quot;}\" data-wp-interactive=\"core\/image\" data-wp-key=\"69d3d5629201c\" class=\"wp-block-image size-large wp-lightbox-container\"><img loading=\"lazy\" decoding=\"async\" width=\"697\" height=\"1024\" data-wp-class--hide=\"state.isContentHidden\" data-wp-class--show=\"state.isContentVisible\" data-wp-init=\"callbacks.setButtonStyles\" data-wp-on--click=\"actions.showLightbox\" data-wp-on--load=\"callbacks.setButtonStyles\" data-wp-on-window--resize=\"callbacks.setButtonStyles\" data-id=\"2874\" src=\"https:\/\/adopteuncrane.fr\/wp-content\/uploads\/2026\/03\/g1-697x1024.jpeg\" alt=\"\" class=\"wp-image-2874\" srcset=\"https:\/\/adopteuncrane.fr\/wp-content\/uploads\/2026\/03\/g1-697x1024.jpeg 697w, https:\/\/adopteuncrane.fr\/wp-content\/uploads\/2026\/03\/g1-204x300.jpeg 204w, https:\/\/adopteuncrane.fr\/wp-content\/uploads\/2026\/03\/g1-768x1128.jpeg 768w, https:\/\/adopteuncrane.fr\/wp-content\/uploads\/2026\/03\/g1-1046x1536.jpeg 1046w, https:\/\/adopteuncrane.fr\/wp-content\/uploads\/2026\/03\/g1.jpeg 1394w\" sizes=\"auto, (max-width: 697px) 100vw, 697px\" \/><button\n\t\t\tclass=\"lightbox-trigger\"\n\t\t\ttype=\"button\"\n\t\t\taria-haspopup=\"dialog\"\n\t\t\taria-label=\"Agrandir\"\n\t\t\tdata-wp-init=\"callbacks.initTriggerButton\"\n\t\t\tdata-wp-on--click=\"actions.showLightbox\"\n\t\t\tdata-wp-style--right=\"state.imageButtonRight\"\n\t\t\tdata-wp-style--top=\"state.imageButtonTop\"\n\t\t>\n\t\t\t<svg xmlns=\"http:\/\/www.w3.org\/2000\/svg\" width=\"12\" height=\"12\" fill=\"none\" viewBox=\"0 0 12 12\">\n\t\t\t\t<path fill=\"#fff\" d=\"M2 0a2 2 0 0 0-2 2v2h1.5V2a.5.5 0 0 1 .5-.5h2V0H2Zm2 10.5H2a.5.5 0 0 1-.5-.5V8H0v2a2 2 0 0 0 2 2h2v-1.5ZM8 12v-1.5h2a.5.5 0 0 0 .5-.5V8H12v2a2 2 0 0 1-2 2H8Zm2-12a2 2 0 0 1 2 2v2h-1.5V2a.5.5 0 0 0-.5-.5H8V0h2Z\" \/>\n\t\t\t<\/svg>\n\t\t<\/button><\/figure>\n<\/figure>\n<\/div>\n<\/div>\n\n\n\n<p class=\"has-text-align-right has-small-font-size\"><a href=\"http:\/\/adopteuncrane.fr\/?page_id=111\" data-type=\"page\" data-id=\"111\"><\/a><a href=\"http:\/\/adopteuncrane.fr\/?page_id=111\" data-type=\"page\" data-id=\"111\">&lt;&lt;bestiaire<\/a><\/p>\n\n\n\n<figure class=\"wp-block-image aligncenter size-large wp-duotone-rgb255254254-rgb000-3\"><img loading=\"lazy\" decoding=\"async\" width=\"1024\" height=\"1\" src=\"http:\/\/adopteuncrane.fr\/wp-content\/uploads\/2025\/10\/ligne-1024x1.png\" alt=\"\" class=\"wp-image-1444\" srcset=\"https:\/\/adopteuncrane.fr\/wp-content\/uploads\/2025\/10\/ligne-1024x1.png 1024w, https:\/\/adopteuncrane.fr\/wp-content\/uploads\/2025\/10\/ligne-300x1.png 300w, https:\/\/adopteuncrane.fr\/wp-content\/uploads\/2025\/10\/ligne-150x2.png 150w, https:\/\/adopteuncrane.fr\/wp-content\/uploads\/2025\/10\/ligne-768x1.png 768w, https:\/\/adopteuncrane.fr\/wp-content\/uploads\/2025\/10\/ligne-600x2.png 600w, https:\/\/adopteuncrane.fr\/wp-content\/uploads\/2025\/10\/ligne-100x1.png 100w, https:\/\/adopteuncrane.fr\/wp-content\/uploads\/2025\/10\/ligne-1536x2.png 1536w, https:\/\/adopteuncrane.fr\/wp-content\/uploads\/2025\/10\/ligne.png 1920w\" sizes=\"auto, (max-width: 1024px) 100vw, 1024px\" \/><\/figure>\n","protected":false},"excerpt":{"rendered":"<p>&lt;&lt;bestiaire \ud835\udd05\ud835\udd2c\ud835\udd32\ud835\udd24\ud835\udd22\ud835\udd2c\ud835\udd26\ud835\udd2f\ud835\udd30 Bougeoirs fa\u00e7onn\u00e9s dans les bois sombres du chevreuil, portant la lumi\u00e8re comme un souffle ancien. Chaque courbe murmure la trace sauvage, chaque flamme y trouve refuge. \/\/ Candlesticks shaped from the dark woods of the deer, carrying the light like an ancient breath. Each curve whispers the wild trace, each flame finds refuge [&hellip;]<\/p>\n","protected":false},"author":1,"featured_media":0,"parent":111,"menu_order":5,"comment_status":"closed","ping_status":"closed","template":"","meta":{"footnotes":""},"class_list":["post-1216","page","type-page","status-publish","hentry"],"_links":{"self":[{"href":"https:\/\/adopteuncrane.fr\/index.php?rest_route=\/wp\/v2\/pages\/1216","targetHints":{"allow":["GET"]}}],"collection":[{"href":"https:\/\/adopteuncrane.fr\/index.php?rest_route=\/wp\/v2\/pages"}],"about":[{"href":"https:\/\/adopteuncrane.fr\/index.php?rest_route=\/wp\/v2\/types\/page"}],"author":[{"embeddable":true,"href":"https:\/\/adopteuncrane.fr\/index.php?rest_route=\/wp\/v2\/users\/1"}],"replies":[{"embeddable":true,"href":"https:\/\/adopteuncrane.fr\/index.php?rest_route=%2Fwp%2Fv2%2Fcomments&post=1216"}],"version-history":[{"count":25,"href":"https:\/\/adopteuncrane.fr\/index.php?rest_route=\/wp\/v2\/pages\/1216\/revisions"}],"predecessor-version":[{"id":2878,"href":"https:\/\/adopteuncrane.fr\/index.php?rest_route=\/wp\/v2\/pages\/1216\/revisions\/2878"}],"up":[{"embeddable":true,"href":"https:\/\/adopteuncrane.fr\/index.php?rest_route=\/wp\/v2\/pages\/111"}],"wp:attachment":[{"href":"https:\/\/adopteuncrane.fr\/index.php?rest_route=%2Fwp%2Fv2%2Fmedia&parent=1216"}],"curies":[{"name":"wp","href":"https:\/\/api.w.org\/{rel}","templated":true}]}}