{"id":111,"date":"2025-10-10T13:15:08","date_gmt":"2025-10-10T13:15:08","guid":{"rendered":"http:\/\/adopteuncrane.fr\/?page_id=111"},"modified":"2026-02-14T16:30:23","modified_gmt":"2026-02-14T16:30:23","slug":"bestiaire","status":"publish","type":"page","link":"https:\/\/adopteuncrane.fr\/?page_id=111","title":{"rendered":"Bestiaire"},"content":{"rendered":"\n<div class=\"wp-block-cover aligncenter hvr-grow-shadow has-medium-font-size wp-duotone-unset-1\" style=\"border-style:none;border-width:0px;min-height:250px;aspect-ratio:unset;\"><img loading=\"lazy\" decoding=\"async\" width=\"650\" height=\"867\" class=\"wp-block-cover__image-background wp-image-363 size-full\" alt=\"Collection Fantasmagorik\" src=\"http:\/\/adopteuncrane.fr\/wp-content\/uploads\/2025\/10\/fox4.jpg\" data-object-fit=\"cover\" srcset=\"https:\/\/adopteuncrane.fr\/wp-content\/uploads\/2025\/10\/fox4.jpg 650w, https:\/\/adopteuncrane.fr\/wp-content\/uploads\/2025\/10\/fox4-225x300.jpg 225w\" sizes=\"auto, (max-width: 650px) 100vw, 650px\" \/><span aria-hidden=\"true\" class=\"wp-block-cover__background has-base-background-color has-background-dim\"><\/span><div class=\"wp-block-cover__inner-container is-layout-flow wp-block-cover-is-layout-flow\">\n<p class=\"has-text-align-center is-style-default has-custom-color-4-color has-text-color has-link-color wp-elements-07abe6ab2b211265c0da5fdd63dacb6c\" style=\"margin-top:0;margin-bottom:0;font-size:0rem\"><\/p>\n\n\n\n<div class=\"wp-block-columns is-layout-flex wp-container-core-columns-is-layout-28f84493 wp-block-columns-is-layout-flex\">\n<div class=\"wp-block-column is-layout-flow wp-block-column-is-layout-flow\">\n<div class=\"wp-block-columns is-layout-flex wp-container-core-columns-is-layout-28f84493 wp-block-columns-is-layout-flex\">\n<div class=\"wp-block-column is-layout-flow wp-block-column-is-layout-flow\">\n<p class=\"hvr-grow-shadow has-custom-color-4-color has-text-color has-link-color has-large-font-size wp-elements-5c440a273dca60a054fdaf7b069e096f\"><a href=\"http:\/\/adopteuncrane.fr\/?page_id=117\" data-type=\"link\" data-id=\"adopteuncrane.fr\/?page_id=117\">\ud835\udd09\ud835\udd1e\ud835\udd2b\ud835\udd31\ud835\udd1e\ud835\udd30\ud835\udd2a\ud835\udd1e\ud835\udd24\ud835\udd2c\ud835\udd2f\ud835\udd26\ud835\udd28<\/a><\/p>\n<\/div>\n\n\n\n<div class=\"wp-block-column is-layout-flow wp-block-column-is-layout-flow\">\n<p class=\"has-text-align-right has-contrast-color has-text-color has-link-color wp-elements-1f7fc03e2272cfe935985765754677a1\" style=\"font-size:clamp(0.875rem, 0.875rem + ((1vw - 0.2rem) * 0.227), 1rem);\">Des cr\u00e2nes r\u00e9invent\u00e9s dans un univers gothique et chim\u00e9rique.<br>Entre beaut\u00e9 et myst\u00e8re, chaque pi\u00e8ce c\u00e9l\u00e8bre la m\u00e9tamorphose du vivant en \u0153uvre d\u2019art \u2014 o\u00f9 l\u2019ombre se fait lumi\u00e8re et la mort, po\u00e9sie.<\/p>\n<\/div>\n<\/div>\n<\/div>\n<\/div>\n<\/div><\/div>\n\n\n\n<div class=\"wp-block-cover aligncenter hvr-grow-shadow has-medium-font-size\" style=\"min-height:250px;aspect-ratio:unset;\"><img loading=\"lazy\" decoding=\"async\" width=\"768\" height=\"1024\" class=\"wp-block-cover__image-background wp-image-121 size-large\" alt=\"Collection Black Occvlt\" src=\"http:\/\/adopteuncrane.fr\/wp-content\/uploads\/2025\/10\/IMG-20240817-WA0077-768x1024.jpg\" style=\"object-position:22% 66%\" data-object-fit=\"cover\" data-object-position=\"22% 66%\" srcset=\"https:\/\/adopteuncrane.fr\/wp-content\/uploads\/2025\/10\/IMG-20240817-WA0077-768x1024.jpg 768w, https:\/\/adopteuncrane.fr\/wp-content\/uploads\/2025\/10\/IMG-20240817-WA0077-225x300.jpg 225w, https:\/\/adopteuncrane.fr\/wp-content\/uploads\/2025\/10\/IMG-20240817-WA0077-1152x1536.jpg 1152w, https:\/\/adopteuncrane.fr\/wp-content\/uploads\/2025\/10\/IMG-20240817-WA0077.jpg 1512w\" sizes=\"auto, (max-width: 768px) 100vw, 768px\" \/><span aria-hidden=\"true\" class=\"wp-block-cover__background has-custom-color-6-background-color has-background-dim\"><\/span><div class=\"wp-block-cover__inner-container is-layout-flow wp-block-cover-is-layout-flow\">\n<p class=\"has-text-align-center\" style=\"font-size:0rem\">\ud835\udd87\ud835\udd91\ud835\udd86\ud835\udd88\ud835\udd90 \ud835\udd94\ud835\udd88\ud835\udd88\ud835\udd9b\ud835\udd91\ud835\udd99<\/p>\n\n\n\n<div class=\"wp-block-columns has-medium-font-size is-layout-flex wp-container-core-columns-is-layout-28f84493 wp-block-columns-is-layout-flex\">\n<div class=\"wp-block-column is-layout-flow wp-block-column-is-layout-flow\">\n<p class=\"hvr-grow-shadow has-custom-color-4-color has-text-color has-link-color has-large-font-size wp-elements-62c3fa20593cb75b08ce50e2b420a7ea\"><a href=\"http:\/\/adopteuncrane.fr\/?page_id=123\">\ud835\udd12\ud835\udd20\ud835\udd20\ud835\udd33\ud835\udd29\ud835\udd31\ud835\udd22 \ud835\udd2b\ud835\udd2c\ud835\udd26\ud835\udd2f<\/a><\/p>\n<\/div>\n\n\n\n<div class=\"wp-block-column is-layout-flow wp-block-column-is-layout-flow\">\n<p class=\"has-text-align-right has-custom-color-4-color has-text-color has-link-color wp-elements-b8498c949c210a93f8b8f28f5b4bc55d\" style=\"font-size:clamp(0.875rem, 0.875rem + ((1vw - 0.2rem) * 0.227), 1rem);\">Une immersion dans les arcanes du sacr\u00e9 noir.<br>Chaque cr\u00e2ne devient un talisman, empreint de symboles occultes et de rituels silencieux.<br>Un hommage \u00e0 la puissance du myst\u00e8re et \u00e0 la beaut\u00e9 du sombre.<\/p>\n<\/div>\n<\/div>\n<\/div><\/div>\n\n\n\n<div class=\"wp-block-cover aligncenter is-light hvr-grow-shadow has-medium-font-size\" style=\"min-height:250px;aspect-ratio:unset;\"><img loading=\"lazy\" decoding=\"async\" width=\"600\" height=\"800\" class=\"wp-block-cover__image-background wp-image-2346 size-full\" alt=\"Wyrd (cerf)\" src=\"http:\/\/adopteuncrane.fr\/wp-content\/uploads\/2025\/11\/adopt_wyrd.jpg\" style=\"object-position:46% 58%\" data-object-fit=\"cover\" data-object-position=\"46% 58%\" srcset=\"https:\/\/adopteuncrane.fr\/wp-content\/uploads\/2025\/11\/adopt_wyrd.jpg 600w, https:\/\/adopteuncrane.fr\/wp-content\/uploads\/2025\/11\/adopt_wyrd-225x300.jpg 225w, https:\/\/adopteuncrane.fr\/wp-content\/uploads\/2025\/11\/adopt_wyrd-100x133.jpg 100w\" sizes=\"auto, (max-width: 600px) 100vw, 600px\" \/><span aria-hidden=\"true\" class=\"wp-block-cover__background has-custom-color-4-background-color has-background-dim-30 has-background-dim\"><\/span><div class=\"wp-block-cover__inner-container has-global-padding is-layout-constrained wp-block-cover-is-layout-constrained\">\n<div class=\"wp-block-columns is-layout-flex wp-container-core-columns-is-layout-28f84493 wp-block-columns-is-layout-flex\">\n<div class=\"wp-block-column is-layout-flow wp-block-column-is-layout-flow\">\n<p class=\"hvr-grow-shadow has-custom-color-6-color has-text-color has-link-color has-large-font-size wp-elements-065116af678ae6af04e956b8e42d5f27\"><a href=\"http:\/\/adopteuncrane.fr\/?page_id=384\" data-type=\"page\" data-id=\"384\">\u211c\ud835\udd26\ud835\udd31\ud835\udd32\ud835\udd22\ud835\udd29<\/a><\/p>\n<\/div>\n\n\n\n<div class=\"wp-block-column is-layout-flow wp-block-column-is-layout-flow\">\n<p class=\"has-text-align-right has-custom-color-2-color has-text-color has-link-color wp-elements-dd8eb7cb3108dce5e7e4de187307d636\" style=\"font-size:clamp(0.875rem, 0.875rem + ((1vw - 0.2rem) * 0.227), 1rem);\">Ancr\u00e9e dans la terre et les traditions anciennes, cette collection invoque les esprits des peuples pa\u00efens.<br>Chaque cr\u00e2ne, qu&rsquo; il soit naturel, orn\u00e9 de symboles wicca ou  bien d\u2019inspirations nordiques, c\u00e9l\u00e8bre la nature, la magie primitive et la force des origines.<\/p>\n<\/div>\n<\/div>\n<\/div><\/div>\n\n\n\n<div class=\"wp-block-cover aligncenter is-light hvr-grow-shadow has-medium-font-size\" style=\"min-height:250px;aspect-ratio:unset;\"><img loading=\"lazy\" decoding=\"async\" width=\"600\" height=\"800\" class=\"wp-block-cover__image-background wp-image-1895 size-full\" alt=\"Bougeoirs\" src=\"http:\/\/adopteuncrane.fr\/wp-content\/uploads\/2025\/11\/il_1140xN-Photoroom.jpg\" style=\"object-position:48% 37%\" data-object-fit=\"cover\" data-object-position=\"48% 37%\" srcset=\"https:\/\/adopteuncrane.fr\/wp-content\/uploads\/2025\/11\/il_1140xN-Photoroom.jpg 600w, https:\/\/adopteuncrane.fr\/wp-content\/uploads\/2025\/11\/il_1140xN-Photoroom-225x300.jpg 225w, https:\/\/adopteuncrane.fr\/wp-content\/uploads\/2025\/11\/il_1140xN-Photoroom-100x133.jpg 100w\" sizes=\"auto, (max-width: 600px) 100vw, 600px\" \/><span aria-hidden=\"true\" class=\"wp-block-cover__background has-custom-color-4-background-color has-background-dim-30 has-background-dim\"><\/span><div class=\"wp-block-cover__inner-container has-global-padding is-layout-constrained wp-block-cover-is-layout-constrained\">\n<div class=\"wp-block-columns is-layout-flex wp-container-core-columns-is-layout-28f84493 wp-block-columns-is-layout-flex\">\n<div class=\"wp-block-column is-layout-flow wp-block-column-is-layout-flow\" style=\"flex-basis:100%\">\n<div class=\"wp-block-columns is-layout-flex wp-container-core-columns-is-layout-28f84493 wp-block-columns-is-layout-flex\">\n<div class=\"wp-block-column is-layout-flow wp-block-column-is-layout-flow\">\n<p class=\"hvr-grow-shadow has-custom-color-2-color has-text-color has-link-color has-large-font-size wp-elements-c8763863252228ebcc04e5ddd89086af\"><a href=\"http:\/\/adopteuncrane.fr\/?page_id=1216\" data-type=\"page\" data-id=\"1216\">\ud835\udd05\ud835\udd2c\ud835\udd32\ud835\udd24\ud835\udd22\ud835\udd2c\ud835\udd26\ud835\udd2f\ud835\udd30<\/a><\/p>\n<\/div>\n\n\n\n<div class=\"wp-block-column is-layout-flow wp-block-column-is-layout-flow\">\n<p class=\"has-text-align-right has-small-font-size\">Bougeoirs fa\u00e7onn\u00e9s dans les bois sombres du chevreuil portent la lumi\u00e8re comme un souffle ancien. Chaque courbe murmure la trace sauvage, chaque flamme y trouve refuge.<\/p>\n<\/div>\n<\/div>\n<\/div>\n<\/div>\n<\/div><\/div>\n\n\n\n<div class=\"wp-block-cover aligncenter hvr-grow-shadow has-medium-font-size\" style=\"min-height:250px;aspect-ratio:unset;\"><img loading=\"lazy\" decoding=\"async\" width=\"600\" height=\"800\" class=\"wp-block-cover__image-background wp-image-2342 size-full\" alt=\"Shavn(s) ov the dead (moutons)\" src=\"http:\/\/adopteuncrane.fr\/wp-content\/uploads\/2025\/11\/adopt_shauns.jpg\" style=\"object-position:45% 42%\" data-object-fit=\"cover\" data-object-position=\"45% 42%\" srcset=\"https:\/\/adopteuncrane.fr\/wp-content\/uploads\/2025\/11\/adopt_shauns.jpg 600w, https:\/\/adopteuncrane.fr\/wp-content\/uploads\/2025\/11\/adopt_shauns-225x300.jpg 225w, https:\/\/adopteuncrane.fr\/wp-content\/uploads\/2025\/11\/adopt_shauns-100x133.jpg 100w\" sizes=\"auto, (max-width: 600px) 100vw, 600px\" \/><span aria-hidden=\"true\" class=\"wp-block-cover__background has-custom-color-2-background-color has-background-dim-60 has-background-dim\"><\/span><div class=\"wp-block-cover__inner-container has-global-padding is-layout-constrained wp-block-cover-is-layout-constrained\">\n<div class=\"wp-block-columns is-layout-flex wp-container-core-columns-is-layout-28f84493 wp-block-columns-is-layout-flex\">\n<div class=\"wp-block-column is-layout-flow wp-block-column-is-layout-flow\">\n<p class=\"hvr-grow-shadow has-contrast-color has-text-color has-link-color has-large-font-size wp-elements-71114b84f7b5b38dadbec34dd984377e\"><a href=\"http:\/\/adopteuncrane.fr\/?page_id=410\" data-type=\"page\" data-id=\"410\">\ud835\udd04\ud835\udd21\ud835\udd2c\ud835\udd2d\ud835\udd31\ud835\udd26\ud835\udd2c\ud835\udd2b\ud835\udd30<\/a><\/p>\n<\/div>\n\n\n\n<div class=\"wp-block-column is-layout-flow wp-block-column-is-layout-flow\"><\/div>\n<\/div>\n<\/div><\/div>\n\n\n\n<figure class=\"wp-block-image aligncenter size-large wp-duotone-rgb000-rgb25500-2\"><img loading=\"lazy\" decoding=\"async\" width=\"1024\" height=\"1\" src=\"http:\/\/adopteuncrane.fr\/wp-content\/uploads\/2025\/10\/ligne-1024x1.png\" alt=\"\" class=\"wp-image-1444\" srcset=\"https:\/\/adopteuncrane.fr\/wp-content\/uploads\/2025\/10\/ligne-1024x1.png 1024w, https:\/\/adopteuncrane.fr\/wp-content\/uploads\/2025\/10\/ligne-300x1.png 300w, https:\/\/adopteuncrane.fr\/wp-content\/uploads\/2025\/10\/ligne-150x2.png 150w, https:\/\/adopteuncrane.fr\/wp-content\/uploads\/2025\/10\/ligne-768x1.png 768w, https:\/\/adopteuncrane.fr\/wp-content\/uploads\/2025\/10\/ligne-600x2.png 600w, https:\/\/adopteuncrane.fr\/wp-content\/uploads\/2025\/10\/ligne-100x1.png 100w, https:\/\/adopteuncrane.fr\/wp-content\/uploads\/2025\/10\/ligne-1536x2.png 1536w, https:\/\/adopteuncrane.fr\/wp-content\/uploads\/2025\/10\/ligne.png 1920w\" sizes=\"auto, (max-width: 1024px) 100vw, 1024px\" \/><\/figure>\n","protected":false},"excerpt":{"rendered":"","protected":false},"author":1,"featured_media":2436,"parent":0,"menu_order":2,"comment_status":"open","ping_status":"closed","template":"","meta":{"footnotes":""},"class_list":["post-111","page","type-page","status-publish","has-post-thumbnail","hentry"],"_links":{"self":[{"href":"https:\/\/adopteuncrane.fr\/index.php?rest_route=\/wp\/v2\/pages\/111","targetHints":{"allow":["GET"]}}],"collection":[{"href":"https:\/\/adopteuncrane.fr\/index.php?rest_route=\/wp\/v2\/pages"}],"about":[{"href":"https:\/\/adopteuncrane.fr\/index.php?rest_route=\/wp\/v2\/types\/page"}],"author":[{"embeddable":true,"href":"https:\/\/adopteuncrane.fr\/index.php?rest_route=\/wp\/v2\/users\/1"}],"replies":[{"embeddable":true,"href":"https:\/\/adopteuncrane.fr\/index.php?rest_route=%2Fwp%2Fv2%2Fcomments&post=111"}],"version-history":[{"count":88,"href":"https:\/\/adopteuncrane.fr\/index.php?rest_route=\/wp\/v2\/pages\/111\/revisions"}],"predecessor-version":[{"id":2787,"href":"https:\/\/adopteuncrane.fr\/index.php?rest_route=\/wp\/v2\/pages\/111\/revisions\/2787"}],"wp:featuredmedia":[{"embeddable":true,"href":"https:\/\/adopteuncrane.fr\/index.php?rest_route=\/wp\/v2\/media\/2436"}],"wp:attachment":[{"href":"https:\/\/adopteuncrane.fr\/index.php?rest_route=%2Fwp%2Fv2%2Fmedia&parent=111"}],"curies":[{"name":"wp","href":"https:\/\/api.w.org\/{rel}","templated":true}]}}